{"id":2376,"date":"2025-09-02T13:15:25","date_gmt":"2025-09-02T13:15:25","guid":{"rendered":"https:\/\/rongapartment.com\/?post_type=product&#038;p=2376"},"modified":"2025-10-12T10:55:03","modified_gmt":"2025-10-12T10:55:03","slug":"833-middle-huaihai-roadhuangu-districshanghai","status":"publish","type":"product","link":"https:\/\/rongapartment.com\/fr\/produit\/833-middle-huaihai-roadhuangu-districshanghai\/","title":{"rendered":"833 Middle Huaihai Road, Huangu Distric, Shanghai"},"content":{"rendered":"<p><strong>Un sanctuaire urbain \u00e0 l'habitat raffin\u00e9 sur la Middle Huaihai Road<\/strong><\/p>\n<p>Nich\u00e9 dans la Lane 833, Middle Huaihai Road, cet appartement se trouve dans l'une des rues les plus chics, les plus \u00e0 la mode et les plus caract\u00e9ristiques de Shanghai. Il incarne une philosophie de conception o\u00f9 la structure minimaliste rencontre l'\u00e2me d'un luxe l\u00e9ger et une esth\u00e9tique cr\u00e9meuse, articulant un art de vivre tranquille et sophistiqu\u00e9.<\/p>\n<p>L'espace est baign\u00e9 de vastes et doux tons de cr\u00e8me, \u00e9tablissant une base chaleureuse et apaisante. Les d\u00e9corations ornementales sont abandonn\u00e9es au profit de lignes fluides et \u00e9pur\u00e9es et de formes g\u00e9om\u00e9triques simples qui dessinent un environnement ouvert et a\u00e9r\u00e9. Les textures luxueuses se r\u00e9v\u00e8lent dans les d\u00e9tails : le dialogue entre les canap\u00e9s en velours et les luminaires m\u00e9talliques cr\u00e9e un riche contraste tactile, tandis que la lumi\u00e8re naturelle filtr\u00e9e par des rideaux transparents jette un voile doux et lumineux sur l'int\u00e9rieur.<\/p>\n<p>Le dressing et la cuisine, tous deux fonctionnels, adh\u00e8rent \u00e0 l'\u00e9thique minimaliste, r\u00e9alisant une synergie parfaite entre l'esth\u00e9tique et l'aspect pratique.<\/p>\n<p>Excellentes liaisons de transport<br \/>\nLa r\u00e9sidence b\u00e9n\u00e9ficie d'une proximit\u00e9 exceptionnelle avec la ligne de m\u00e9tro 13 (station Middle Huaihai Road), avec un acc\u00e8s facile \u00e0 un r\u00e9seau d'autres lignes (1, 8, 10, 12) et \u00e0 de nombreux arr\u00eats de bus, ce qui permet de se rendre sans effort dans les principaux quartiers commerciaux de la ville.<\/p>\n<p>Des \u00e9quipements complets<br \/>\nCommerces et loisirs : \u00e0 quelques pas de centres commerciaux de luxe tels que K11 Art Mall, Hong Kong Plaza et Times Square, ainsi que de hauts lieux de la mode et des tendances. - Sant\u00e9 : \u00c0 proximit\u00e9 d'institutions m\u00e9dicales renomm\u00e9es telles que l'h\u00f4pital Ruijin, affili\u00e9 \u00e0 l'\u00e9cole de m\u00e9decine de l'universit\u00e9 Jiao Tong de Shanghai, et l'h\u00f4pital Huashan, affili\u00e9 \u00e0 l'universit\u00e9 Fudan.<\/p>\n<p>Choisir cet appartement, c'est s'impr\u00e9gner de la vie tr\u00e9pidante de Shanghai sans renoncer \u00e0 un style de vie \u00e9l\u00e9gant et romantique. C'est un choix sans \u00e9quivoque pour les personnes exigeantes qui recherchent un mode de vie de qualit\u00e9.<br \/>\n<iframe title=\"833 Middle Huaihai Road, Huangu Distric, Shanghai\" src=\"https:\/\/www.youtube.com\/embed\/dZ3xhBlL4gw\" width=\"344\" height=\"612\" frameborder=\"0\" allowfullscreen=\"allowfullscreen\"><\/iframe><\/p>","protected":false},"excerpt":{"rendered":"<p><strong>Etage : Deuxi\u00e8me \u00e9tage<\/strong><br \/>\n<strong>Caract\u00e9ristiques : Une chambre, deux salles de s\u00e9jour, une salle de bains et un vestiaire.<\/strong><br \/>\n<strong>Taille : 60sqm<\/strong><\/p>","protected":false},"featured_media":2377,"template":"","meta":{"site-sidebar-layout":"default","site-content-layout":"","ast-site-content-layout":"default","site-content-style":"default","site-sidebar-style":"default","ast-global-header-display":"","ast-banner-title-visibility":"","ast-main-header-display":"","ast-hfb-above-header-display":"","ast-hfb-below-header-display":"","ast-hfb-mobile-header-display":"","site-post-title":"","ast-breadcrumbs-content":"","ast-featured-img":"","footer-sml-layout":"","theme-transparent-header-meta":"default","adv-header-id-meta":"","stick-header-meta":"","header-above-stick-meta":"","header-main-stick-meta":"","header-below-stick-meta":"","astra-migrate-meta-layouts":"set","ast-page-background-enabled":"default","ast-page-background-meta":{"desktop":{"background-color":"","background-image":"","background-repeat":"repeat","background-position":"center center","background-size":"auto","background-attachment":"scroll","background-type":"","background-media":"","overlay-type":"","overlay-color":"","overlay-opacity":"","overlay-gradient":""},"tablet":{"background-color":"","background-image":"","background-repeat":"repeat","background-position":"center center","background-size":"auto","background-attachment":"scroll","background-type":"","background-media":"","overlay-type":"","overlay-color":"","overlay-opacity":"","overlay-gradient":""},"mobile":{"background-color":"","background-image":"","background-repeat":"repeat","background-position":"center center","background-size":"auto","background-attachment":"scroll","background-type":"","background-media":"","overlay-type":"","overlay-color":"","overlay-opacity":"","overlay-gradient":""}},"ast-content-background-meta":{"desktop":{"background-color":"var(--ast-global-color-5)","background-image":"","background-repeat":"repeat","background-position":"center center","background-size":"auto","background-attachment":"scroll","background-type":"","background-media":"","overlay-type":"","overlay-color":"","overlay-opacity":"","overlay-gradient":""},"tablet":{"background-color":"var(--ast-global-color-5)","background-image":"","background-repeat":"repeat","background-position":"center center","background-size":"auto","background-attachment":"scroll","background-type":"","background-media":"","overlay-type":"","overlay-color":"","overlay-opacity":"","overlay-gradient":""},"mobile":{"background-color":"var(--ast-global-color-5)","background-image":"","background-repeat":"repeat","background-position":"center center","background-size":"auto","background-attachment":"scroll","background-type":"","background-media":"","overlay-type":"","overlay-color":"","overlay-opacity":"","overlay-gradient":""}}},"product_brand":[],"product_cat":[52,32,53],"product_tag":[],"class_list":{"0":"post-2376","1":"product","2":"type-product","3":"status-publish","4":"has-post-thumbnail","6":"product_cat-long-stay","7":"product_cat-shanghai","8":"product_cat-shanghai-long-stay","9":"desktop-align-left","10":"tablet-align-left","11":"mobile-align-left","13":"first","14":"instock","15":"virtual","16":"sold-individually","17":"purchasable","18":"product-type-booking"},"_links":{"self":[{"href":"https:\/\/rongapartment.com\/fr\/wp-json\/wp\/v2\/product\/2376","targetHints":{"allow":["GET"]}}],"collection":[{"href":"https:\/\/rongapartment.com\/fr\/wp-json\/wp\/v2\/product"}],"about":[{"href":"https:\/\/rongapartment.com\/fr\/wp-json\/wp\/v2\/types\/product"}],"wp:featuredmedia":[{"embeddable":true,"href":"https:\/\/rongapartment.com\/fr\/wp-json\/wp\/v2\/media\/2377"}],"wp:attachment":[{"href":"https:\/\/rongapartment.com\/fr\/wp-json\/wp\/v2\/media?parent=2376"}],"wp:term":[{"taxonomy":"product_brand","embeddable":true,"href":"https:\/\/rongapartment.com\/fr\/wp-json\/wp\/v2\/product_brand?post=2376"},{"taxonomy":"product_cat","embeddable":true,"href":"https:\/\/rongapartment.com\/fr\/wp-json\/wp\/v2\/product_cat?post=2376"},{"taxonomy":"product_tag","embeddable":true,"href":"https:\/\/rongapartment.com\/fr\/wp-json\/wp\/v2\/product_tag?post=2376"}],"curies":[{"name":"wp","href":"https:\/\/api.w.org\/{rel}","templated":true}]}}