{"id":2360,"date":"2025-09-02T13:05:40","date_gmt":"2025-09-02T13:05:40","guid":{"rendered":"https:\/\/rongapartment.com\/?post_type=product&#038;p=2360"},"modified":"2025-10-12T10:36:46","modified_gmt":"2025-10-12T10:36:46","slug":"nanshan-apartmentnanshan-districtshenzhen","status":"publish","type":"product","link":"https:\/\/rongapartment.com\/fr\/produit\/nanshan-apartmentnanshan-districtshenzhen\/","title":{"rendered":"Nanshan Apartment, Nanshan District, Shenzhen"},"content":{"rendered":"<p><strong>Appartements de la station de m\u00e9tro de Nanshan : Simples, \u00e9l\u00e9gants et pratiques<\/strong><\/p>\n<p>Les appartements situ\u00e9s \u00e0 proximit\u00e9 de la station de m\u00e9tro Nanshan constituent une r\u00e9sidence id\u00e9ale pour les professionnels urbains, gr\u00e2ce \u00e0 leur style simple et \u00e9l\u00e9gant et \u00e0 leur emplacement de choix. La d\u00e9coration int\u00e9rieure adopte une approche minimaliste moderne, mettant l'accent sur l'utilisation de l'espace et la fonctionnalit\u00e9, en incorporant souvent des mat\u00e9riaux en bois naturel, des peintures \u00e0 faible teneur en COV et des accents en pierre. Les fen\u00eatres allant du sol au plafond inondent les espaces d'une lumi\u00e8re naturelle abondante et offrent aux r\u00e9sidents une vue imprenable sur la ville.<\/p>\n<p>En termes d'\u00e9quipements, les appartements sont g\u00e9n\u00e9ralement dot\u00e9s d'appareils \u00e9lectrom\u00e9nagers de marque, de syst\u00e8mes domestiques intelligents (tels que des toilettes intelligentes, un syst\u00e8me de climatisation et des rideaux \u00e9lectriques), de projecteurs \u00e0 grand \u00e9cran et de lave-linge s\u00e9chants, entre autres installations modernes, cr\u00e9ant ainsi un environnement de vie confortable et efficace.<\/p>\n<p>Les appartements b\u00e9n\u00e9ficient d'avantages consid\u00e9rables en mati\u00e8re de transport, car ils sont souvent situ\u00e9s dans des zones desservies par deux lignes de m\u00e9tro (par exemple, les lignes 11 et 12 \u00e0 la station Nanshan). \u00c0 quelques minutes de marche de la station de m\u00e9tro, les r\u00e9sidents peuvent facilement acc\u00e9der \u00e0 des zones cl\u00e9s telles que le parc technologique de Nanshan, la base de Houhai, la zone de coop\u00e9ration de Qianhai et l'a\u00e9roport international de Shenzhen Bao'an.<\/p>\n<p>L'infrastructure environnante est bien d\u00e9velopp\u00e9e, avec la proximit\u00e9 de grands centres commerciaux comme Raffles City et Coastal City, ainsi que d'installations culturelles et de loisirs comme Nanshan Book City et Lixiang Park. Les services de la vie quotidienne, depuis les supermarch\u00e9s et les commerces de d\u00e9tail jusqu'aux soins de sant\u00e9 et \u00e0 l'\u00e9ducation, sont enti\u00e8rement disponibles et r\u00e9pondent aux besoins d'une vie de qualit\u00e9.<\/p>\n<p>Ces appartements combinent un design minimaliste, des moyens de transport pratiques et des \u00e9quipements complets, dans le but d'offrir aux r\u00e9sidents une exp\u00e9rience de vie confortable, efficace et \u00e9l\u00e9gante.<\/p>","protected":false},"excerpt":{"rendered":"<p><strong>Etage : Deuxi\u00e8me \u00e9tage<\/strong><br \/>\n<strong>Caract\u00e9ristiques : Deux chambres et une salle de bain<\/strong><br \/>\n<strong>Taille : 50sqm<\/strong><\/p>","protected":false},"featured_media":2361,"template":"","meta":{"site-sidebar-layout":"default","site-content-layout":"","ast-site-content-layout":"default","site-content-style":"default","site-sidebar-style":"default","ast-global-header-display":"","ast-banner-title-visibility":"","ast-main-header-display":"","ast-hfb-above-header-display":"","ast-hfb-below-header-display":"","ast-hfb-mobile-header-display":"","site-post-title":"","ast-breadcrumbs-content":"","ast-featured-img":"","footer-sml-layout":"","theme-transparent-header-meta":"default","adv-header-id-meta":"","stick-header-meta":"","header-above-stick-meta":"","header-main-stick-meta":"","header-below-stick-meta":"","astra-migrate-meta-layouts":"set","ast-page-background-enabled":"default","ast-page-background-meta":{"desktop":{"background-color":"","background-image":"","background-repeat":"repeat","background-position":"center center","background-size":"auto","background-attachment":"scroll","background-type":"","background-media":"","overlay-type":"","overlay-color":"","overlay-opacity":"","overlay-gradient":""},"tablet":{"background-color":"","background-image":"","background-repeat":"repeat","background-position":"center center","background-size":"auto","background-attachment":"scroll","background-type":"","background-media":"","overlay-type":"","overlay-color":"","overlay-opacity":"","overlay-gradient":""},"mobile":{"background-color":"","background-image":"","background-repeat":"repeat","background-position":"center center","background-size":"auto","background-attachment":"scroll","background-type":"","background-media":"","overlay-type":"","overlay-color":"","overlay-opacity":"","overlay-gradient":""}},"ast-content-background-meta":{"desktop":{"background-color":"var(--ast-global-color-5)","background-image":"","background-repeat":"repeat","background-position":"center center","background-size":"auto","background-attachment":"scroll","background-type":"","background-media":"","overlay-type":"","overlay-color":"","overlay-opacity":"","overlay-gradient":""},"tablet":{"background-color":"var(--ast-global-color-5)","background-image":"","background-repeat":"repeat","background-position":"center center","background-size":"auto","background-attachment":"scroll","background-type":"","background-media":"","overlay-type":"","overlay-color":"","overlay-opacity":"","overlay-gradient":""},"mobile":{"background-color":"var(--ast-global-color-5)","background-image":"","background-repeat":"repeat","background-position":"center center","background-size":"auto","background-attachment":"scroll","background-type":"","background-media":"","overlay-type":"","overlay-color":"","overlay-opacity":"","overlay-gradient":""}}},"product_brand":[],"product_cat":[34,56,52],"product_tag":[],"class_list":{"0":"post-2360","1":"product","2":"type-product","3":"status-publish","4":"has-post-thumbnail","6":"product_cat-guangdong","7":"product_cat-guangdong-long-stay","8":"product_cat-long-stay","9":"desktop-align-left","10":"tablet-align-left","11":"mobile-align-left","13":"first","14":"instock","15":"virtual","16":"sold-individually","17":"purchasable","18":"product-type-booking"},"_links":{"self":[{"href":"https:\/\/rongapartment.com\/fr\/wp-json\/wp\/v2\/product\/2360","targetHints":{"allow":["GET"]}}],"collection":[{"href":"https:\/\/rongapartment.com\/fr\/wp-json\/wp\/v2\/product"}],"about":[{"href":"https:\/\/rongapartment.com\/fr\/wp-json\/wp\/v2\/types\/product"}],"wp:featuredmedia":[{"embeddable":true,"href":"https:\/\/rongapartment.com\/fr\/wp-json\/wp\/v2\/media\/2361"}],"wp:attachment":[{"href":"https:\/\/rongapartment.com\/fr\/wp-json\/wp\/v2\/media?parent=2360"}],"wp:term":[{"taxonomy":"product_brand","embeddable":true,"href":"https:\/\/rongapartment.com\/fr\/wp-json\/wp\/v2\/product_brand?post=2360"},{"taxonomy":"product_cat","embeddable":true,"href":"https:\/\/rongapartment.com\/fr\/wp-json\/wp\/v2\/product_cat?post=2360"},{"taxonomy":"product_tag","embeddable":true,"href":"https:\/\/rongapartment.com\/fr\/wp-json\/wp\/v2\/product_tag?post=2360"}],"curies":[{"name":"wp","href":"https:\/\/api.w.org\/{rel}","templated":true}]}}