{"id":2343,"date":"2025-09-02T12:51:42","date_gmt":"2025-09-02T12:51:42","guid":{"rendered":"https:\/\/rongapartment.com\/?post_type=product&#038;p=2343"},"modified":"2025-10-11T16:33:25","modified_gmt":"2025-10-11T16:33:25","slug":"maison-dans-la-montagne-wuyi","status":"publish","type":"product","link":"https:\/\/rongapartment.com\/fr\/produit\/maison-dans-la-montagne-wuyi\/","title":{"rendered":"Maison dans la montagne Wuyi"},"content":{"rendered":"<p><strong><b>Retraite sur le th\u00e8me du bois dans la montagne de Wuyi : Un havre de paix naturel au milieu de l'ar\u00f4me du th\u00e9<\/b><\/strong><\/p>\n<p>R\u00e9put\u00e9e pour ses paysages spectaculaires de danxia et ses eaux \u00e9meraude, la montagne Wuyi captive \u00e9galement les visiteurs par sa profonde culture du th\u00e9. Ici, une s\u00e9rie de retraites allient harmonieusement un design en bois naturel \u00e0 une philosophie respectueuse de l'environnement, offrant aux voyageurs une exp\u00e9rience d'h\u00e9bergement unique.<\/p>\n<p>Ces retraites font un usage intensif de mat\u00e9riaux naturels tels que le bois et la pierre pour cr\u00e9er une atmosph\u00e8re simple, rustique, mais chaleureuse et sereine. Les structures en bambou et en bois, compl\u00e9t\u00e9es par un \u00e9clairage doux, \u00e9voquent un sentiment de tranquillit\u00e9 zen. Les chambres sont souvent dot\u00e9es de fen\u00eatres allant du sol au plafond et offrant une vue \u00e0 couper le souffle sur les champs de th\u00e9 \u00e0 perte de vue, les for\u00eats de sapins luxuriantes ou la mer de nuages en perp\u00e9tuelle \u00e9volution.<\/p>\n<p>Profond\u00e9ment ancr\u00e9s dans la culture du th\u00e9 de roche Wuyi, les centres de retraite proposent un programme d'\u00e9tude de la c\u00e9r\u00e9monie du th\u00e9 Dahongpao : les h\u00f4tes peuvent d\u00e9couvrir les processus traditionnels de fabrication du th\u00e9, de la cueillette \u00e0 la cuisson en passant par le roulage, participer \u00e0 des s\u00e9ances d'art du th\u00e9 guid\u00e9es par des ma\u00eetres pour apprendre les anciennes techniques d'infusion des dynasties Song et Ming, et m\u00eame se promener dans les plantations de th\u00e9 priv\u00e9es du centre de retraite pour s'impr\u00e9gner de \"l'essence de roche et de l'ar\u00f4me floral\" uniques du th\u00e9 de roche Wuyi.<\/p>\n<p>R\u00e9veillez-vous dans une mer de nuages avec une tasse de th\u00e9 et d\u00e9tendez-vous sous un ciel \u00e9toil\u00e9 au son du murmure des ruisseaux. Il ne s'agit pas d'une simple \u00e9tape dans votre voyage, mais d'une exp\u00e9rience immersive qui harmonise l'esth\u00e9tique naturelle avec la philosophie de la c\u00e9r\u00e9monie du th\u00e9.<\/p>","protected":false},"excerpt":{"rendered":"<p><strong><b>Etage : Deuxi\u00e8me \u00e9tage<\/b><\/strong><\/p>\n<p><strong><b>F<\/b><\/strong><strong><b>eature<\/b><\/strong><strong><b>:<\/b><\/strong><strong><b>\u00a0<\/b><\/strong><strong><b>Un<\/b><\/strong><strong><b>\u00a0chambre \u00e0 coucher<\/b><\/strong><strong><b>\u00a0et un<\/b><\/strong><strong><b>\u00a0salle de bain<\/b><\/strong><strong><b>\u00a0<\/b><\/strong><\/p>\n<p><strong><b>Taille : 10sqm<\/b><\/strong><\/p>\n<p>&nbsp;<\/p>\n<p><strong><b>Retraite sur le th\u00e8me du bois dans la montagne de Wuyi : Un havre de paix naturel au milieu de l'ar\u00f4me du th\u00e9<\/b><\/strong><\/p>\n<p>&nbsp;<\/p>","protected":false},"featured_media":2344,"template":"","meta":{"site-sidebar-layout":"default","site-content-layout":"","ast-site-content-layout":"default","site-content-style":"default","site-sidebar-style":"default","ast-global-header-display":"","ast-banner-title-visibility":"","ast-main-header-display":"","ast-hfb-above-header-display":"","ast-hfb-below-header-display":"","ast-hfb-mobile-header-display":"","site-post-title":"","ast-breadcrumbs-content":"","ast-featured-img":"","footer-sml-layout":"","theme-transparent-header-meta":"default","adv-header-id-meta":"","stick-header-meta":"","header-above-stick-meta":"","header-main-stick-meta":"","header-below-stick-meta":"","astra-migrate-meta-layouts":"set","ast-page-background-enabled":"default","ast-page-background-meta":{"desktop":{"background-color":"","background-image":"","background-repeat":"repeat","background-position":"center center","background-size":"auto","background-attachment":"scroll","background-type":"","background-media":"","overlay-type":"","overlay-color":"","overlay-opacity":"","overlay-gradient":""},"tablet":{"background-color":"","background-image":"","background-repeat":"repeat","background-position":"center center","background-size":"auto","background-attachment":"scroll","background-type":"","background-media":"","overlay-type":"","overlay-color":"","overlay-opacity":"","overlay-gradient":""},"mobile":{"background-color":"","background-image":"","background-repeat":"repeat","background-position":"center center","background-size":"auto","background-attachment":"scroll","background-type":"","background-media":"","overlay-type":"","overlay-color":"","overlay-opacity":"","overlay-gradient":""}},"ast-content-background-meta":{"desktop":{"background-color":"var(--ast-global-color-5)","background-image":"","background-repeat":"repeat","background-position":"center center","background-size":"auto","background-attachment":"scroll","background-type":"","background-media":"","overlay-type":"","overlay-color":"","overlay-opacity":"","overlay-gradient":""},"tablet":{"background-color":"var(--ast-global-color-5)","background-image":"","background-repeat":"repeat","background-position":"center center","background-size":"auto","background-attachment":"scroll","background-type":"","background-media":"","overlay-type":"","overlay-color":"","overlay-opacity":"","overlay-gradient":""},"mobile":{"background-color":"var(--ast-global-color-5)","background-image":"","background-repeat":"repeat","background-position":"center center","background-size":"auto","background-attachment":"scroll","background-type":"","background-media":"","overlay-type":"","overlay-color":"","overlay-opacity":"","overlay-gradient":""}}},"product_brand":[],"product_cat":[38,52],"product_tag":[],"class_list":{"0":"post-2343","1":"product","2":"type-product","3":"status-publish","4":"has-post-thumbnail","6":"product_cat-fujian","7":"product_cat-long-stay","8":"desktop-align-left","9":"tablet-align-left","10":"mobile-align-left","12":"first","13":"instock","14":"virtual","15":"sold-individually","16":"purchasable","17":"product-type-booking"},"_links":{"self":[{"href":"https:\/\/rongapartment.com\/fr\/wp-json\/wp\/v2\/product\/2343","targetHints":{"allow":["GET"]}}],"collection":[{"href":"https:\/\/rongapartment.com\/fr\/wp-json\/wp\/v2\/product"}],"about":[{"href":"https:\/\/rongapartment.com\/fr\/wp-json\/wp\/v2\/types\/product"}],"wp:featuredmedia":[{"embeddable":true,"href":"https:\/\/rongapartment.com\/fr\/wp-json\/wp\/v2\/media\/2344"}],"wp:attachment":[{"href":"https:\/\/rongapartment.com\/fr\/wp-json\/wp\/v2\/media?parent=2343"}],"wp:term":[{"taxonomy":"product_brand","embeddable":true,"href":"https:\/\/rongapartment.com\/fr\/wp-json\/wp\/v2\/product_brand?post=2343"},{"taxonomy":"product_cat","embeddable":true,"href":"https:\/\/rongapartment.com\/fr\/wp-json\/wp\/v2\/product_cat?post=2343"},{"taxonomy":"product_tag","embeddable":true,"href":"https:\/\/rongapartment.com\/fr\/wp-json\/wp\/v2\/product_tag?post=2343"}],"curies":[{"name":"wp","href":"https:\/\/api.w.org\/{rel}","templated":true}]}}