{"id":2000,"date":"2025-08-18T12:43:38","date_gmt":"2025-08-18T12:43:38","guid":{"rendered":"https:\/\/rongapartment.com\/?post_type=product&#038;p=2000"},"modified":"2025-10-12T10:37:32","modified_gmt":"2025-10-12T10:37:32","slug":"39-yongjia-roadhuangu-districshanghai","status":"publish","type":"product","link":"https:\/\/rongapartment.com\/fr\/produit\/39-yongjia-roadhuangu-districshanghai\/","title":{"rendered":"39 Yongjia Road, Huangu Distric, Shanghai"},"content":{"rendered":"<p><strong><b>Un appartement r\u00e9nov\u00e9 de r\u00eave sur Yongjia Road<\/b><\/strong><\/p>\n<p><strong><b>Situation privil\u00e9gi\u00e9e et ambiance romantique<\/b><\/strong><\/p>\n<p>Nich\u00e9 dans la rue Yongjia, dans le centre anim\u00e9 de Shanghai, cet appartement r\u00e9nov\u00e9 avec soin peut se vanter d'avoir un emplacement imbattable. La rue est bord\u00e9e de platanes qui projettent des ombres douces et cr\u00e9ent une ambiance romantique, \u00e0 l'image du vieux Shanghai. Elle est proche de South Shaanxi Road, South Maoming Road et Middle Fuxing Road.<\/p>\n<p>Le quartier environnant est un havre de commodit\u00e9. Vous y trouverez des centres commerciaux pour vos achats, la station de m\u00e9tro South Shaanxi Road pour vous d\u00e9placer facilement dans la ville, et des banques pour r\u00e9pondre \u00e0 vos besoins financiers. Une grande vari\u00e9t\u00e9 de restaurants est \u00e9galement \u00e0 port\u00e9e de main, pr\u00eats \u00e0 satisfaire toutes les envies, qu'il s'agisse de sp\u00e9cialit\u00e9s locales de Shanghai ou de saveurs internationales.<\/p>\n<p><strong><b>Proximit\u00e9 d'un centre culturel<\/b><\/strong><\/p>\n<p>Juste en face de l'appartement se trouve la Place de la Culture de Shanghai, un p\u00f4le d'attraction pour les amateurs d'art. Elle accueille r\u00e9guli\u00e8rement des com\u00e9dies musicales envo\u00fbtantes et de gracieux ballets. En vivant ici, vous pouvez vous immerger sans effort dans le monde des arts de la sc\u00e8ne, en prenant des billets de derni\u00e8re minute pour faire partie de la magie. C'est comme si vous \u00e9tiez aux premi\u00e8res loges de la vibrante sc\u00e8ne culturelle de Shanghai, ajoutant une touche artistique \u00e0 votre vie quotidienne.<\/p>\n<p><strong><b>Am\u00e9nagement pratique et confort moderne<\/b><\/strong><\/p>\n<p>Cet appartement dispose d'une chambre, d'un salon et d'une salle de bain fonctionnels. \u00c9quip\u00e9 de l'air conditionn\u00e9, il assure un environnement de vie confortable tout au long de l'ann\u00e9e. L'int\u00e9rieur est lumineux et a\u00e9r\u00e9, avec un design \u00e9pur\u00e9 qui maximise l'espace. L'espace de vie, avec son d\u00e9cor simple mais \u00e9l\u00e9gant, est parfait pour se d\u00e9tendre apr\u00e8s une longue journ\u00e9e. La cuisine est \u00e9quip\u00e9e d'appareils de base et la chambre \u00e0 coucher offre une retraite paisible, ce qui en fait un logement id\u00e9al pour les c\u00e9libataires ou les couples.<\/p>\n<p><strong><b>Le charme historique rencontre la modernit\u00e9<\/b><\/strong><\/p>\n<p>Install\u00e9 dans un b\u00e2timent historique de Shanghai, cet appartement vous permet de d\u00e9couvrir le rythme nostalgique de la vie du vieux Shanghai tout en profitant de r\u00e9novations modernes et exquises. L'architecture classique du b\u00e2timent \u00e9voque des histoires du pass\u00e9, tandis que l'int\u00e9rieur a \u00e9t\u00e9 modernis\u00e9 pour r\u00e9pondre aux normes contemporaines. Il s'agit d'un m\u00e9lange unique qui vous permet de vous impr\u00e9gner de la riche histoire de la ville dans un cadre confortable et \u00e9l\u00e9gant.<br \/>\n<iframe style=\"border: 0;\" src=\"https:\/\/www.google.com\/maps\/embed?pb=!1m18!1m12!1m3!1d3412.390461685938!2d121.45974507526267!3d31.209909974357625!2m3!1f0!2f0!3f0!3m2!1i1024!2i768!4f13.1!3m3!1m2!1s0x35b27aa6ae869271%3A0xc9f61d53c44dba49!2z5Lit5Zu95LiK5rW35biC6buE5rWm5Yy65rC45ZiJ6LevMzktMTDlj7cg6YKu5pS_57yW56CBOiAyMDAwMzE!5e0!3m2!1szh-CN!2s!4v1756120777829!5m2!1szh-CN!2s\" width=\"800\" height=\"600\" allowfullscreen=\"allowfullscreen\"><\/iframe><\/p>","protected":false},"excerpt":{"rendered":"<p><strong><b>Etage : Premier \u00e9tage<\/b><\/strong><\/p>\n<p><strong><b>F<\/b><\/strong><strong><b>eature<\/b><\/strong><strong><b>:<\/b><\/strong><strong><b>\u00a0<\/b><\/strong><strong><b>Un<\/b><\/strong><strong><b>\u00a0chambre \u00e0 coucher, <\/b><\/strong><strong><b>Un<\/b><\/strong><strong><b>\u00a0salon et <\/b><\/strong><strong><b>Un<\/b><\/strong><strong><b>\u00a0salle de bain<\/b><\/strong><\/p>\n<p><strong><b>Taille : 25m2<\/b><\/strong><\/p>\n<p>&nbsp;<\/p>","protected":false},"featured_media":2001,"template":"","meta":{"site-sidebar-layout":"default","site-content-layout":"","ast-site-content-layout":"default","site-content-style":"default","site-sidebar-style":"default","ast-global-header-display":"","ast-banner-title-visibility":"","ast-main-header-display":"","ast-hfb-above-header-display":"","ast-hfb-below-header-display":"","ast-hfb-mobile-header-display":"","site-post-title":"","ast-breadcrumbs-content":"","ast-featured-img":"","footer-sml-layout":"","theme-transparent-header-meta":"default","adv-header-id-meta":"","stick-header-meta":"","header-above-stick-meta":"","header-main-stick-meta":"","header-below-stick-meta":"","astra-migrate-meta-layouts":"set","ast-page-background-enabled":"default","ast-page-background-meta":{"desktop":{"background-color":"","background-image":"","background-repeat":"repeat","background-position":"center center","background-size":"auto","background-attachment":"scroll","background-type":"","background-media":"","overlay-type":"","overlay-color":"","overlay-opacity":"","overlay-gradient":""},"tablet":{"background-color":"","background-image":"","background-repeat":"repeat","background-position":"center center","background-size":"auto","background-attachment":"scroll","background-type":"","background-media":"","overlay-type":"","overlay-color":"","overlay-opacity":"","overlay-gradient":""},"mobile":{"background-color":"","background-image":"","background-repeat":"repeat","background-position":"center center","background-size":"auto","background-attachment":"scroll","background-type":"","background-media":"","overlay-type":"","overlay-color":"","overlay-opacity":"","overlay-gradient":""}},"ast-content-background-meta":{"desktop":{"background-color":"var(--ast-global-color-5)","background-image":"","background-repeat":"repeat","background-position":"center center","background-size":"auto","background-attachment":"scroll","background-type":"","background-media":"","overlay-type":"","overlay-color":"","overlay-opacity":"","overlay-gradient":""},"tablet":{"background-color":"var(--ast-global-color-5)","background-image":"","background-repeat":"repeat","background-position":"center center","background-size":"auto","background-attachment":"scroll","background-type":"","background-media":"","overlay-type":"","overlay-color":"","overlay-opacity":"","overlay-gradient":""},"mobile":{"background-color":"var(--ast-global-color-5)","background-image":"","background-repeat":"repeat","background-position":"center center","background-size":"auto","background-attachment":"scroll","background-type":"","background-media":"","overlay-type":"","overlay-color":"","overlay-opacity":"","overlay-gradient":""}}},"product_brand":[],"product_cat":[52,32,53],"product_tag":[],"class_list":{"0":"post-2000","1":"product","2":"type-product","3":"status-publish","4":"has-post-thumbnail","6":"product_cat-long-stay","7":"product_cat-shanghai","8":"product_cat-shanghai-long-stay","9":"desktop-align-left","10":"tablet-align-left","11":"mobile-align-left","13":"first","14":"instock","15":"virtual","16":"sold-individually","17":"purchasable","18":"product-type-booking"},"_links":{"self":[{"href":"https:\/\/rongapartment.com\/fr\/wp-json\/wp\/v2\/product\/2000","targetHints":{"allow":["GET"]}}],"collection":[{"href":"https:\/\/rongapartment.com\/fr\/wp-json\/wp\/v2\/product"}],"about":[{"href":"https:\/\/rongapartment.com\/fr\/wp-json\/wp\/v2\/types\/product"}],"wp:featuredmedia":[{"embeddable":true,"href":"https:\/\/rongapartment.com\/fr\/wp-json\/wp\/v2\/media\/2001"}],"wp:attachment":[{"href":"https:\/\/rongapartment.com\/fr\/wp-json\/wp\/v2\/media?parent=2000"}],"wp:term":[{"taxonomy":"product_brand","embeddable":true,"href":"https:\/\/rongapartment.com\/fr\/wp-json\/wp\/v2\/product_brand?post=2000"},{"taxonomy":"product_cat","embeddable":true,"href":"https:\/\/rongapartment.com\/fr\/wp-json\/wp\/v2\/product_cat?post=2000"},{"taxonomy":"product_tag","embeddable":true,"href":"https:\/\/rongapartment.com\/fr\/wp-json\/wp\/v2\/product_tag?post=2000"}],"curies":[{"name":"wp","href":"https:\/\/api.w.org\/{rel}","templated":true}]}}