{"id":1993,"date":"2025-08-18T12:37:33","date_gmt":"2025-08-18T12:37:33","guid":{"rendered":"https:\/\/rongapartment.com\/?post_type=product&#038;p=1993"},"modified":"2025-10-12T10:37:18","modified_gmt":"2025-10-12T10:37:18","slug":"225-ruijin-er-roadhuangu-districshanghai","status":"publish","type":"product","link":"https:\/\/rongapartment.com\/fr\/produit\/225-ruijin-er-roadhuangu-districshanghai\/","title":{"rendered":"225 Ruijin Er Road, Huangu Distric, Shanghai"},"content":{"rendered":"<p><strong><b>Un appartement r\u00e9nov\u00e9 exquis \u00e0 Ruijin <\/b><\/strong><strong><b>Er<\/b><\/strong><strong><b>\u00a0Route<\/b><\/strong><\/p>\n<p><strong><b>Situation privil\u00e9gi\u00e9e au centre de la ville<\/b><\/strong><\/p>\n<p>Nich\u00e9 sur Ruijin Er Road, en plein c\u0153ur de Shanghai, cet appartement r\u00e9nov\u00e9 avec soin b\u00e9n\u00e9ficie d'un emplacement imbattable. Le quartier environnant est un m\u00e9lange vibrant de n\u00e9cessit\u00e9s quotidiennes et d'options de divertissement. Vous trouverez \u00e0 proximit\u00e9 un march\u00e9 pour les produits frais, des centres commerciaux pour satisfaire vos besoins de shopping et la station de m\u00e9tro Dapuqiao pour vous d\u00e9placer sans encombre dans la ville. L'h\u00f4tel se trouve \u00e0 proximit\u00e9 de la route de l'h\u00f4pital Ruijin, ce qui vous place au centre de la commodit\u00e9. Des banques et un grand nombre de restaurants sont \u00e9galement \u00e0 proximit\u00e9, ce qui vous permet d'avoir tout \u00e0 port\u00e9e de main, que vous ayez besoin de r\u00e9gler des questions financi\u00e8res ou que vous ayez envie d'un d\u00e9licieux repas.<\/p>\n<p><strong><b>Agencement charmant et confort moderne<\/b><\/strong><\/p>\n<p>Cet appartement se compose d'une chambre, d'un salon et d'une salle de bains. \u00c9quip\u00e9 de l'air conditionn\u00e9, il garantit un environnement de vie confortable tout au long de l'ann\u00e9e. La d\u00e9coration int\u00e9rieure est un m\u00e9lange harmonieux de style et de fonctionnalit\u00e9. Le salon, avec ses planchers en bois poli et son canap\u00e9 blanc incurv\u00e9 unique, cr\u00e9e une atmosph\u00e8re confortable et accueillante. La cuisine est bien \u00e9quip\u00e9e, avec des armoires blanches, des appareils \u00e9lectrom\u00e9nagers essentiels comme un micro-ondes, et un grand espace de travail pour cuisiner. La chambre \u00e0 coucher offre une retraite paisible, et la salle de bains est con\u00e7ue pour la commodit\u00e9.<\/p>\n<p><strong><b>Proximit\u00e9 des attractions culturelles<\/b><\/strong><\/p>\n<p>L'un des principaux attraits de cet appartement est sa proximit\u00e9 avec des joyaux culturels. Vous pourrez vous rendre \u00e0 pied \u00e0 des attractions populaires telles que Tianzifang, o\u00f9 vous pourrez vous perdre dans les ruelles \u00e9troites remplies de boutiques d'art, de caf\u00e9s et d'architecture traditionnelle de style shangha\u00efen. Le Museum of Glass est \u00e9galement accessible \u00e0 pied et offre la possibilit\u00e9 de d\u00e9couvrir de magnifiques \u0153uvres d'art en verre et des expositions. En vivant ici, vous pourrez facilement vous immerger dans le riche patrimoine culturel de Shanghai pendant votre temps libre.<\/p>\n<p><strong><b>Un b\u00e2timent historique avec une touche de modernit\u00e9<\/b><\/strong><\/p>\n<p>Install\u00e9 dans un b\u00e2timent historique de Shanghai, cet appartement vous permet de d\u00e9couvrir le charme du vieux Shanghai tout en profitant de r\u00e9novations modernes et exquises. Le b\u00e2timent lui-m\u00eame porte le poids de l'histoire, avec ses \u00e9l\u00e9ments architecturaux classiques, mais l'int\u00e9rieur a \u00e9t\u00e9 modernis\u00e9 pour r\u00e9pondre aux normes de vie contemporaines. C'est un m\u00e9lange parfait, qui vous permet de ressentir le rythme nostalgique de la vie du vieux Shanghai dans un cadre confortable et \u00e9l\u00e9gant. Que vous soyez un jeune professionnel \u00e0 la recherche d'un logement urbain pratique ou quelqu'un qui appr\u00e9cie le m\u00e9lange d'histoire et de modernit\u00e9, cet appartement sur Ruijin Er Road est un choix id\u00e9al.<br \/>\n<iframe style=\"border: 0;\" src=\"https:\/\/www.google.com\/maps\/embed?pb=!1m18!1m12!1m3!1d3412.060941248774!2d121.46114227526307!3d31.21904097435332!2m3!1f0!2f0!3f0!3m2!1i1024!2i768!4f13.1!3m3!1m2!1s0x35b2700bfc051953%3A0x62008600c41750c2!2z5Lit5Zu95LiK5rW35biC6buE5rWm5Yy65aSn5Zy65rWm55Ge6YeR5YWs5a-TIOmCruaUv-e8lueggTogMjAwMDQx!5e0!3m2!1szh-CN!2s!4v1756120709493!5m2!1szh-CN!2s\" width=\"800\" height=\"600\" allowfullscreen=\"allowfullscreen\"><\/iframe><\/p>","protected":false},"excerpt":{"rendered":"<p><strong><b>Etage : Deuxi\u00e8me \u00e9tage<\/b><\/strong><\/p>\n<p><strong><b>F<\/b><\/strong><strong><b>eature<\/b><\/strong><strong><b>:<\/b><\/strong><strong><b>\u00a0<\/b><\/strong><strong><b>Un<\/b><\/strong><strong><b>\u00a0chambre \u00e0 coucher, <\/b><\/strong><strong><b>Un<\/b><\/strong><strong><b>\u00a0salon et <\/b><\/strong><strong><b>Un<\/b><\/strong><strong><b>\u00a0salle de bain<\/b><\/strong><\/p>\n<p><strong><b>Taille : 45sqm<\/b><\/strong><\/p>","protected":false},"featured_media":2232,"template":"","meta":{"site-sidebar-layout":"default","site-content-layout":"","ast-site-content-layout":"default","site-content-style":"default","site-sidebar-style":"default","ast-global-header-display":"","ast-banner-title-visibility":"","ast-main-header-display":"","ast-hfb-above-header-display":"","ast-hfb-below-header-display":"","ast-hfb-mobile-header-display":"","site-post-title":"","ast-breadcrumbs-content":"","ast-featured-img":"","footer-sml-layout":"","theme-transparent-header-meta":"default","adv-header-id-meta":"","stick-header-meta":"","header-above-stick-meta":"","header-main-stick-meta":"","header-below-stick-meta":"","astra-migrate-meta-layouts":"set","ast-page-background-enabled":"default","ast-page-background-meta":{"desktop":{"background-color":"","background-image":"","background-repeat":"repeat","background-position":"center center","background-size":"auto","background-attachment":"scroll","background-type":"","background-media":"","overlay-type":"","overlay-color":"","overlay-opacity":"","overlay-gradient":""},"tablet":{"background-color":"","background-image":"","background-repeat":"repeat","background-position":"center center","background-size":"auto","background-attachment":"scroll","background-type":"","background-media":"","overlay-type":"","overlay-color":"","overlay-opacity":"","overlay-gradient":""},"mobile":{"background-color":"","background-image":"","background-repeat":"repeat","background-position":"center center","background-size":"auto","background-attachment":"scroll","background-type":"","background-media":"","overlay-type":"","overlay-color":"","overlay-opacity":"","overlay-gradient":""}},"ast-content-background-meta":{"desktop":{"background-color":"var(--ast-global-color-5)","background-image":"","background-repeat":"repeat","background-position":"center center","background-size":"auto","background-attachment":"scroll","background-type":"","background-media":"","overlay-type":"","overlay-color":"","overlay-opacity":"","overlay-gradient":""},"tablet":{"background-color":"var(--ast-global-color-5)","background-image":"","background-repeat":"repeat","background-position":"center center","background-size":"auto","background-attachment":"scroll","background-type":"","background-media":"","overlay-type":"","overlay-color":"","overlay-opacity":"","overlay-gradient":""},"mobile":{"background-color":"var(--ast-global-color-5)","background-image":"","background-repeat":"repeat","background-position":"center center","background-size":"auto","background-attachment":"scroll","background-type":"","background-media":"","overlay-type":"","overlay-color":"","overlay-opacity":"","overlay-gradient":""}}},"product_brand":[],"product_cat":[52,32,53],"product_tag":[],"class_list":{"0":"post-1993","1":"product","2":"type-product","3":"status-publish","4":"has-post-thumbnail","6":"product_cat-long-stay","7":"product_cat-shanghai","8":"product_cat-shanghai-long-stay","9":"desktop-align-left","10":"tablet-align-left","11":"mobile-align-left","13":"first","14":"instock","15":"virtual","16":"sold-individually","17":"purchasable","18":"product-type-booking"},"_links":{"self":[{"href":"https:\/\/rongapartment.com\/fr\/wp-json\/wp\/v2\/product\/1993","targetHints":{"allow":["GET"]}}],"collection":[{"href":"https:\/\/rongapartment.com\/fr\/wp-json\/wp\/v2\/product"}],"about":[{"href":"https:\/\/rongapartment.com\/fr\/wp-json\/wp\/v2\/types\/product"}],"wp:featuredmedia":[{"embeddable":true,"href":"https:\/\/rongapartment.com\/fr\/wp-json\/wp\/v2\/media\/2232"}],"wp:attachment":[{"href":"https:\/\/rongapartment.com\/fr\/wp-json\/wp\/v2\/media?parent=1993"}],"wp:term":[{"taxonomy":"product_brand","embeddable":true,"href":"https:\/\/rongapartment.com\/fr\/wp-json\/wp\/v2\/product_brand?post=1993"},{"taxonomy":"product_cat","embeddable":true,"href":"https:\/\/rongapartment.com\/fr\/wp-json\/wp\/v2\/product_cat?post=1993"},{"taxonomy":"product_tag","embeddable":true,"href":"https:\/\/rongapartment.com\/fr\/wp-json\/wp\/v2\/product_tag?post=1993"}],"curies":[{"name":"wp","href":"https:\/\/api.w.org\/{rel}","templated":true}]}}