{"id":1976,"date":"2025-08-18T12:35:01","date_gmt":"2025-08-18T12:35:01","guid":{"rendered":"https:\/\/rongapartment.com\/?post_type=product&#038;p=1976"},"modified":"2025-10-12T10:40:53","modified_gmt":"2025-10-12T10:40:53","slug":"272-julu-roadhuangu-districshanghai","status":"publish","type":"product","link":"https:\/\/rongapartment.com\/fr\/produit\/272-julu-roadhuangu-districshanghai\/","title":{"rendered":"272 Julu Road, Huangu Distric, Shanghai"},"content":{"rendered":"<p><strong><b>Loft exquis sur la route de Julu, au centre de Shanghai<\/b><\/strong><\/p>\n<p>Nich\u00e9 au c\u0153ur de Shanghai, cet appartement Loft exquis situ\u00e9 sur Julu Road est une perle rare qui allie parfaitement le charme du vieux Shanghai et le confort moderne.<\/p>\n<p><strong><b>Emplacement de choix Excellence<\/b><\/strong><\/p>\n<p>L'emplacement est vraiment imbattable. Situ\u00e9 au centre de la ville, il est \u00e0 deux pas de Maoming Road. Cette situation privil\u00e9gi\u00e9e vous place \u00e0 l'\u00e9picentre de la commodit\u00e9 et de l'animation.<\/p>\n<p>Autour de l'appartement se trouve une pl\u00e9thore de commodit\u00e9s essentielles. Les centres commerciaux r\u00e9pondent \u00e0 vos besoins en mati\u00e8re de commerce de d\u00e9tail, qu'il s'agisse des derni\u00e8res tendances de la mode ou des produits de premi\u00e8re n\u00e9cessit\u00e9. En ce qui concerne les soins de sant\u00e9, les h\u00f4pitaux voisins offrent la tranquillit\u00e9 d'esprit. La station de m\u00e9tro situ\u00e9e \u00e0 proximit\u00e9 agit comme une passerelle, vous reliant sans effort \u00e0 tous les coins de Shanghai, ce qui facilite les trajets pour se rendre au travail ou explorer la ville. Les banques sont \u00e0 port\u00e9e de main pour les questions financi\u00e8res, et un large \u00e9ventail de restaurants vous donne l'embarras du choix, qu'il s'agisse de d\u00e9lices locaux ou de cuisines internationales.<\/p>\n<p><strong><b>Caract\u00e9ristiques de l'appartement<\/b><\/strong><\/p>\n<p>Il s'agit d'un appartement compos\u00e9 d'une chambre \u00e0 coucher, d'un salon et d'une salle de bains, con\u00e7u pour optimiser l'espace et le confort. \u00c9quip\u00e9 de l'air conditionn\u00e9, il assure un cadre de vie agr\u00e9able quelle que soit la saison.<\/p>\n<p>Ce qui le rend encore plus sp\u00e9cial, c'est qu'il est situ\u00e9 dans un b\u00e2timent historique de Shanghai. En vivant ici, vous vous impr\u00e9gnez du rythme unique de la vie du vieux Shanghai tout en profitant d'int\u00e9rieurs \u00e9l\u00e9gants, modernes et d\u00e9licieusement d\u00e9cor\u00e9s. Le style Loft ajoute une couche suppl\u00e9mentaire de caract\u00e8re, avec un plan ouvert qui cr\u00e9e un sentiment d'espace et d'a\u00e9ration.<\/p>\n<p><strong><b>Un mode de vie empreint de confort et de charme<\/b><\/strong><\/p>\n<p>Dans cet appartement, vous ne vous contentez pas d'un logement, vous adoptez un mode de vie qui combine le meilleur du pass\u00e9 et du pr\u00e9sent de Shanghai. L'architecture historique \u00e9voque des histoires d'antan, tandis que les \u00e9quipements et l'agencement modernes r\u00e9pondent aux normes de vie contemporaines.<\/p>\n<p>Que vous vous d\u00e9tendiez dans le salon confortable apr\u00e8s une journ\u00e9e d'exploration de la ville ou que vous profitiez de la commodit\u00e9 d'avoir tous les services essentiels \u00e0 port\u00e9e de main, cet appartement offre une exp\u00e9rience de vie difficile \u00e0 \u00e9galer. C'est un logement id\u00e9al pour ceux qui appr\u00e9cient l'attrait du Shanghai historique tout en exigeant le confort et la commodit\u00e9 d'une vie moderne.<\/p>\n<p>Ne manquez pas l'occasion de vous approprier ce loft exceptionnel sur Julu Road. Plus qu'une r\u00e9sidence, il s'agit d'une porte d'entr\u00e9e pour d\u00e9couvrir l'essence m\u00eame de Shanghai avec style.<br \/>\n<iframe style=\"border: 0;\" src=\"https:\/\/www.google.com\/maps\/embed?pb=!1m18!1m12!1m3!1d3411.909378229932!2d121.45876507526337!3d31.22323997435133!2m3!1f0!2f0!3f0!3m2!1i1024!2i768!4f13.1!3m3!1m2!1s0x35b2700e67c186e5%3A0xc484e5bd78d002a0!2z5Lit5Zu95LiK5rW35biC6buE5rWm5Yy65beo6bm_6LevMjcy5Y-3IOmCruaUv-e8lueggTogMjAwMDQx!5e0!3m2!1szh-CN!2s!4v1756120603665!5m2!1szh-CN!2s\" width=\"800\" height=\"600\" allowfullscreen=\"allowfullscreen\"><\/iframe><\/p>","protected":false},"excerpt":{"rendered":"<p><strong><b>Etage : Deuxi\u00e8me \u00e9tage<\/b><\/strong><\/p>\n<p><strong><b>F<\/b><\/strong><strong><b>eature<\/b><\/strong><strong><b>:<\/b><\/strong><strong><b>\u00a0<\/b><\/strong><strong><b>Un<\/b><\/strong><strong><b>\u00a0chambre \u00e0 coucher, <\/b><\/strong><strong><b>Un<\/b><\/strong><strong><b>\u00a0salon et <\/b><\/strong><strong><b>Un<\/b><\/strong><strong><b>\u00a0salle de bain<\/b><\/strong><\/p>\n<p><strong><b>Taille : 45sqm<\/b><\/strong><\/p>","protected":false},"featured_media":1977,"template":"","meta":{"site-sidebar-layout":"default","site-content-layout":"","ast-site-content-layout":"default","site-content-style":"default","site-sidebar-style":"default","ast-global-header-display":"","ast-banner-title-visibility":"","ast-main-header-display":"","ast-hfb-above-header-display":"","ast-hfb-below-header-display":"","ast-hfb-mobile-header-display":"","site-post-title":"","ast-breadcrumbs-content":"","ast-featured-img":"","footer-sml-layout":"","theme-transparent-header-meta":"default","adv-header-id-meta":"","stick-header-meta":"","header-above-stick-meta":"","header-main-stick-meta":"","header-below-stick-meta":"","astra-migrate-meta-layouts":"set","ast-page-background-enabled":"default","ast-page-background-meta":{"desktop":{"background-color":"","background-image":"","background-repeat":"repeat","background-position":"center center","background-size":"auto","background-attachment":"scroll","background-type":"","background-media":"","overlay-type":"","overlay-color":"","overlay-opacity":"","overlay-gradient":""},"tablet":{"background-color":"","background-image":"","background-repeat":"repeat","background-position":"center center","background-size":"auto","background-attachment":"scroll","background-type":"","background-media":"","overlay-type":"","overlay-color":"","overlay-opacity":"","overlay-gradient":""},"mobile":{"background-color":"","background-image":"","background-repeat":"repeat","background-position":"center center","background-size":"auto","background-attachment":"scroll","background-type":"","background-media":"","overlay-type":"","overlay-color":"","overlay-opacity":"","overlay-gradient":""}},"ast-content-background-meta":{"desktop":{"background-color":"var(--ast-global-color-5)","background-image":"","background-repeat":"repeat","background-position":"center center","background-size":"auto","background-attachment":"scroll","background-type":"","background-media":"","overlay-type":"","overlay-color":"","overlay-opacity":"","overlay-gradient":""},"tablet":{"background-color":"var(--ast-global-color-5)","background-image":"","background-repeat":"repeat","background-position":"center center","background-size":"auto","background-attachment":"scroll","background-type":"","background-media":"","overlay-type":"","overlay-color":"","overlay-opacity":"","overlay-gradient":""},"mobile":{"background-color":"var(--ast-global-color-5)","background-image":"","background-repeat":"repeat","background-position":"center center","background-size":"auto","background-attachment":"scroll","background-type":"","background-media":"","overlay-type":"","overlay-color":"","overlay-opacity":"","overlay-gradient":""}}},"product_brand":[],"product_cat":[52,32,53],"product_tag":[],"class_list":{"0":"post-1976","1":"product","2":"type-product","3":"status-publish","4":"has-post-thumbnail","6":"product_cat-long-stay","7":"product_cat-shanghai","8":"product_cat-shanghai-long-stay","9":"desktop-align-left","10":"tablet-align-left","11":"mobile-align-left","13":"first","14":"instock","15":"virtual","16":"sold-individually","17":"purchasable","18":"product-type-booking"},"_links":{"self":[{"href":"https:\/\/rongapartment.com\/fr\/wp-json\/wp\/v2\/product\/1976","targetHints":{"allow":["GET"]}}],"collection":[{"href":"https:\/\/rongapartment.com\/fr\/wp-json\/wp\/v2\/product"}],"about":[{"href":"https:\/\/rongapartment.com\/fr\/wp-json\/wp\/v2\/types\/product"}],"wp:featuredmedia":[{"embeddable":true,"href":"https:\/\/rongapartment.com\/fr\/wp-json\/wp\/v2\/media\/1977"}],"wp:attachment":[{"href":"https:\/\/rongapartment.com\/fr\/wp-json\/wp\/v2\/media?parent=1976"}],"wp:term":[{"taxonomy":"product_brand","embeddable":true,"href":"https:\/\/rongapartment.com\/fr\/wp-json\/wp\/v2\/product_brand?post=1976"},{"taxonomy":"product_cat","embeddable":true,"href":"https:\/\/rongapartment.com\/fr\/wp-json\/wp\/v2\/product_cat?post=1976"},{"taxonomy":"product_tag","embeddable":true,"href":"https:\/\/rongapartment.com\/fr\/wp-json\/wp\/v2\/product_tag?post=1976"}],"curies":[{"name":"wp","href":"https:\/\/api.w.org\/{rel}","templated":true}]}}