{"id":1956,"date":"2025-08-18T12:30:46","date_gmt":"2025-08-18T12:30:46","guid":{"rendered":"https:\/\/rongapartment.com\/?post_type=product&#038;p=1956"},"modified":"2025-10-12T10:40:45","modified_gmt":"2025-10-12T10:40:45","slug":"1295-middle-fuxing-roadxuhui-districshanghai","status":"publish","type":"product","link":"https:\/\/rongapartment.com\/fr\/produit\/1295-middle-fuxing-roadxuhui-districshanghai\/","title":{"rendered":"1295 Middle Fuxing Road, Xuhui Distric, Shanghai"},"content":{"rendered":"<p><strong><b>Loft luxueux au c\u0153ur de Shanghai<\/b><\/strong><\/p>\n<p>Nich\u00e9 dans le quartier de Middle Fuxing Road, dans le centre-ville de Shanghai, cet appartement Loft \u00e0 la d\u00e9coration exquise est un joyau qui ne demande qu'\u00e0 \u00eatre d\u00e9couvert.<\/p>\n<p><strong><b>Situation privil\u00e9gi\u00e9e<\/b><\/strong><\/p>\n<p>Son emplacement est tout simplement imbattable. \u00c0 quelques pas de South Shaanxi Road et de South Xiangyang Road, vous vous trouverez au c\u0153ur de la vie tr\u00e9pidante de la ville. La proximit\u00e9 du centre commercial Iapm Mall vous permet de profiter d'innombrables possibilit\u00e9s de shopping, de restauration et de divertissement \u00e0 votre porte. Que vous ayez envie de mode haut de gamme, d'un d\u00e9licieux repas dans un restaurant branch\u00e9 ou de voir la derni\u00e8re superproduction, tout est \u00e0 port\u00e9e de main.<\/p>\n<p><strong><b>Vie pratique<\/b><\/strong><\/p>\n<p>Pour vos besoins quotidiens et les urgences, les h\u00f4pitaux sont \u00e0 proximit\u00e9, ce qui vous assure la tranquillit\u00e9 d'esprit. La station de m\u00e9tro de South Shaanxi Road se trouve \u00e0 quelques minutes de marche, vous reliant de mani\u00e8re transparente \u00e0 l'ensemble du r\u00e9seau de m\u00e9tro de Shanghai. Se rendre au travail ou explorer d'autres parties de la ville devient un jeu d'enfant. Des banques et un large \u00e9ventail de restaurants se trouvent \u00e9galement \u00e0 proximit\u00e9, r\u00e9pondant \u00e0 tous vos d\u00e9sirs financiers et culinaires. Que vous ayez besoin de traiter des affaires \u00e0 la banque ou que vous ayez envie de manger rapidement des snacks locaux ou de la cuisine internationale, vous \u00eates couvert.<\/p>\n<p><strong><b>Un int\u00e9rieur \u00e9poustouflant<\/b><\/strong><\/p>\n<p>Cet appartement comprend deux chambres, deux salles de s\u00e9jour et deux salles de bains. Le chauffage mural et les climatiseurs install\u00e9s dans toute la maison garantissent un environnement confortable en toute saison. Ce qui le rend vraiment sp\u00e9cial, c'est qu'il se trouve dans un b\u00e2timent historique de Shanghai. Ici, vous pouvez d\u00e9couvrir le rythme de vie du vieux Shanghai tout en profitant du confort d'un espace moderne, d\u00e9cor\u00e9 de fa\u00e7on exquise. La conception du loft cr\u00e9e une atmosph\u00e8re spacieuse et a\u00e9r\u00e9e. Le plan ouvert du rez-de-chauss\u00e9e combine le salon, la salle \u00e0 manger et la cuisine, ce qui est parfait pour se d\u00e9tendre et recevoir. La mezzanine offre un espace priv\u00e9 et confortable, id\u00e9al pour une chambre ou un bureau \u00e0 domicile. Les finitions de haute qualit\u00e9 et les appareils modernes ajoutent une touche de luxe \u00e0 votre vie quotidienne. La palette de couleurs claires et neutres, ainsi que le parquet en bois, cr\u00e9ent une ambiance chaleureuse et accueillante.<\/p>\n<p>Ne manquez pas cette opportunit\u00e9 de vivre avec style et commodit\u00e9 au c\u0153ur de Shanghai. Cet appartement Loft sur Fuxing Middle Road est plus qu'un simple lieu de s\u00e9jour, c'est une porte d'entr\u00e9e vers un style de vie urbain exceptionnel.<\/p>\n<div style=\"width: 720px;\" class=\"wp-video\"><!--[if lt IE 9]><script>document.createElement('video');<\/script><![endif]-->\n<video class=\"wp-video-shortcode\" id=\"video-1956-1\" width=\"720\" height=\"1280\" preload=\"metadata\" controls=\"controls\"><source type=\"video\/mp4\" src=\"https:\/\/rongapartment.com\/wp-content\/uploads\/2025\/08\/\u89c6\u9891.mp4?_=1\" \/><a href=\"https:\/\/rongapartment.com\/wp-content\/uploads\/2025\/08\/\u89c6\u9891.mp4\">https:\/\/rongapartment.com\/wp-content\/uploads\/2025\/08\/\u89c6\u9891.mp4<\/a><\/video><\/div>\n<p><iframe style=\"border: 0;\" src=\"https:\/\/www.google.com\/maps\/embed?pb=!1m18!1m12!1m3!1d3412.36231635361!2d121.44011507526271!3d31.210689974357173!2m3!1f0!2f0!3f0!3m2!1i1024!2i768!4f13.1!3m3!1m2!1s0x35b265525fe139fd%3A0x1f42492d1cc2c25f!2z5Lit5Zu95LiK5rW35biC5b6Q5rGH5Yy65aSN5YW06KW_6LevIOmCruaUv-e8lueggTogMjAwMDMx!5e0!3m2!1szh-CN!2s!4v1756120537798!5m2!1szh-CN!2s\" width=\"800\" height=\"600\" allowfullscreen=\"allowfullscreen\"><\/iframe><\/p>\n<p>&nbsp;<\/p>","protected":false},"excerpt":{"rendered":"<p><strong>\u00c9tage : Troisi\u00e8me \u00e9tage<\/strong><\/p>\n<p><strong>Caract\u00e9ristiques : Deux chambres, deux salles de s\u00e9jour et deux salles de bains<\/strong><\/p>\n<p><strong>Taille : 70sqm<\/strong><\/p>","protected":false},"featured_media":2233,"template":"","meta":{"site-sidebar-layout":"default","site-content-layout":"","ast-site-content-layout":"default","site-content-style":"default","site-sidebar-style":"default","ast-global-header-display":"","ast-banner-title-visibility":"","ast-main-header-display":"","ast-hfb-above-header-display":"","ast-hfb-below-header-display":"","ast-hfb-mobile-header-display":"","site-post-title":"","ast-breadcrumbs-content":"","ast-featured-img":"","footer-sml-layout":"","theme-transparent-header-meta":"default","adv-header-id-meta":"","stick-header-meta":"","header-above-stick-meta":"","header-main-stick-meta":"","header-below-stick-meta":"","astra-migrate-meta-layouts":"set","ast-page-background-enabled":"default","ast-page-background-meta":{"desktop":{"background-color":"","background-image":"","background-repeat":"repeat","background-position":"center center","background-size":"auto","background-attachment":"scroll","background-type":"","background-media":"","overlay-type":"","overlay-color":"","overlay-opacity":"","overlay-gradient":""},"tablet":{"background-color":"","background-image":"","background-repeat":"repeat","background-position":"center center","background-size":"auto","background-attachment":"scroll","background-type":"","background-media":"","overlay-type":"","overlay-color":"","overlay-opacity":"","overlay-gradient":""},"mobile":{"background-color":"","background-image":"","background-repeat":"repeat","background-position":"center center","background-size":"auto","background-attachment":"scroll","background-type":"","background-media":"","overlay-type":"","overlay-color":"","overlay-opacity":"","overlay-gradient":""}},"ast-content-background-meta":{"desktop":{"background-color":"var(--ast-global-color-5)","background-image":"","background-repeat":"repeat","background-position":"center center","background-size":"auto","background-attachment":"scroll","background-type":"","background-media":"","overlay-type":"","overlay-color":"","overlay-opacity":"","overlay-gradient":""},"tablet":{"background-color":"var(--ast-global-color-5)","background-image":"","background-repeat":"repeat","background-position":"center center","background-size":"auto","background-attachment":"scroll","background-type":"","background-media":"","overlay-type":"","overlay-color":"","overlay-opacity":"","overlay-gradient":""},"mobile":{"background-color":"var(--ast-global-color-5)","background-image":"","background-repeat":"repeat","background-position":"center center","background-size":"auto","background-attachment":"scroll","background-type":"","background-media":"","overlay-type":"","overlay-color":"","overlay-opacity":"","overlay-gradient":""}}},"product_brand":[],"product_cat":[52,32,53],"product_tag":[],"class_list":{"0":"post-1956","1":"product","2":"type-product","3":"status-publish","4":"has-post-thumbnail","6":"product_cat-long-stay","7":"product_cat-shanghai","8":"product_cat-shanghai-long-stay","9":"desktop-align-left","10":"tablet-align-left","11":"mobile-align-left","13":"first","14":"instock","15":"virtual","16":"sold-individually","17":"purchasable","18":"product-type-booking"},"_links":{"self":[{"href":"https:\/\/rongapartment.com\/fr\/wp-json\/wp\/v2\/product\/1956","targetHints":{"allow":["GET"]}}],"collection":[{"href":"https:\/\/rongapartment.com\/fr\/wp-json\/wp\/v2\/product"}],"about":[{"href":"https:\/\/rongapartment.com\/fr\/wp-json\/wp\/v2\/types\/product"}],"wp:featuredmedia":[{"embeddable":true,"href":"https:\/\/rongapartment.com\/fr\/wp-json\/wp\/v2\/media\/2233"}],"wp:attachment":[{"href":"https:\/\/rongapartment.com\/fr\/wp-json\/wp\/v2\/media?parent=1956"}],"wp:term":[{"taxonomy":"product_brand","embeddable":true,"href":"https:\/\/rongapartment.com\/fr\/wp-json\/wp\/v2\/product_brand?post=1956"},{"taxonomy":"product_cat","embeddable":true,"href":"https:\/\/rongapartment.com\/fr\/wp-json\/wp\/v2\/product_cat?post=1956"},{"taxonomy":"product_tag","embeddable":true,"href":"https:\/\/rongapartment.com\/fr\/wp-json\/wp\/v2\/product_tag?post=1956"}],"curies":[{"name":"wp","href":"https:\/\/api.w.org\/{rel}","templated":true}]}}