{"id":1908,"date":"2025-08-17T13:08:13","date_gmt":"2025-08-17T13:08:13","guid":{"rendered":"https:\/\/rongapartment.com\/?post_type=product&#038;p=1908"},"modified":"2025-10-12T10:40:34","modified_gmt":"2025-10-12T10:40:34","slug":"132-south-chengdu-roadhuangu-districshanghai","status":"publish","type":"product","link":"https:\/\/rongapartment.com\/fr\/produit\/132-south-chengdu-roadhuangu-districshanghai\/","title":{"rendered":"132 South Chengdu Road, Huangu Distric, Shanghai"},"content":{"rendered":"<p><strong><b>A <\/b><\/strong><strong><b>Bien<\/b><\/strong><strong><b>\u00a0Loft au c\u0153ur de Shanghai<\/b><\/strong><\/p>\n<p>Nich\u00e9 dans le centre-ville anim\u00e9 de Shanghai, sur Chengdu South Road, ce remarquable appartement Loft offre une exp\u00e9rience de vie in\u00e9gal\u00e9e. Sa situation privil\u00e9gi\u00e9e est une caract\u00e9ristique remarquable, \u00e0 proximit\u00e9 de l'embl\u00e9matique Huaihai Middle Road.<\/p>\n<p>Cet appartement d'une chambre, d'un salon et d'une salle de bains est \u00e9quip\u00e9 de la climatisation, ce qui garantit votre confort tout au long de l'ann\u00e9e. Le design Loft ajoute une touche d'originalit\u00e9 et de charme.<\/p>\n<p>Ce qui rend cet appartement encore plus sp\u00e9cial, c'est qu'il est situ\u00e9 dans un b\u00e2timent historique de Shanghai. En vivant ici, vous pourrez vous impr\u00e9gner du rythme de vie du vieux Shanghai tout en profitant du confort d'une d\u00e9coration moderne et \u00e9l\u00e9gante.<\/p>\n<p>Les commodit\u00e9s environnantes sont tout simplement imbattables. Des centres commerciaux r\u00e9pondent \u00e0 vos besoins en mati\u00e8re de vente au d\u00e9tail, des h\u00f4pitaux r\u00e9pondent \u00e0 vos besoins en mati\u00e8re de soins de sant\u00e9 et la station de m\u00e9tro Middle Huaihai Road facilite les trajets domicile-travail. Des banques et une grande vari\u00e9t\u00e9 de restaurants sont \u00e9galement \u00e0 port\u00e9e de main, offrant tout ce qu'il faut, des d\u00e9lices locaux de Shanghai aux cuisines internationales.<\/p>\n<p>Que vous soyez un jeune professionnel \u00e0 la recherche d'un espace de vie pratique et \u00e9l\u00e9gant ou que vous souhaitiez d\u00e9couvrir l'essence de Shanghai, cet appartement Loft sur Chengdu South Road est le choix id\u00e9al. Ne manquez pas l'occasion d'habiter ce joyau au c\u0153ur de Shanghai !<br \/>\n<iframe style=\"border: 0;\" src=\"https:\/\/www.google.com\/maps\/embed?pb=!1m14!1m8!1m3!1d3411.98120869257!2d121.4646851!3d31.22125!3m2!1i1024!2i768!4f13.1!3m3!1m2!1s0x35b2700d211db3d5%3A0x1fb583c884f63e5!2z5Lit5Zu95LiK5rW35biC6buE5rWm5Yy65oiQ6YO95Y2X6LevMTMyLTE55Y-3IOmCruaUv-e8lueggTogMjAwMDQx!5e0!3m2!1szh-CN!2s!4v1756120450099!5m2!1szh-CN!2s\" width=\"800\" height=\"600\" allowfullscreen=\"allowfullscreen\"><\/iframe><\/p>","protected":false},"excerpt":{"rendered":"<p><strong><b>Etage : Premier \u00e9tage<\/b><\/strong><\/p>\n<p><strong><b>F<\/b><\/strong><strong><b>eature<\/b><\/strong><strong><b>:<\/b><\/strong><strong><b>\u00a0<\/b><\/strong><strong><b>Un<\/b><\/strong><strong><b>\u00a0chambre \u00e0 coucher, <\/b><\/strong><strong><b>Un<\/b><\/strong><strong><b>\u00a0salon et <\/b><\/strong><strong><b>Un<\/b><\/strong><strong><b>\u00a0salle de bain<\/b><\/strong><\/p>\n<p><strong><b>Taille : 30sqm<\/b><\/strong><\/p>","protected":false},"featured_media":1910,"template":"","meta":{"site-sidebar-layout":"default","site-content-layout":"","ast-site-content-layout":"default","site-content-style":"default","site-sidebar-style":"default","ast-global-header-display":"","ast-banner-title-visibility":"","ast-main-header-display":"","ast-hfb-above-header-display":"","ast-hfb-below-header-display":"","ast-hfb-mobile-header-display":"","site-post-title":"","ast-breadcrumbs-content":"","ast-featured-img":"","footer-sml-layout":"","theme-transparent-header-meta":"default","adv-header-id-meta":"","stick-header-meta":"","header-above-stick-meta":"","header-main-stick-meta":"","header-below-stick-meta":"","astra-migrate-meta-layouts":"set","ast-page-background-enabled":"default","ast-page-background-meta":{"desktop":{"background-color":"","background-image":"","background-repeat":"repeat","background-position":"center center","background-size":"auto","background-attachment":"scroll","background-type":"","background-media":"","overlay-type":"","overlay-color":"","overlay-opacity":"","overlay-gradient":""},"tablet":{"background-color":"","background-image":"","background-repeat":"repeat","background-position":"center center","background-size":"auto","background-attachment":"scroll","background-type":"","background-media":"","overlay-type":"","overlay-color":"","overlay-opacity":"","overlay-gradient":""},"mobile":{"background-color":"","background-image":"","background-repeat":"repeat","background-position":"center center","background-size":"auto","background-attachment":"scroll","background-type":"","background-media":"","overlay-type":"","overlay-color":"","overlay-opacity":"","overlay-gradient":""}},"ast-content-background-meta":{"desktop":{"background-color":"var(--ast-global-color-5)","background-image":"","background-repeat":"repeat","background-position":"center center","background-size":"auto","background-attachment":"scroll","background-type":"","background-media":"","overlay-type":"","overlay-color":"","overlay-opacity":"","overlay-gradient":""},"tablet":{"background-color":"var(--ast-global-color-5)","background-image":"","background-repeat":"repeat","background-position":"center center","background-size":"auto","background-attachment":"scroll","background-type":"","background-media":"","overlay-type":"","overlay-color":"","overlay-opacity":"","overlay-gradient":""},"mobile":{"background-color":"var(--ast-global-color-5)","background-image":"","background-repeat":"repeat","background-position":"center center","background-size":"auto","background-attachment":"scroll","background-type":"","background-media":"","overlay-type":"","overlay-color":"","overlay-opacity":"","overlay-gradient":""}}},"product_brand":[],"product_cat":[52,32,53],"product_tag":[],"class_list":{"0":"post-1908","1":"product","2":"type-product","3":"status-publish","4":"has-post-thumbnail","6":"product_cat-long-stay","7":"product_cat-shanghai","8":"product_cat-shanghai-long-stay","9":"desktop-align-left","10":"tablet-align-left","11":"mobile-align-left","13":"first","14":"instock","15":"virtual","16":"sold-individually","17":"purchasable","18":"product-type-booking"},"_links":{"self":[{"href":"https:\/\/rongapartment.com\/fr\/wp-json\/wp\/v2\/product\/1908","targetHints":{"allow":["GET"]}}],"collection":[{"href":"https:\/\/rongapartment.com\/fr\/wp-json\/wp\/v2\/product"}],"about":[{"href":"https:\/\/rongapartment.com\/fr\/wp-json\/wp\/v2\/types\/product"}],"wp:featuredmedia":[{"embeddable":true,"href":"https:\/\/rongapartment.com\/fr\/wp-json\/wp\/v2\/media\/1910"}],"wp:attachment":[{"href":"https:\/\/rongapartment.com\/fr\/wp-json\/wp\/v2\/media?parent=1908"}],"wp:term":[{"taxonomy":"product_brand","embeddable":true,"href":"https:\/\/rongapartment.com\/fr\/wp-json\/wp\/v2\/product_brand?post=1908"},{"taxonomy":"product_cat","embeddable":true,"href":"https:\/\/rongapartment.com\/fr\/wp-json\/wp\/v2\/product_cat?post=1908"},{"taxonomy":"product_tag","embeddable":true,"href":"https:\/\/rongapartment.com\/fr\/wp-json\/wp\/v2\/product_tag?post=1908"}],"curies":[{"name":"wp","href":"https:\/\/api.w.org\/{rel}","templated":true}]}}