{"id":2323,"date":"2025-09-02T12:21:30","date_gmt":"2025-09-02T12:21:30","guid":{"rendered":"https:\/\/rongapartment.com\/?page_id=2323"},"modified":"2025-09-11T11:51:19","modified_gmt":"2025-09-11T11:51:19","slug":"guide-touristique-location-de-voiture","status":"publish","type":"page","link":"https:\/\/rongapartment.com\/fr\/guide-touristique-location-de-voiture\/","title":{"rendered":"Guide touristique et location de voiture"},"content":{"rendered":"<div data-elementor-type=\"wp-page\" data-elementor-id=\"2323\" class=\"elementor elementor-2323\" data-elementor-post-type=\"page\">\n\t\t\t\t<div class=\"elementor-element elementor-element-7732eb04 e-flex e-con-boxed e-con e-parent\" data-id=\"7732eb04\" data-element_type=\"container\" data-settings=\"{&quot;background_background&quot;:&quot;classic&quot;}\">\n\t\t\t\t\t<div class=\"e-con-inner\">\n\t\t<div class=\"elementor-element elementor-element-7e3dcb09 e-con-full e-flex e-con e-child\" data-id=\"7e3dcb09\" data-element_type=\"container\">\n\t\t\t\t<div class=\"elementor-element elementor-element-7cbdeb79 elementor-widget__width-initial elementor-widget elementor-widget-hfe-infocard\" data-id=\"7cbdeb79\" data-element_type=\"widget\" data-widget_type=\"hfe-infocard.default\">\n\t\t\t\t<div class=\"elementor-widget-container\">\n\t\t\t\t\t\n\t\t<div class=\"hfe-infocard\">\n\t\t\t\t\t\t\t\t\t<div class=\"hfe-infocard-title-wrap\">\n\t\t\t\t<h1 class=\"hfe-infocard-title elementor-inline-editing\" data-elementor-setting-key=\"infocard_title\" data-elementor-inline-editing-toolbar=\"basic\" >Guide touristique et location de voiture<\/h1>\t\t\t<\/div>\n\t\t\t\t\t\t<div class=\"hfe-infocard-text-wrap\">\n\t\t\t\t<div class=\"hfe-infocard-text elementor-inline-editing\" data-elementor-setting-key=\"infocard_description\" data-elementor-inline-editing-toolbar=\"advanced\">\n\t\t\t\t\t\t\t\t\t<\/div>\n\t\t\t\t\t\t\t<\/div>\n\t\t<\/div>\n\n\t\t\t\t\t\t<\/div>\n\t\t\t\t<\/div>\n\t\t\t\t<\/div>\n\t\t\t\t\t<\/div>\n\t\t\t\t<\/div>\n\t\t<div class=\"elementor-element elementor-element-591fef2b e-grid e-con-boxed e-con e-parent\" data-id=\"591fef2b\" data-element_type=\"container\">\n\t\t\t\t\t<div class=\"e-con-inner\">\n\t\t\t\t<div class=\"elementor-element elementor-element-5764da39 elementor-widget elementor-widget-image\" data-id=\"5764da39\" data-element_type=\"widget\" data-widget_type=\"image.default\">\n\t\t\t\t<div class=\"elementor-widget-container\">\n\t\t\t\t\t\t\t\t\t\t\t\t\t\t\t<img fetchpriority=\"high\" decoding=\"async\" width=\"1024\" height=\"683\" src=\"https:\/\/rongapartment.com\/wp-content\/uploads\/2025\/09\/\u5343\u5e93\u7f51_\u5973\u5bfc\u6e38\u4e0e\u4e00\u7fa4\u6e38\u5ba2\u4ea4\u6d41\u3002_\u6444\u5f71\u56fe\u7f16\u53f716981288-1024x683.jpg\" class=\"attachment-large size-large wp-image-2299\" alt=\"Une femme guide communique avec un groupe de touristes.\" srcset=\"\" sizes=\"(max-width: 1024px) 100vw, 1024px\" data-srcset=\"\" \/>\t\t\t\t\t\t\t\t\t\t\t\t\t\t\t<\/div>\n\t\t\t\t<\/div>\n\t\t<div class=\"elementor-element elementor-element-b9df141 e-con-full e-flex e-con e-child\" data-id=\"b9df141\" data-element_type=\"container\">\n\t\t\t\t<div class=\"elementor-element elementor-element-5ce4242 elementor-widget elementor-widget-text-editor\" data-id=\"5ce4242\" data-element_type=\"widget\" data-widget_type=\"text-editor.default\">\n\t\t\t\t<div class=\"elementor-widget-container\">\n\t\t\t\t\t\t\t\t\t<p>Pour que votre voyage en Chine soit vraiment agr\u00e9able et enrichissant, nous sommes fiers de vous proposer notre service de guides touristiques professionnels. Notre \u00e9quipe est compos\u00e9e de guides certifi\u00e9s, comp\u00e9tents et sympathiques, passionn\u00e9s par le partage de la riche histoire et de la culture vibrante de notre pays. Ils fourniront des commentaires perspicaces, s'occuperont de toute la logistique et offriront des recommandations personnalis\u00e9es pour un voyage fluide et immersif.<\/p>\t\t\t\t\t\t\t\t<\/div>\n\t\t\t\t<\/div>\n\t\t\t\t<\/div>\n\t\t\t\t\t<\/div>\n\t\t\t\t<\/div>\n\t\t<div class=\"elementor-element elementor-element-c15abca e-grid e-con-boxed e-con e-parent\" data-id=\"c15abca\" data-element_type=\"container\">\n\t\t\t\t\t<div class=\"e-con-inner\">\n\t\t\t\t<div class=\"elementor-element elementor-element-a230a48 elementor-widget elementor-widget-image\" data-id=\"a230a48\" data-element_type=\"widget\" data-widget_type=\"image.default\">\n\t\t\t\t<div class=\"elementor-widget-container\">\n\t\t\t\t\t\t\t\t\t\t\t\t\t\t\t<img decoding=\"async\" width=\"1024\" height=\"575\" src=\"https:\/\/rongapartment.com\/wp-content\/uploads\/2025\/08\/pexels-mikebirdy-170811-1024x575.jpg\" class=\"attachment-large size-large wp-image-2055\" alt=\"pexels mikebirdy 170811\" srcset=\"https:\/\/rongapartment.com\/wp-content\/uploads\/2025\/08\/pexels-mikebirdy-170811-1024x575.jpg 1024w, https:\/\/rongapartment.com\/wp-content\/uploads\/2025\/08\/pexels-mikebirdy-170811-300x169.jpg 300w, https:\/\/rongapartment.com\/wp-content\/uploads\/2025\/08\/pexels-mikebirdy-170811-768x432.jpg 768w, https:\/\/rongapartment.com\/wp-content\/uploads\/2025\/08\/pexels-mikebirdy-170811-1536x863.jpg 1536w, https:\/\/rongapartment.com\/wp-content\/uploads\/2025\/08\/pexels-mikebirdy-170811-2048x1151.jpg 2048w, https:\/\/rongapartment.com\/wp-content\/uploads\/2025\/08\/pexels-mikebirdy-170811-18x10.jpg 18w, https:\/\/rongapartment.com\/wp-content\/uploads\/2025\/08\/pexels-mikebirdy-170811-600x337.jpg 600w\" sizes=\"(max-width: 1024px) 100vw, 1024px\" \/>\t\t\t\t\t\t\t\t\t\t\t\t\t\t\t<\/div>\n\t\t\t\t<\/div>\n\t\t<div class=\"elementor-element elementor-element-4686959 e-con-full e-flex e-con e-child\" data-id=\"4686959\" data-element_type=\"container\">\n\t\t\t\t<div class=\"elementor-element elementor-element-e0256e6 elementor-widget elementor-widget-text-editor\" data-id=\"e0256e6\" data-element_type=\"widget\" data-widget_type=\"text-editor.default\">\n\t\t\t\t<div class=\"elementor-widget-container\">\n\t\t\t\t\t\t\t\t\t<p>En outre, nous proposons des services de location de voitures pratiques et s\u00fbrs pour r\u00e9pondre \u00e0 vos divers besoins en mati\u00e8re de transport. Notre flotte de premier choix comprend des berlines \u00e9conomiques, des monospaces d'affaires et des v\u00e9hicules de luxe, tous m\u00e9ticuleusement entretenus et r\u00e9guli\u00e8rement nettoy\u00e9s. Gr\u00e2ce \u00e0 nos proc\u00e9dures simplifi\u00e9es et \u00e0 notre service de r\u00e9servation en ligne, nous vous garantissons une exp\u00e9rience de conduite confortable et sans souci pour vos voyages d'affaires, vos d\u00e9placements en famille ou vos explorations urbaines. Pour passer une commande, veuillez contacter notre \u00e9quipe.<\/p>\t\t\t\t\t\t\t\t<\/div>\n\t\t\t\t<\/div>\n\t\t\t\t<div class=\"elementor-element elementor-element-ce32415 elementor-widget elementor-widget-button\" data-id=\"ce32415\" data-element_type=\"widget\" data-widget_type=\"button.default\">\n\t\t\t\t<div class=\"elementor-widget-container\">\n\t\t\t\t\t\t\t\t\t<div class=\"elementor-button-wrapper\">\n\t\t\t\t\t<a class=\"elementor-button elementor-button-link elementor-size-sm\" href=\"mailto:liurongrong@rongshushang.cn\">\n\t\t\t\t\t\t<span class=\"elementor-button-content-wrapper\">\n\t\t\t\t\t\t\t\t\t<span class=\"elementor-button-text\">Nous contacter<\/span>\n\t\t\t\t\t<\/span>\n\t\t\t\t\t<\/a>\n\t\t\t\t<\/div>\n\t\t\t\t\t\t\t\t<\/div>\n\t\t\t\t<\/div>\n\t\t\t\t<\/div>\n\t\t\t\t\t<\/div>\n\t\t\t\t<\/div>\n\t\t<div class=\"elementor-element elementor-element-520e3b3d e-flex e-con-boxed e-con e-parent\" data-id=\"520e3b3d\" data-element_type=\"container\" data-settings=\"{&quot;background_background&quot;:&quot;classic&quot;}\">\n\t\t\t\t\t<div class=\"e-con-inner\">\n\t\t<div class=\"elementor-element elementor-element-5a29b6c2 e-con-full e-flex e-con e-child\" data-id=\"5a29b6c2\" data-element_type=\"container\">\n\t\t\t\t<div class=\"elementor-element elementor-element-2c111e0d elementor-widget elementor-widget-heading\" data-id=\"2c111e0d\" data-element_type=\"widget\" data-widget_type=\"heading.default\">\n\t\t\t\t<div class=\"elementor-widget-container\">\n\t\t\t\t\t<h2 class=\"elementor-heading-title elementor-size-default\">Planifiez une exp\u00e9rience inoubliable \u00e0 l'appartement Rong !\n<\/h2>\t\t\t\t<\/div>\n\t\t\t\t<\/div>\n\t\t\t\t<div class=\"elementor-element elementor-element-48a9c9 elementor-widget elementor-widget-text-editor\" data-id=\"48a9c9\" data-element_type=\"widget\" data-widget_type=\"text-editor.default\">\n\t\t\t\t<div class=\"elementor-widget-container\">\n\t\t\t\t\t\t\t\t\tNous pouvons vous aider \u00e0 adapter votre s\u00e9jour et votre exp\u00e9rience \u00e0 votre budget.\n\n\t\t\t\t\t\t\t\t<\/div>\n\t\t\t\t<\/div>\n\t\t\t\t<div class=\"elementor-element elementor-element-3b9c482d elementor-widget elementor-widget-heading\" data-id=\"3b9c482d\" data-element_type=\"widget\" data-widget_type=\"heading.default\">\n\t\t\t\t<div class=\"elementor-widget-container\">\n\t\t\t\t\t<p class=\"elementor-heading-title elementor-size-default\">R\u00e9servez votre s\u00e9jour d\u00e8s maintenant<\/p>\t\t\t\t<\/div>\n\t\t\t\t<\/div>\n\t\t\t\t<div class=\"elementor-element elementor-element-f5cf040 elementor-align-center elementor-icon-list--layout-traditional elementor-list-item-link-full_width elementor-widget elementor-widget-icon-list\" data-id=\"f5cf040\" data-element_type=\"widget\" data-widget_type=\"icon-list.default\">\n\t\t\t\t<div class=\"elementor-widget-container\">\n\t\t\t\t\t\t\t<ul class=\"elementor-icon-list-items\">\n\t\t\t\t\t\t\t<li class=\"elementor-icon-list-item\">\n\t\t\t\t\t\t\t\t\t\t\t<span class=\"elementor-icon-list-icon\">\n\t\t\t\t\t\t\t<i aria-hidden=\"true\" class=\"fas fa-phone-alt\"><\/i>\t\t\t\t\t\t<\/span>\n\t\t\t\t\t\t\t\t\t\t<span class=\"elementor-icon-list-text\">+86-159 2155 3057<\/span>\n\t\t\t\t\t\t\t\t\t<\/li>\n\t\t\t\t\t\t<\/ul>\n\t\t\t\t\t\t<\/div>\n\t\t\t\t<\/div>\n\t\t\t\t<\/div>\n\t\t\t\t\t<\/div>\n\t\t\t\t<\/div>\n\t\t\t\t<\/div>","protected":false},"excerpt":{"rendered":"<p>Tour Guide &amp; Car Rental To ensure you have a truly pleasant and enriching travel experience in China, we are proud to offer our professional tour guide service. Our team consists of certified, knowledgeable, and friendly guides who are passionate about sharing the rich history and vibrant culture of our country. They will provide insightful [&hellip;]<\/p>","protected":false},"author":1,"featured_media":0,"parent":0,"menu_order":0,"comment_status":"closed","ping_status":"closed","template":"","meta":{"site-sidebar-layout":"no-sidebar","site-content-layout":"page-builder","ast-site-content-layout":"full-width-container","site-content-style":"default","site-sidebar-style":"default","ast-global-header-display":"","ast-banner-title-visibility":"","ast-main-header-display":"","ast-hfb-above-header-display":"","ast-hfb-below-header-display":"","ast-hfb-mobile-header-display":"","site-post-title":"disabled","ast-breadcrumbs-content":"","ast-featured-img":"disabled","footer-sml-layout":"","theme-transparent-header-meta":"","adv-header-id-meta":"","stick-header-meta":"","header-above-stick-meta":"","header-main-stick-meta":"","header-below-stick-meta":"","astra-migrate-meta-layouts":"set","ast-page-background-enabled":"default","ast-page-background-meta":{"desktop":{"background-color":"","background-image":"","background-repeat":"repeat","background-position":"center center","background-size":"auto","background-attachment":"scroll","background-type":"","background-media":"","overlay-type":"","overlay-color":"","overlay-opacity":"","overlay-gradient":""},"tablet":{"background-color":"","background-image":"","background-repeat":"repeat","background-position":"center center","background-size":"auto","background-attachment":"scroll","background-type":"","background-media":"","overlay-type":"","overlay-color":"","overlay-opacity":"","overlay-gradient":""},"mobile":{"background-color":"","background-image":"","background-repeat":"repeat","background-position":"center center","background-size":"auto","background-attachment":"scroll","background-type":"","background-media":"","overlay-type":"","overlay-color":"","overlay-opacity":"","overlay-gradient":""}},"ast-content-background-meta":{"desktop":{"background-color":"var(--ast-global-color-5)","background-image":"","background-repeat":"repeat","background-position":"center center","background-size":"auto","background-attachment":"scroll","background-type":"","background-media":"","overlay-type":"","overlay-color":"","overlay-opacity":"","overlay-gradient":""},"tablet":{"background-color":"var(--ast-global-color-5)","background-image":"","background-repeat":"repeat","background-position":"center center","background-size":"auto","background-attachment":"scroll","background-type":"","background-media":"","overlay-type":"","overlay-color":"","overlay-opacity":"","overlay-gradient":""},"mobile":{"background-color":"var(--ast-global-color-5)","background-image":"","background-repeat":"repeat","background-position":"center center","background-size":"auto","background-attachment":"scroll","background-type":"","background-media":"","overlay-type":"","overlay-color":"","overlay-opacity":"","overlay-gradient":""}},"footnotes":""},"class_list":["post-2323","page","type-page","status-publish","hentry"],"_hostinger_reach_plugin_has_subscription_block":false,"_hostinger_reach_plugin_is_elementor":false,"_links":{"self":[{"href":"https:\/\/rongapartment.com\/fr\/wp-json\/wp\/v2\/pages\/2323","targetHints":{"allow":["GET"]}}],"collection":[{"href":"https:\/\/rongapartment.com\/fr\/wp-json\/wp\/v2\/pages"}],"about":[{"href":"https:\/\/rongapartment.com\/fr\/wp-json\/wp\/v2\/types\/page"}],"author":[{"embeddable":true,"href":"https:\/\/rongapartment.com\/fr\/wp-json\/wp\/v2\/users\/1"}],"replies":[{"embeddable":true,"href":"https:\/\/rongapartment.com\/fr\/wp-json\/wp\/v2\/comments?post=2323"}],"version-history":[{"count":10,"href":"https:\/\/rongapartment.com\/fr\/wp-json\/wp\/v2\/pages\/2323\/revisions"}],"predecessor-version":[{"id":2560,"href":"https:\/\/rongapartment.com\/fr\/wp-json\/wp\/v2\/pages\/2323\/revisions\/2560"}],"wp:attachment":[{"href":"https:\/\/rongapartment.com\/fr\/wp-json\/wp\/v2\/media?parent=2323"}],"curies":[{"name":"wp","href":"https:\/\/api.w.org\/{rel}","templated":true}]}}