{"id":1942,"date":"2025-08-18T12:11:17","date_gmt":"2025-08-18T12:11:17","guid":{"rendered":"https:\/\/rongapartment.com\/?page_id=1942"},"modified":"2025-10-23T10:12:49","modified_gmt":"2025-10-23T10:12:49","slug":"explorer-les-villes-de-guangdong","status":"publish","type":"page","link":"https:\/\/rongapartment.com\/fr\/explorer-les-villes-de-guangdong\/","title":{"rendered":"explorer les villes de guangdong"},"content":{"rendered":"<div data-elementor-type=\"wp-page\" data-elementor-id=\"1942\" class=\"elementor elementor-1942\" data-elementor-post-type=\"page\">\n\t\t\t\t<div class=\"elementor-element elementor-element-119cb1b3 e-flex e-con-boxed e-con e-parent\" data-id=\"119cb1b3\" data-element_type=\"container\" data-settings=\"{&quot;background_background&quot;:&quot;classic&quot;}\">\n\t\t\t\t\t<div class=\"e-con-inner\">\n\t\t<div class=\"elementor-element elementor-element-22875e17 e-con-full e-flex e-con e-child\" data-id=\"22875e17\" data-element_type=\"container\">\n\t\t\t\t<div class=\"elementor-element elementor-element-25f1cece elementor-widget elementor-widget-hfe-infocard\" data-id=\"25f1cece\" data-element_type=\"widget\" data-widget_type=\"hfe-infocard.default\">\n\t\t\t\t<div class=\"elementor-widget-container\">\n\t\t\t\t\t\n\t\t<div class=\"hfe-infocard\">\n\t\t\t\t\t\t\t\t\t<div class=\"hfe-infocard-title-wrap\">\n\t\t\t\t<h1 class=\"hfe-infocard-title elementor-inline-editing\" data-elementor-setting-key=\"infocard_title\" data-elementor-inline-editing-toolbar=\"basic\" >GUANDONG<\/h1>\t\t\t<\/div>\n\t\t\t\t\t\t<div class=\"hfe-infocard-text-wrap\">\n\t\t\t\t<div class=\"hfe-infocard-text elementor-inline-editing\" data-elementor-setting-key=\"infocard_description\" data-elementor-inline-editing-toolbar=\"advanced\">\n\t\t\t\t\tShanghai Nous disposons de plusieurs appartements de style Shanghai.\t\t\t\t<\/div>\n\t\t\t\t\t\t\t<\/div>\n\t\t<\/div>\n\n\t\t\t\t\t\t<\/div>\n\t\t\t\t<\/div>\n\t\t\t\t<\/div>\n\t\t\t\t\t<\/div>\n\t\t\t\t<\/div>\n\t\t<div class=\"elementor-element elementor-element-75bcda17 e-flex e-con-boxed e-con e-parent\" data-id=\"75bcda17\" data-element_type=\"container\">\n\t\t\t\t\t<div class=\"e-con-inner\">\n\t\t\t\t<div class=\"elementor-element elementor-element-79516e2b elementor-widget elementor-widget-heading\" data-id=\"79516e2b\" data-element_type=\"widget\" data-widget_type=\"heading.default\">\n\t\t\t\t<div class=\"elementor-widget-container\">\n\t\t\t\t\t<h2 class=\"elementor-heading-title elementor-size-default\">Pr\u00e9sentation de la ville magique de Guangdong<\/h2>\t\t\t\t<\/div>\n\t\t\t\t<\/div>\n\t\t\t\t<div class=\"elementor-element elementor-element-6ac1d24 elementor-grid-3 elementor-grid-tablet-2 elementor-grid-mobile-1 elementor-posts--thumbnail-top elementor-widget elementor-widget-posts\" data-id=\"6ac1d24\" data-element_type=\"widget\" data-settings=\"{&quot;pagination_type&quot;:&quot;numbers&quot;,&quot;classic_columns&quot;:&quot;3&quot;,&quot;classic_columns_tablet&quot;:&quot;2&quot;,&quot;classic_columns_mobile&quot;:&quot;1&quot;,&quot;classic_row_gap&quot;:{&quot;unit&quot;:&quot;px&quot;,&quot;size&quot;:35,&quot;sizes&quot;:[]},&quot;classic_row_gap_tablet&quot;:{&quot;unit&quot;:&quot;px&quot;,&quot;size&quot;:&quot;&quot;,&quot;sizes&quot;:[]},&quot;classic_row_gap_mobile&quot;:{&quot;unit&quot;:&quot;px&quot;,&quot;size&quot;:&quot;&quot;,&quot;sizes&quot;:[]}}\" data-widget_type=\"posts.classic\">\n\t\t\t\t<div class=\"elementor-widget-container\">\n\t\t\t\t\t\t\t<div class=\"elementor-posts-container elementor-posts elementor-posts--skin-classic elementor-grid\" role=\"list\">\n\t\t\t\t<article class=\"elementor-post elementor-grid-item post-2508 post type-post status-publish format-standard has-post-thumbnail hentry category-guangdong\" role=\"listitem\">\n\t\t\t\t<a class=\"elementor-post__thumbnail__link\" href=\"https:\/\/rongapartment.com\/fr\/guangdong-lessence-culturelle-du-lingnan-la-frontiere-ouverte-de-la-chine\/\" tabindex=\"-1\" >\n\t\t\t<div class=\"elementor-post__thumbnail\"><img fetchpriority=\"high\" decoding=\"async\" width=\"300\" height=\"169\" src=\"https:\/\/rongapartment.com\/wp-content\/uploads\/2025\/09\/\u5343\u5e93\u7f51_\u5e7f\u5dde\u508d\u665a\u5e7f\u5dde\u5854\u73e0\u6c5f\u822a\u62cd\u6444\u5f71\u56fe\u914d\u56fe_\u6444\u5f71\u56fe\u7f16\u53f7234088-300x169.jpg\" class=\"attachment-medium size-medium wp-image-2509\" alt=\"\u5343\u5e93\u7f51 \u5e7f\u5dde\u508d\u665a\u5e7f\u5dde\u5854\u73e0\u6c5f\u822a\u62cd\u6444\u5f71\u56fe\u914d\u56fe \u6444\u5f71\u56fe\u7f16\u53f7234088\" srcset=\"https:\/\/rongapartment.com\/wp-content\/uploads\/2025\/09\/\u5343\u5e93\u7f51_\u5e7f\u5dde\u508d\u665a\u5e7f\u5dde\u5854\u73e0\u6c5f\u822a\u62cd\u6444\u5f71\u56fe\u914d\u56fe_\u6444\u5f71\u56fe\u7f16\u53f7234088-300x169.jpg 300w, https:\/\/rongapartment.com\/wp-content\/uploads\/2025\/09\/\u5343\u5e93\u7f51_\u5e7f\u5dde\u508d\u665a\u5e7f\u5dde\u5854\u73e0\u6c5f\u822a\u62cd\u6444\u5f71\u56fe\u914d\u56fe_\u6444\u5f71\u56fe\u7f16\u53f7234088-1024x576.jpg 1024w, https:\/\/rongapartment.com\/wp-content\/uploads\/2025\/09\/\u5343\u5e93\u7f51_\u5e7f\u5dde\u508d\u665a\u5e7f\u5dde\u5854\u73e0\u6c5f\u822a\u62cd\u6444\u5f71\u56fe\u914d\u56fe_\u6444\u5f71\u56fe\u7f16\u53f7234088-768x432.jpg 768w, https:\/\/rongapartment.com\/wp-content\/uploads\/2025\/09\/\u5343\u5e93\u7f51_\u5e7f\u5dde\u508d\u665a\u5e7f\u5dde\u5854\u73e0\u6c5f\u822a\u62cd\u6444\u5f71\u56fe\u914d\u56fe_\u6444\u5f71\u56fe\u7f16\u53f7234088-1536x864.jpg 1536w, https:\/\/rongapartment.com\/wp-content\/uploads\/2025\/09\/\u5343\u5e93\u7f51_\u5e7f\u5dde\u508d\u665a\u5e7f\u5dde\u5854\u73e0\u6c5f\u822a\u62cd\u6444\u5f71\u56fe\u914d\u56fe_\u6444\u5f71\u56fe\u7f16\u53f7234088-2048x1152.jpg 2048w, https:\/\/rongapartment.com\/wp-content\/uploads\/2025\/09\/\u5343\u5e93\u7f51_\u5e7f\u5dde\u508d\u665a\u5e7f\u5dde\u5854\u73e0\u6c5f\u822a\u62cd\u6444\u5f71\u56fe\u914d\u56fe_\u6444\u5f71\u56fe\u7f16\u53f7234088-18x10.jpg 18w, https:\/\/rongapartment.com\/wp-content\/uploads\/2025\/09\/\u5343\u5e93\u7f51_\u5e7f\u5dde\u508d\u665a\u5e7f\u5dde\u5854\u73e0\u6c5f\u822a\u62cd\u6444\u5f71\u56fe\u914d\u56fe_\u6444\u5f71\u56fe\u7f16\u53f7234088-600x337.jpg 600w\" sizes=\"(max-width: 300px) 100vw, 300px\" \/><\/div>\n\t\t<\/a>\n\t\t\t\t<div class=\"elementor-post__text\">\n\t\t\t\t<h3 class=\"elementor-post__title\">\n\t\t\t<a href=\"https:\/\/rongapartment.com\/fr\/guangdong-lessence-culturelle-du-lingnan-la-frontiere-ouverte-de-la-chine\/\" >\n\t\t\t\tGuangdong : L'essence culturelle du Lingnan, la fronti\u00e8re ouverte de la Chine\t\t\t<\/a>\n\t\t<\/h3>\n\t\t\t\t<div class=\"elementor-post__excerpt\">\n\t\t\t<p>Le Guangdong, situ\u00e9 dans la partie m\u00e9ridionale de la Chine et bordant la mer de Chine m\u00e9ridionale, est l'un des principaux berceaux de la civilisation chinoise et l'une des r\u00e9gions les plus importantes du monde.<\/p>\n\t\t<\/div>\n\t\t\n\t\t<a class=\"elementor-post__read-more\" href=\"https:\/\/rongapartment.com\/fr\/guangdong-lessence-culturelle-du-lingnan-la-frontiere-ouverte-de-la-chine\/\" aria-label=\"En savoir plus sur Guangdong: The Cultural Essence of Lingnan, China\u2019s Open Frontier\" tabindex=\"-1\" >\n\t\t\tLire plus \"\t\t<\/a>\n\n\t\t\t\t<\/div>\n\t\t\t\t<\/article>\n\t\t\t\t<article class=\"elementor-post elementor-grid-item post-2136 post type-post status-publish format-standard has-post-thumbnail hentry category-guangdong\" role=\"listitem\">\n\t\t\t\t<a class=\"elementor-post__thumbnail__link\" href=\"https:\/\/rongapartment.com\/fr\/shenzhen-de-la-ville-frontaliere-a-la-vallee-du-silicium-chinoise\/\" tabindex=\"-1\" >\n\t\t\t<div class=\"elementor-post__thumbnail\"><img decoding=\"async\" width=\"300\" height=\"109\" src=\"https:\/\/rongapartment.com\/wp-content\/uploads\/2025\/08\/\u5343\u5e93\u7f51_\u4e2d\u56fd\u6df1\u5733\u524d\u6d77\u7e41\u534e\u90fd\u5e02\u84dd\u8c03\u666f\u89c2_\u6444\u5f71\u56fe\u7f16\u53f721195558-300x109.jpg\" class=\"attachment-medium size-medium wp-image-2137\" alt=\"\u5343\u5e93\u7f51 \u4e2d\u56fd\u6df1\u5733\u524d\u6d77\u7e41\u534e\u90fd\u5e02\u84dd\u8c03\u666f\u89c2 \u6444\u5f71\u56fe\u7f16\u53f721195558\" srcset=\"https:\/\/rongapartment.com\/wp-content\/uploads\/2025\/08\/\u5343\u5e93\u7f51_\u4e2d\u56fd\u6df1\u5733\u524d\u6d77\u7e41\u534e\u90fd\u5e02\u84dd\u8c03\u666f\u89c2_\u6444\u5f71\u56fe\u7f16\u53f721195558-300x109.jpg 300w, https:\/\/rongapartment.com\/wp-content\/uploads\/2025\/08\/\u5343\u5e93\u7f51_\u4e2d\u56fd\u6df1\u5733\u524d\u6d77\u7e41\u534e\u90fd\u5e02\u84dd\u8c03\u666f\u89c2_\u6444\u5f71\u56fe\u7f16\u53f721195558-1024x372.jpg 1024w, https:\/\/rongapartment.com\/wp-content\/uploads\/2025\/08\/\u5343\u5e93\u7f51_\u4e2d\u56fd\u6df1\u5733\u524d\u6d77\u7e41\u534e\u90fd\u5e02\u84dd\u8c03\u666f\u89c2_\u6444\u5f71\u56fe\u7f16\u53f721195558-768x279.jpg 768w, https:\/\/rongapartment.com\/wp-content\/uploads\/2025\/08\/\u5343\u5e93\u7f51_\u4e2d\u56fd\u6df1\u5733\u524d\u6d77\u7e41\u534e\u90fd\u5e02\u84dd\u8c03\u666f\u89c2_\u6444\u5f71\u56fe\u7f16\u53f721195558-1536x558.jpg 1536w, https:\/\/rongapartment.com\/wp-content\/uploads\/2025\/08\/\u5343\u5e93\u7f51_\u4e2d\u56fd\u6df1\u5733\u524d\u6d77\u7e41\u534e\u90fd\u5e02\u84dd\u8c03\u666f\u89c2_\u6444\u5f71\u56fe\u7f16\u53f721195558-2048x745.jpg 2048w, https:\/\/rongapartment.com\/wp-content\/uploads\/2025\/08\/\u5343\u5e93\u7f51_\u4e2d\u56fd\u6df1\u5733\u524d\u6d77\u7e41\u534e\u90fd\u5e02\u84dd\u8c03\u666f\u89c2_\u6444\u5f71\u56fe\u7f16\u53f721195558-18x7.jpg 18w, https:\/\/rongapartment.com\/wp-content\/uploads\/2025\/08\/\u5343\u5e93\u7f51_\u4e2d\u56fd\u6df1\u5733\u524d\u6d77\u7e41\u534e\u90fd\u5e02\u84dd\u8c03\u666f\u89c2_\u6444\u5f71\u56fe\u7f16\u53f721195558-600x218.jpg 600w\" sizes=\"(max-width: 300px) 100vw, 300px\" \/><\/div>\n\t\t<\/a>\n\t\t\t\t<div class=\"elementor-post__text\">\n\t\t\t\t<h3 class=\"elementor-post__title\">\n\t\t\t<a href=\"https:\/\/rongapartment.com\/fr\/shenzhen-de-la-ville-frontaliere-a-la-vallee-du-silicium-chinoise\/\" >\n\t\t\t\tShenzhen : De la ville frontali\u00e8re \u00e0 la Silicon Valley chinoise\t\t\t<\/a>\n\t\t<\/h3>\n\t\t\t\t<div class=\"elementor-post__excerpt\">\n\t\t\t<p>Shenzhen est une merveille moderne qui a subi une transformation \u00e9pique au cours des quatre derni\u00e8res d\u00e9cennies. Situ\u00e9e sur la rive orientale de la rivi\u00e8re des Perles<\/p>\n\t\t<\/div>\n\t\t\n\t\t<a class=\"elementor-post__read-more\" href=\"https:\/\/rongapartment.com\/fr\/shenzhen-de-la-ville-frontaliere-a-la-vallee-du-silicium-chinoise\/\" aria-label=\"En savoir plus sur Shenzhen: From Border Town to China&#8217;s Silicon Valley\" tabindex=\"-1\" >\n\t\t\tLire plus \"\t\t<\/a>\n\n\t\t\t\t<\/div>\n\t\t\t\t<\/article>\n\t\t\t\t<\/div>\n\t\t\n\t\t\t\t\t\t<\/div>\n\t\t\t\t<\/div>\n\t\t<div class=\"elementor-element elementor-element-17eaa374 e-con-full e-flex e-con e-child\" data-id=\"17eaa374\" data-element_type=\"container\">\n\t\t\t\t<div class=\"elementor-element elementor-element-303d5153 elementor-widget elementor-widget-video\" data-id=\"303d5153\" data-element_type=\"widget\" data-settings=\"{&quot;youtube_url&quot;:&quot;https:\\\/\\\/youtu.be\\\/NUwBHm8AMgs?si=elcYzcUIk7pm4SYe&quot;,&quot;video_type&quot;:&quot;youtube&quot;,&quot;controls&quot;:&quot;yes&quot;}\" data-widget_type=\"video.default\">\n\t\t\t\t<div class=\"elementor-widget-container\">\n\t\t\t\t\t\t\t<div class=\"elementor-wrapper elementor-open-inline\">\n\t\t\t<div class=\"elementor-video\"><\/div>\t\t<\/div>\n\t\t\t\t\t\t<\/div>\n\t\t\t\t<\/div>\n\t\t\t\t<\/div>\n\t\t\t\t\t<\/div>\n\t\t\t\t<\/div>\n\t\t<div class=\"elementor-element elementor-element-1638c4bd e-flex e-con-boxed e-con e-parent\" data-id=\"1638c4bd\" data-element_type=\"container\" data-settings=\"{&quot;background_background&quot;:&quot;classic&quot;}\">\n\t\t\t\t\t<div class=\"e-con-inner\">\n\t\t<div class=\"elementor-element elementor-element-1c16e469 e-con-full e-flex e-con e-child\" data-id=\"1c16e469\" data-element_type=\"container\">\n\t\t<div class=\"elementor-element elementor-element-5d391d65 e-flex e-con-boxed e-con e-child\" data-id=\"5d391d65\" data-element_type=\"container\">\n\t\t\t\t\t<div class=\"e-con-inner\">\n\t\t\t\t<div class=\"elementor-element elementor-element-1c5d5752 elementor-widget__width-initial elementor-widget elementor-widget-hfe-infocard\" data-id=\"1c5d5752\" data-element_type=\"widget\" data-widget_type=\"hfe-infocard.default\">\n\t\t\t\t<div class=\"elementor-widget-container\">\n\t\t\t\t\t\n\t\t<div class=\"hfe-infocard\">\n\t\t\t\t\t\t\t\t\t<div class=\"hfe-infocard-title-wrap\">\n\t\t\t\t<h2 class=\"hfe-infocard-title elementor-inline-editing\" data-elementor-setting-key=\"infocard_title\" data-elementor-inline-editing-toolbar=\"basic\" >Notre appartement \u00e0 Guangdong<\/h2>\t\t\t<\/div>\n\t\t\t\t\t\t<div class=\"hfe-infocard-text-wrap\">\n\t\t\t\t<div class=\"hfe-infocard-text elementor-inline-editing\" data-elementor-setting-key=\"infocard_description\" data-elementor-inline-editing-toolbar=\"advanced\">\n\t\t\t\t\tNos appartements \u00e0 Guangdong sont situ\u00e9s au centre de la ville, avec un acc\u00e8s facile aux transports publics et \u00e0 toutes les installations n\u00e9cessaires.\t\t\t\t<\/div>\n\t\t\t\t\t\t\t<\/div>\n\t\t<\/div>\n\n\t\t\t\t\t\t<\/div>\n\t\t\t\t<\/div>\n\t\t\t\t<div class=\"elementor-element elementor-element-44169b7d elementor-align-right elementor-widget__width-initial elementor-mobile-align-left elementor-widget-tablet__width-initial elementor-widget-mobile__width-inherit elementor-widget elementor-widget-button\" data-id=\"44169b7d\" data-element_type=\"widget\" data-widget_type=\"button.default\">\n\t\t\t\t<div class=\"elementor-widget-container\">\n\t\t\t\t\t\t\t\t\t<div class=\"elementor-button-wrapper\">\n\t\t\t\t\t<a class=\"elementor-button elementor-button-link elementor-size-sm\" href=\"\/fr\/categorie-produit\/shanghai\/?orderby=price\">\n\t\t\t\t\t\t<span class=\"elementor-button-content-wrapper\">\n\t\t\t\t\t\t\t\t\t<span class=\"elementor-button-text\">Voir tout<\/span>\n\t\t\t\t\t<\/span>\n\t\t\t\t\t<\/a>\n\t\t\t\t<\/div>\n\t\t\t\t\t\t\t\t<\/div>\n\t\t\t\t<\/div>\n\t\t\t\t\t<\/div>\n\t\t\t\t<\/div>\n\t\t<div class=\"elementor-element elementor-element-4ee16fe8 e-con-full e-flex e-con e-child\" data-id=\"4ee16fe8\" data-element_type=\"container\">\n\t\t\t\t<div class=\"elementor-element elementor-element-6dd19899 elementor-grid-3 elementor-grid-tablet-3 elementor-grid-mobile-2 elementor-products-grid elementor-wc-products elementor-show-pagination-border-yes elementor-widget elementor-widget-woocommerce-products\" data-id=\"6dd19899\" data-element_type=\"widget\" data-widget_type=\"woocommerce-products.default\">\n\t\t\t\t<div class=\"elementor-widget-container\">\n\t\t\t\t\t<div class=\"woocommerce columns-3\"><div class=\"woocommerce-notices-wrapper\"><\/div><ul class=\"products elementor-grid columns-3\">\n<li class=\"desktop-align-left tablet-align-left mobile-align-left product type-product post-2360 status-publish first instock product_cat-guangdong product_cat-guangdong-long-stay product_cat-long-stay has-post-thumbnail virtual sold-individually purchasable product-type-booking\">\n\t<a href=\"https:\/\/rongapartment.com\/fr\/produit\/nanshan-apartmentnanshan-districtshenzhen\/\" class=\"woocommerce-LoopProduct-link woocommerce-loop-product__link\"><img decoding=\"async\" width=\"300\" height=\"300\" src=\"https:\/\/rongapartment.com\/wp-content\/uploads\/2025\/09\/1\u9996\u9875-1-300x300.jpg\" class=\"attachment-woocommerce_thumbnail size-woocommerce_thumbnail\" alt=\"appartement nanshan, district de nanshan, shenzhen\" srcset=\"https:\/\/rongapartment.com\/wp-content\/uploads\/2025\/09\/1\u9996\u9875-1-300x300.jpg 300w, https:\/\/rongapartment.com\/wp-content\/uploads\/2025\/09\/1\u9996\u9875-1-150x150.jpg 150w, https:\/\/rongapartment.com\/wp-content\/uploads\/2025\/09\/1\u9996\u9875-1-100x100.jpg 100w\" sizes=\"(max-width: 300px) 100vw, 300px\" \/><h2 class=\"woocommerce-loop-product__title\">Nanshan Apartment, Nanshan District, Shenzhen<\/h2>\n\t<span class=\"price\"><span class=\"woocommerce-Price-amount amount\"><bdi><span class=\"woocommerce-Price-currencySymbol\">&#36;<\/span>1,500.00<\/bdi><\/span><span class=\"yith-wcbk-booking-product-price-unit\"> \/ mois<\/span><\/span>\n<\/a><a href=\"https:\/\/rongapartment.com\/fr\/produit\/nanshan-apartmentnanshan-districtshenzhen\/\" aria-describedby=\"woocommerce_loop_add_to_cart_link_describedby_2360\" data-quantity=\"1\" class=\"button product_type_booking add_to_cart_button\" data-product_id=\"2360\" data-product_sku=\"\" aria-label=\"En savoir plus sur \u201cNanshan Apartment,Nanshan District,Shenzhen\u201d\" rel=\"nofollow\" data-no-translation-aria-label=\"\">En savoir plus<\/a>\t<span id=\"woocommerce_loop_add_to_cart_link_describedby_2360\" class=\"screen-reader-text\">\n\t\t\t<\/span>\n<\/li>\n<\/ul>\n<\/div>\t\t\t\t<\/div>\n\t\t\t\t<\/div>\n\t\t\t\t<\/div>\n\t\t\t\t<\/div>\n\t\t\t\t\t<\/div>\n\t\t\t\t<\/div>\n\t\t<div class=\"elementor-element elementor-element-55871e87 e-flex e-con-boxed e-con e-parent\" data-id=\"55871e87\" data-element_type=\"container\" data-settings=\"{&quot;background_background&quot;:&quot;classic&quot;}\">\n\t\t\t\t\t<div class=\"e-con-inner\">\n\t\t<div class=\"elementor-element elementor-element-7e157e98 e-con-full e-flex e-con e-child\" data-id=\"7e157e98\" data-element_type=\"container\">\n\t\t\t\t<div class=\"elementor-element elementor-element-432b09fa elementor-widget elementor-widget-heading\" data-id=\"432b09fa\" data-element_type=\"widget\" data-widget_type=\"heading.default\">\n\t\t\t\t<div class=\"elementor-widget-container\">\n\t\t\t\t\t<h2 class=\"elementor-heading-title elementor-size-default\">Planifiez une exp\u00e9rience inoubliable \u00e0 l'appartement Rong !\n<\/h2>\t\t\t\t<\/div>\n\t\t\t\t<\/div>\n\t\t\t\t<div class=\"elementor-element elementor-element-66004fe1 elementor-widget elementor-widget-text-editor\" data-id=\"66004fe1\" data-element_type=\"widget\" data-widget_type=\"text-editor.default\">\n\t\t\t\t<div class=\"elementor-widget-container\">\n\t\t\t\t\t\t\t\t\tNous pouvons vous aider \u00e0 adapter votre s\u00e9jour et votre exp\u00e9rience \u00e0 votre budget.\n\n\t\t\t\t\t\t\t\t<\/div>\n\t\t\t\t<\/div>\n\t\t\t\t<div class=\"elementor-element elementor-element-4f67db03 elementor-widget elementor-widget-heading\" data-id=\"4f67db03\" data-element_type=\"widget\" data-widget_type=\"heading.default\">\n\t\t\t\t<div class=\"elementor-widget-container\">\n\t\t\t\t\t<p class=\"elementor-heading-title elementor-size-default\">R\u00e9servez votre s\u00e9jour d\u00e8s maintenant<\/p>\t\t\t\t<\/div>\n\t\t\t\t<\/div>\n\t\t\t\t<div class=\"elementor-element elementor-element-e82aa5f elementor-align-center elementor-icon-list--layout-traditional elementor-list-item-link-full_width elementor-widget elementor-widget-icon-list\" data-id=\"e82aa5f\" data-element_type=\"widget\" data-widget_type=\"icon-list.default\">\n\t\t\t\t<div class=\"elementor-widget-container\">\n\t\t\t\t\t\t\t<ul class=\"elementor-icon-list-items\">\n\t\t\t\t\t\t\t<li class=\"elementor-icon-list-item\">\n\t\t\t\t\t\t\t\t\t\t\t<span class=\"elementor-icon-list-icon\">\n\t\t\t\t\t\t\t<i aria-hidden=\"true\" class=\"fas fa-phone-alt\"><\/i>\t\t\t\t\t\t<\/span>\n\t\t\t\t\t\t\t\t\t\t<span class=\"elementor-icon-list-text\">+86-159 2155 3057<\/span>\n\t\t\t\t\t\t\t\t\t<\/li>\n\t\t\t\t\t\t<\/ul>\n\t\t\t\t\t\t<\/div>\n\t\t\t\t<\/div>\n\t\t\t\t<\/div>\n\t\t\t\t\t<\/div>\n\t\t\t\t<\/div>\n\t\t\t\t<\/div>","protected":false},"excerpt":{"rendered":"<p>GUANDONG Shanghai We have several Shanghai style apartments. Introduction to Magic City Guangdong Our apartment in Guangdong Our apartments in Guangdong are located in the center of the city, with easy access to public transportation and all the necessary facilities. View All Plan An Unforgettable Experience at Rong Apartment! We can help you fit your [&hellip;]<\/p>","protected":false},"author":1,"featured_media":0,"parent":0,"menu_order":0,"comment_status":"closed","ping_status":"closed","template":"","meta":{"site-sidebar-layout":"no-sidebar","site-content-layout":"page-builder","ast-site-content-layout":"full-width-container","site-content-style":"default","site-sidebar-style":"default","ast-global-header-display":"","ast-banner-title-visibility":"","ast-main-header-display":"","ast-hfb-above-header-display":"","ast-hfb-below-header-display":"","ast-hfb-mobile-header-display":"","site-post-title":"disabled","ast-breadcrumbs-content":"","ast-featured-img":"disabled","footer-sml-layout":"","theme-transparent-header-meta":"","adv-header-id-meta":"","stick-header-meta":"","header-above-stick-meta":"","header-main-stick-meta":"","header-below-stick-meta":"","astra-migrate-meta-layouts":"default","ast-page-background-enabled":"default","ast-page-background-meta":{"desktop":{"background-color":"","background-image":"","background-repeat":"repeat","background-position":"center center","background-size":"auto","background-attachment":"scroll","background-type":"","background-media":"","overlay-type":"","overlay-color":"","overlay-opacity":"","overlay-gradient":""},"tablet":{"background-color":"","background-image":"","background-repeat":"repeat","background-position":"center center","background-size":"auto","background-attachment":"scroll","background-type":"","background-media":"","overlay-type":"","overlay-color":"","overlay-opacity":"","overlay-gradient":""},"mobile":{"background-color":"","background-image":"","background-repeat":"repeat","background-position":"center center","background-size":"auto","background-attachment":"scroll","background-type":"","background-media":"","overlay-type":"","overlay-color":"","overlay-opacity":"","overlay-gradient":""}},"ast-content-background-meta":{"desktop":{"background-color":"var(--ast-global-color-5)","background-image":"","background-repeat":"repeat","background-position":"center center","background-size":"auto","background-attachment":"scroll","background-type":"","background-media":"","overlay-type":"","overlay-color":"","overlay-opacity":"","overlay-gradient":""},"tablet":{"background-color":"var(--ast-global-color-5)","background-image":"","background-repeat":"repeat","background-position":"center center","background-size":"auto","background-attachment":"scroll","background-type":"","background-media":"","overlay-type":"","overlay-color":"","overlay-opacity":"","overlay-gradient":""},"mobile":{"background-color":"var(--ast-global-color-5)","background-image":"","background-repeat":"repeat","background-position":"center center","background-size":"auto","background-attachment":"scroll","background-type":"","background-media":"","overlay-type":"","overlay-color":"","overlay-opacity":"","overlay-gradient":""}},"footnotes":""},"class_list":["post-1942","page","type-page","status-publish","hentry"],"_hostinger_reach_plugin_has_subscription_block":false,"_hostinger_reach_plugin_is_elementor":false,"_links":{"self":[{"href":"https:\/\/rongapartment.com\/fr\/wp-json\/wp\/v2\/pages\/1942","targetHints":{"allow":["GET"]}}],"collection":[{"href":"https:\/\/rongapartment.com\/fr\/wp-json\/wp\/v2\/pages"}],"about":[{"href":"https:\/\/rongapartment.com\/fr\/wp-json\/wp\/v2\/types\/page"}],"author":[{"embeddable":true,"href":"https:\/\/rongapartment.com\/fr\/wp-json\/wp\/v2\/users\/1"}],"replies":[{"embeddable":true,"href":"https:\/\/rongapartment.com\/fr\/wp-json\/wp\/v2\/comments?post=1942"}],"version-history":[{"count":16,"href":"https:\/\/rongapartment.com\/fr\/wp-json\/wp\/v2\/pages\/1942\/revisions"}],"predecessor-version":[{"id":2654,"href":"https:\/\/rongapartment.com\/fr\/wp-json\/wp\/v2\/pages\/1942\/revisions\/2654"}],"wp:attachment":[{"href":"https:\/\/rongapartment.com\/fr\/wp-json\/wp\/v2\/media?parent=1942"}],"curies":[{"name":"wp","href":"https:\/\/api.w.org\/{rel}","templated":true}]}}