{"id":1733,"date":"2025-08-13T12:31:58","date_gmt":"2025-08-13T12:31:58","guid":{"rendered":"https:\/\/rongapartment.com\/?page_id=1733"},"modified":"2025-10-23T10:40:11","modified_gmt":"2025-10-23T10:40:11","slug":"a-propos-de-nous","status":"publish","type":"page","link":"https:\/\/rongapartment.com\/fr\/a-propos-de-nous\/","title":{"rendered":"\u00c0 propos de nous"},"content":{"rendered":"<div data-elementor-type=\"wp-page\" data-elementor-id=\"1733\" class=\"elementor elementor-1733\" data-elementor-post-type=\"page\">\n\t\t\t\t<div class=\"elementor-element elementor-element-28aa0cf e-flex e-con-boxed e-con e-parent\" data-id=\"28aa0cf\" data-element_type=\"container\" data-settings=\"{&quot;background_background&quot;:&quot;classic&quot;}\">\n\t\t\t\t\t<div class=\"e-con-inner\">\n\t\t<div class=\"elementor-element elementor-element-72b6fe83 e-con-full e-flex e-con e-child\" data-id=\"72b6fe83\" data-element_type=\"container\">\n\t\t\t\t<div class=\"elementor-element elementor-element-6c430518 elementor-widget elementor-widget-hfe-infocard\" data-id=\"6c430518\" data-element_type=\"widget\" data-widget_type=\"hfe-infocard.default\">\n\t\t\t\t<div class=\"elementor-widget-container\">\n\t\t\t\t\t\n\t\t<div class=\"hfe-infocard\">\n\t\t\t\t\t\t\t\t\t<div class=\"hfe-infocard-title-wrap\">\n\t\t\t\t<h1 class=\"hfe-infocard-title elementor-inline-editing\" data-elementor-setting-key=\"infocard_title\" data-elementor-inline-editing-toolbar=\"basic\" >\u00c0 propos de nous<\/h1>\t\t\t<\/div>\n\t\t\t\t\t\t<div class=\"hfe-infocard-text-wrap\">\n\t\t\t\t<div class=\"hfe-infocard-text elementor-inline-editing\" data-elementor-setting-key=\"infocard_description\" data-elementor-inline-editing-toolbar=\"advanced\">\n\t\t\t\t\tSi vous cherchez une maison loin de chez vous, entrez ici. Vous pouvez obtenir\nune exp\u00e9rience incroyable et relaxante pendant vos vacances. Jetez un coup d'\u0153il de plus pr\u00e8s\nde plus pr\u00e8s les chambres que nous proposons et choisissez celle qui vous convient.\t\t\t\t<\/div>\n\t\t\t\t\t\t\t<\/div>\n\t\t<\/div>\n\n\t\t\t\t\t\t<\/div>\n\t\t\t\t<\/div>\n\t\t\t\t<\/div>\n\t\t\t\t\t<\/div>\n\t\t\t\t<\/div>\n\t\t<div class=\"elementor-element elementor-element-9ab1c09 e-grid e-con-boxed e-con e-parent\" data-id=\"9ab1c09\" data-element_type=\"container\">\n\t\t\t\t\t<div class=\"e-con-inner\">\n\t\t\t\t<div class=\"elementor-element elementor-element-4d2a598 elementor-widget elementor-widget-image\" data-id=\"4d2a598\" data-element_type=\"widget\" data-widget_type=\"image.default\">\n\t\t\t\t<div class=\"elementor-widget-container\">\n\t\t\t\t\t\t\t\t\t\t\t\t\t\t\t<img fetchpriority=\"high\" decoding=\"async\" width=\"1024\" height=\"683\" src=\"https:\/\/rongapartment.com\/wp-content\/uploads\/2025\/08\/\u5343\u5e93\u7f51_\u5367\u5ba4\u5bb6\u5c45\u88c5\u9970\u5ba4\u5185\u5317\u6b27\u98ce\u9152\u5e97\u6444\u5f71\u56fe\u914d\u56fe_\u6444\u5f71\u56fe\u7f16\u53f7224781-1024x683.jpg\" class=\"attachment-large size-large wp-image-1615\" alt=\"\" srcset=\"\" sizes=\"(max-width: 1024px) 100vw, 1024px\" data-srcset=\"\" \/>\t\t\t\t\t\t\t\t\t\t\t\t\t\t\t<\/div>\n\t\t\t\t<\/div>\n\t\t\t\t<div class=\"elementor-element elementor-element-9e2c780 elementor-widget elementor-widget-hfe-infocard\" data-id=\"9e2c780\" data-element_type=\"widget\" data-widget_type=\"hfe-infocard.default\">\n\t\t\t\t<div class=\"elementor-widget-container\">\n\t\t\t\t\t\n\t\t<div class=\"hfe-infocard\">\n\t\t\t\t\t\t\t\t\t<div class=\"hfe-infocard-title-wrap\">\n\t\t\t\t<h3 class=\"hfe-infocard-title elementor-inline-editing\" data-elementor-setting-key=\"infocard_title\" data-elementor-inline-editing-toolbar=\"basic\" >Appartement Rong<\/h3>\t\t\t<\/div>\n\t\t\t\t\t\t<div class=\"hfe-infocard-text-wrap\">\n\t\t\t\t<div class=\"hfe-infocard-text elementor-inline-editing\" data-elementor-setting-key=\"infocard_description\" data-elementor-inline-editing-toolbar=\"advanced\">\n\t\t\t\t\tDepuis plus d'une d\u00e9cennie, Rong Apartment a toujours privil\u00e9gi\u00e9 les emplacements centraux de premier ordre dans sa strat\u00e9gie de s\u00e9lection des sites. Si l'on prend l'exemple de Shanghai, ses immeubles sont situ\u00e9s \u00e0 l'endroit o\u00f9 les transports pratiques rencontrent le patrimoine historique et culturel, incarnant le m\u00e9lange unique des caract\u00e9ristiques orientales et occidentales de la ville tout en servant de plaque tournante pour l'art branch\u00e9. Cela permet aux r\u00e9sidents de savourer l'effervescence de la vie urbaine tout en appr\u00e9ciant ses nuances les plus fines. Dans d'autres villes, l'appartement Rong concilie de la m\u00eame mani\u00e8re le charme de la culture chinoise traditionnelle et les besoins en mati\u00e8re de loisirs et de vacances, en parvenant \u00e0 l'harmonie entre la vie quotidienne et l'enrichissement spirituel.\t\t\t\t<\/div>\n\t\t\t\t\t\t\t<\/div>\n\t\t<\/div>\n\n\t\t\t\t\t\t<\/div>\n\t\t\t\t<\/div>\n\t\t\t\t<div class=\"elementor-element elementor-element-601f209 elementor-widget elementor-widget-hfe-infocard\" data-id=\"601f209\" data-element_type=\"widget\" data-widget_type=\"hfe-infocard.default\">\n\t\t\t\t<div class=\"elementor-widget-container\">\n\t\t\t\t\t\n\t\t<div class=\"hfe-infocard\">\n\t\t\t\t\t\t\t\t\t<div class=\"hfe-infocard-title-wrap\">\n\t\t\t\t<h3 class=\"hfe-infocard-title elementor-inline-editing\" data-elementor-setting-key=\"infocard_title\" data-elementor-inline-editing-toolbar=\"basic\" >      <\/h3>\t\t\t<\/div>\n\t\t\t\t\t\t<div class=\"hfe-infocard-text-wrap\">\n\t\t\t\t<div class=\"hfe-infocard-text elementor-inline-editing\" data-elementor-setting-key=\"infocard_description\" data-elementor-inline-editing-toolbar=\"advanced\">\n\t\t\t\t\t<p>Au-del\u00e0 de son emplacement strat\u00e9gique, le Rong Apartment est fier de fournir des services bien pens\u00e9s. Nous r\u00e9pondons rapidement aux besoins quotidiens et aux situations inattendues afin que chaque r\u00e9sident se sente en s\u00e9curit\u00e9 et pris en charge. En m\u00eame temps, nous offrons des exp\u00e9riences de vie pratiques gr\u00e2ce \u00e0 des services tels que le nettoyage et l'entretien des appareils, lib\u00e9rant ainsi les r\u00e9sidents des tracas quotidiens.<\/p><p><span style=\"font-style: inherit;font-weight: inherit\">Au cours de la derni\u00e8re d\u00e9cennie, Rong Apartment a pris soin de l'exp\u00e9rience de vie de chaque r\u00e9sident, s'effor\u00e7ant constamment d'\u00eatre un partenaire de confiance avec un v\u00e9ritable d\u00e9vouement.<\/span><\/p>\t\t\t\t<\/div>\n\t\t\t\t\t\t\t<\/div>\n\t\t<\/div>\n\n\t\t\t\t\t\t<\/div>\n\t\t\t\t<\/div>\n\t\t\t\t<div class=\"elementor-element elementor-element-90e8ca7 elementor-widget elementor-widget-image\" data-id=\"90e8ca7\" data-element_type=\"widget\" data-widget_type=\"image.default\">\n\t\t\t\t<div class=\"elementor-widget-container\">\n\t\t\t\t\t\t\t\t\t\t\t\t\t\t\t<img decoding=\"async\" width=\"1024\" height=\"683\" src=\"https:\/\/rongapartment.com\/wp-content\/uploads\/2025\/08\/\u5343\u5e93\u7f51_\u5367\u5ba4\u88c5\u4fee\u6444\u5f71\u56fe_\u6444\u5f71\u56fe\u7f16\u53f7114065-1024x683.jpg\" class=\"attachment-large size-large wp-image-1614\" alt=\"\u5343\u5e93\u7f51 \u5367\u5ba4\u88c5\u4fee\u6444\u5f71\u56fe \u6444\u5f71\u56fe\u7f16\u53f7114065\" srcset=\"https:\/\/rongapartment.com\/wp-content\/uploads\/2025\/08\/\u5343\u5e93\u7f51_\u5367\u5ba4\u88c5\u4fee\u6444\u5f71\u56fe_\u6444\u5f71\u56fe\u7f16\u53f7114065-1024x683.jpg 1024w, https:\/\/rongapartment.com\/wp-content\/uploads\/2025\/08\/\u5343\u5e93\u7f51_\u5367\u5ba4\u88c5\u4fee\u6444\u5f71\u56fe_\u6444\u5f71\u56fe\u7f16\u53f7114065-300x200.jpg 300w, https:\/\/rongapartment.com\/wp-content\/uploads\/2025\/08\/\u5343\u5e93\u7f51_\u5367\u5ba4\u88c5\u4fee\u6444\u5f71\u56fe_\u6444\u5f71\u56fe\u7f16\u53f7114065-768x512.jpg 768w, https:\/\/rongapartment.com\/wp-content\/uploads\/2025\/08\/\u5343\u5e93\u7f51_\u5367\u5ba4\u88c5\u4fee\u6444\u5f71\u56fe_\u6444\u5f71\u56fe\u7f16\u53f7114065-1536x1024.jpg 1536w, https:\/\/rongapartment.com\/wp-content\/uploads\/2025\/08\/\u5343\u5e93\u7f51_\u5367\u5ba4\u88c5\u4fee\u6444\u5f71\u56fe_\u6444\u5f71\u56fe\u7f16\u53f7114065-2048x1365.jpg 2048w, https:\/\/rongapartment.com\/wp-content\/uploads\/2025\/08\/\u5343\u5e93\u7f51_\u5367\u5ba4\u88c5\u4fee\u6444\u5f71\u56fe_\u6444\u5f71\u56fe\u7f16\u53f7114065-18x12.jpg 18w, https:\/\/rongapartment.com\/wp-content\/uploads\/2025\/08\/\u5343\u5e93\u7f51_\u5367\u5ba4\u88c5\u4fee\u6444\u5f71\u56fe_\u6444\u5f71\u56fe\u7f16\u53f7114065-600x400.jpg 600w\" sizes=\"(max-width: 1024px) 100vw, 1024px\" \/>\t\t\t\t\t\t\t\t\t\t\t\t\t\t\t<\/div>\n\t\t\t\t<\/div>\n\t\t\t\t\t<\/div>\n\t\t\t\t<\/div>\n\t\t<div class=\"elementor-element elementor-element-71a48479 e-flex e-con-boxed e-con e-parent\" data-id=\"71a48479\" data-element_type=\"container\" data-settings=\"{&quot;background_background&quot;:&quot;classic&quot;}\">\n\t\t\t\t\t<div class=\"e-con-inner\">\n\t\t<div class=\"elementor-element elementor-element-6e38e7b4 e-con-full e-flex e-con e-child\" data-id=\"6e38e7b4\" data-element_type=\"container\">\n\t\t\t\t<div class=\"elementor-element elementor-element-5f15ce8 elementor-widget elementor-widget-heading\" data-id=\"5f15ce8\" data-element_type=\"widget\" data-widget_type=\"heading.default\">\n\t\t\t\t<div class=\"elementor-widget-container\">\n\t\t\t\t\t<h2 class=\"elementor-heading-title elementor-size-default\">Planifiez une exp\u00e9rience inoubliable \u00e0 l'appartement Rong !\n<\/h2>\t\t\t\t<\/div>\n\t\t\t\t<\/div>\n\t\t\t\t<div class=\"elementor-element elementor-element-7e5b1a8c elementor-widget elementor-widget-text-editor\" data-id=\"7e5b1a8c\" data-element_type=\"widget\" data-widget_type=\"text-editor.default\">\n\t\t\t\t<div class=\"elementor-widget-container\">\n\t\t\t\t\t\t\t\t\tNous pouvons vous aider \u00e0 adapter votre s\u00e9jour et votre exp\u00e9rience \u00e0 votre budget.\n\n\t\t\t\t\t\t\t\t<\/div>\n\t\t\t\t<\/div>\n\t\t\t\t<div class=\"elementor-element elementor-element-3e81589f elementor-widget elementor-widget-heading\" data-id=\"3e81589f\" data-element_type=\"widget\" data-widget_type=\"heading.default\">\n\t\t\t\t<div class=\"elementor-widget-container\">\n\t\t\t\t\t<p class=\"elementor-heading-title elementor-size-default\">R\u00e9servez votre s\u00e9jour d\u00e8s maintenant<\/p>\t\t\t\t<\/div>\n\t\t\t\t<\/div>\n\t\t\t\t<div class=\"elementor-element elementor-element-6736dd83 elementor-align-center elementor-icon-list--layout-traditional elementor-list-item-link-full_width elementor-widget elementor-widget-icon-list\" data-id=\"6736dd83\" data-element_type=\"widget\" data-widget_type=\"icon-list.default\">\n\t\t\t\t<div class=\"elementor-widget-container\">\n\t\t\t\t\t\t\t<ul class=\"elementor-icon-list-items\">\n\t\t\t\t\t\t\t<li class=\"elementor-icon-list-item\">\n\t\t\t\t\t\t\t\t\t\t\t<span class=\"elementor-icon-list-icon\">\n\t\t\t\t\t\t\t<i aria-hidden=\"true\" class=\"fas fa-phone-alt\"><\/i>\t\t\t\t\t\t<\/span>\n\t\t\t\t\t\t\t\t\t\t<span class=\"elementor-icon-list-text\">+86-159 2155 3057<\/span>\n\t\t\t\t\t\t\t\t\t<\/li>\n\t\t\t\t\t\t<\/ul>\n\t\t\t\t\t\t<\/div>\n\t\t\t\t<\/div>\n\t\t\t\t<\/div>\n\t\t\t\t\t<\/div>\n\t\t\t\t<\/div>\n\t\t\t\t<\/div>","protected":false},"excerpt":{"rendered":"<p>About Us If you are looking for a home away from home, just walk in here. You can get both, an incredible and relaxing experience while you are on a holiday. Take a closer look into the rooms we offer and pick the one for you. Rong Apartment With a history spanning over a decade, [&hellip;]<\/p>","protected":false},"author":1,"featured_media":0,"parent":0,"menu_order":0,"comment_status":"closed","ping_status":"closed","template":"","meta":{"site-sidebar-layout":"no-sidebar","site-content-layout":"page-builder","ast-site-content-layout":"full-width-container","site-content-style":"default","site-sidebar-style":"default","ast-global-header-display":"","ast-banner-title-visibility":"","ast-main-header-display":"","ast-hfb-above-header-display":"","ast-hfb-below-header-display":"","ast-hfb-mobile-header-display":"","site-post-title":"disabled","ast-breadcrumbs-content":"","ast-featured-img":"disabled","footer-sml-layout":"","theme-transparent-header-meta":"","adv-header-id-meta":"","stick-header-meta":"","header-above-stick-meta":"","header-main-stick-meta":"","header-below-stick-meta":"","astra-migrate-meta-layouts":"set","ast-page-background-enabled":"default","ast-page-background-meta":{"desktop":{"background-color":"","background-image":"","background-repeat":"repeat","background-position":"center center","background-size":"auto","background-attachment":"scroll","background-type":"","background-media":"","overlay-type":"","overlay-color":"","overlay-opacity":"","overlay-gradient":""},"tablet":{"background-color":"","background-image":"","background-repeat":"repeat","background-position":"center center","background-size":"auto","background-attachment":"scroll","background-type":"","background-media":"","overlay-type":"","overlay-color":"","overlay-opacity":"","overlay-gradient":""},"mobile":{"background-color":"","background-image":"","background-repeat":"repeat","background-position":"center center","background-size":"auto","background-attachment":"scroll","background-type":"","background-media":"","overlay-type":"","overlay-color":"","overlay-opacity":"","overlay-gradient":""}},"ast-content-background-meta":{"desktop":{"background-color":"var(--ast-global-color-5)","background-image":"","background-repeat":"repeat","background-position":"center center","background-size":"auto","background-attachment":"scroll","background-type":"","background-media":"","overlay-type":"","overlay-color":"","overlay-opacity":"","overlay-gradient":""},"tablet":{"background-color":"var(--ast-global-color-5)","background-image":"","background-repeat":"repeat","background-position":"center center","background-size":"auto","background-attachment":"scroll","background-type":"","background-media":"","overlay-type":"","overlay-color":"","overlay-opacity":"","overlay-gradient":""},"mobile":{"background-color":"var(--ast-global-color-5)","background-image":"","background-repeat":"repeat","background-position":"center center","background-size":"auto","background-attachment":"scroll","background-type":"","background-media":"","overlay-type":"","overlay-color":"","overlay-opacity":"","overlay-gradient":""}},"footnotes":""},"class_list":["post-1733","page","type-page","status-publish","hentry"],"_hostinger_reach_plugin_has_subscription_block":false,"_hostinger_reach_plugin_is_elementor":false,"_links":{"self":[{"href":"https:\/\/rongapartment.com\/fr\/wp-json\/wp\/v2\/pages\/1733","targetHints":{"allow":["GET"]}}],"collection":[{"href":"https:\/\/rongapartment.com\/fr\/wp-json\/wp\/v2\/pages"}],"about":[{"href":"https:\/\/rongapartment.com\/fr\/wp-json\/wp\/v2\/types\/page"}],"author":[{"embeddable":true,"href":"https:\/\/rongapartment.com\/fr\/wp-json\/wp\/v2\/users\/1"}],"replies":[{"embeddable":true,"href":"https:\/\/rongapartment.com\/fr\/wp-json\/wp\/v2\/comments?post=1733"}],"version-history":[{"count":10,"href":"https:\/\/rongapartment.com\/fr\/wp-json\/wp\/v2\/pages\/1733\/revisions"}],"predecessor-version":[{"id":2671,"href":"https:\/\/rongapartment.com\/fr\/wp-json\/wp\/v2\/pages\/1733\/revisions\/2671"}],"wp:attachment":[{"href":"https:\/\/rongapartment.com\/fr\/wp-json\/wp\/v2\/media?parent=1733"}],"curies":[{"name":"wp","href":"https:\/\/api.w.org\/{rel}","templated":true}]}}