{"id":1495,"date":"2025-08-08T08:38:04","date_gmt":"2025-08-08T08:38:04","guid":{"rendered":"https:\/\/rongapartment.com\/?page_id=1495"},"modified":"2025-09-11T11:47:45","modified_gmt":"2025-09-11T11:47:45","slug":"livraison-de-fleurs","status":"publish","type":"page","link":"https:\/\/rongapartment.com\/fr\/livraison-de-fleurs\/","title":{"rendered":"Livraison de fleurs"},"content":{"rendered":"<div data-elementor-type=\"wp-page\" data-elementor-id=\"1495\" class=\"elementor elementor-1495\" data-elementor-post-type=\"page\">\n\t\t\t\t<div class=\"elementor-element elementor-element-19b072b2 e-flex e-con-boxed e-con e-parent\" data-id=\"19b072b2\" data-element_type=\"container\" data-settings=\"{&quot;background_background&quot;:&quot;classic&quot;}\">\n\t\t\t\t\t<div class=\"e-con-inner\">\n\t\t<div class=\"elementor-element elementor-element-7b3afb73 e-con-full e-flex e-con e-child\" data-id=\"7b3afb73\" data-element_type=\"container\">\n\t\t\t\t<div class=\"elementor-element elementor-element-3ca37f9d elementor-widget elementor-widget-hfe-infocard\" data-id=\"3ca37f9d\" data-element_type=\"widget\" data-widget_type=\"hfe-infocard.default\">\n\t\t\t\t<div class=\"elementor-widget-container\">\n\t\t\t\t\t\n\t\t<div class=\"hfe-infocard\">\n\t\t\t\t\t\t\t\t\t<div class=\"hfe-infocard-title-wrap\">\n\t\t\t\t<h1 class=\"hfe-infocard-title elementor-inline-editing\" data-elementor-setting-key=\"infocard_title\" data-elementor-inline-editing-toolbar=\"basic\" >Livraison de fleurs<\/h1>\t\t\t<\/div>\n\t\t\t\t\t\t<div class=\"hfe-infocard-text-wrap\">\n\t\t\t\t<div class=\"hfe-infocard-text elementor-inline-editing\" data-elementor-setting-key=\"infocard_description\" data-elementor-inline-editing-toolbar=\"advanced\">\n\t\t\t\t\t\t\t\t\t<\/div>\n\t\t\t\t\t\t\t<\/div>\n\t\t<\/div>\n\n\t\t\t\t\t\t<\/div>\n\t\t\t\t<\/div>\n\t\t\t\t<\/div>\n\t\t\t\t\t<\/div>\n\t\t\t\t<\/div>\n\t\t<div class=\"elementor-element elementor-element-1d753c4 e-grid e-con-boxed e-con e-parent\" data-id=\"1d753c4\" data-element_type=\"container\">\n\t\t\t\t\t<div class=\"e-con-inner\">\n\t\t\t\t<div class=\"elementor-element elementor-element-4630f239 elementor-widget elementor-widget-image\" data-id=\"4630f239\" data-element_type=\"widget\" data-widget_type=\"image.default\">\n\t\t\t\t<div class=\"elementor-widget-container\">\n\t\t\t\t\t\t\t\t\t\t\t\t\t\t\t<img fetchpriority=\"high\" decoding=\"async\" width=\"1024\" height=\"610\" src=\"https:\/\/rongapartment.com\/wp-content\/uploads\/2025\/09\/\u5343\u5e93\u7f51_\u4e00\u675f\u7f8e\u4e3d\u7684\u9c9c\u82b1\u6444\u5f711_\u6444\u5f71\u56fe\u7f16\u53f720624656-1024x610.png\" class=\"attachment-large size-large wp-image-2296\" alt=\"\u5343\u5e93\u7f51 \u4e00\u675f\u7f8e\u4e3d\u7684\u9c9c\u82b1\u6444\u5f711 \u6444\u5f71\u56fe\u7f16\u53f720624656\" srcset=\"https:\/\/rongapartment.com\/wp-content\/uploads\/2025\/09\/\u5343\u5e93\u7f51_\u4e00\u675f\u7f8e\u4e3d\u7684\u9c9c\u82b1\u6444\u5f711_\u6444\u5f71\u56fe\u7f16\u53f720624656-1024x610.png 1024w, https:\/\/rongapartment.com\/wp-content\/uploads\/2025\/09\/\u5343\u5e93\u7f51_\u4e00\u675f\u7f8e\u4e3d\u7684\u9c9c\u82b1\u6444\u5f711_\u6444\u5f71\u56fe\u7f16\u53f720624656-300x179.png 300w, https:\/\/rongapartment.com\/wp-content\/uploads\/2025\/09\/\u5343\u5e93\u7f51_\u4e00\u675f\u7f8e\u4e3d\u7684\u9c9c\u82b1\u6444\u5f711_\u6444\u5f71\u56fe\u7f16\u53f720624656-768x457.png 768w, https:\/\/rongapartment.com\/wp-content\/uploads\/2025\/09\/\u5343\u5e93\u7f51_\u4e00\u675f\u7f8e\u4e3d\u7684\u9c9c\u82b1\u6444\u5f711_\u6444\u5f71\u56fe\u7f16\u53f720624656-18x12.png 18w, https:\/\/rongapartment.com\/wp-content\/uploads\/2025\/09\/\u5343\u5e93\u7f51_\u4e00\u675f\u7f8e\u4e3d\u7684\u9c9c\u82b1\u6444\u5f711_\u6444\u5f71\u56fe\u7f16\u53f720624656-600x357.png 600w, https:\/\/rongapartment.com\/wp-content\/uploads\/2025\/09\/\u5343\u5e93\u7f51_\u4e00\u675f\u7f8e\u4e3d\u7684\u9c9c\u82b1\u6444\u5f711_\u6444\u5f71\u56fe\u7f16\u53f720624656.png 1424w\" sizes=\"(max-width: 1024px) 100vw, 1024px\" \/>\t\t\t\t\t\t\t\t\t\t\t\t\t\t\t<\/div>\n\t\t\t\t<\/div>\n\t\t<div class=\"elementor-element elementor-element-60ad4a0 e-con-full e-flex e-con e-child\" data-id=\"60ad4a0\" data-element_type=\"container\">\n\t\t\t\t<div class=\"elementor-element elementor-element-371c7e9 elementor-widget elementor-widget-text-editor\" data-id=\"371c7e9\" data-element_type=\"widget\" data-widget_type=\"text-editor.default\">\n\t\t\t\t<div class=\"elementor-widget-container\">\n\t\t\t\t\t\t\t\t\t<p>Nous proposons des services de livraison de fleurs exquises \u00e0 des prix comp\u00e9titifs, en veillant \u00e0 ce que chaque geste attentionn\u00e9 soit livr\u00e9 avec \u00e9l\u00e9gance et en ajoutant une touche de raffinement \u00e0 votre vie. Nos bouquets sont compos\u00e9s de fleurs de qualit\u00e9 sup\u00e9rieure soigneusement s\u00e9lectionn\u00e9es et provenant de la r\u00e9gion. Ils sont disponibles dans une vari\u00e9t\u00e9 de styles, tels que les roses romantiques et les lys frais, afin de transmettre chaleur et beaut\u00e9 par le biais d'exp\u00e9riences d'offrandes significatives. <strong><b>Faites livrer des fleurs de boutique \u00e0 votre porte \u00e0 partir de seulement 20\u00a5 ! <\/b><\/strong>Pour passer une commande, veuillez contacter notre \u00e9quipe.<\/p>\t\t\t\t\t\t\t\t<\/div>\n\t\t\t\t<\/div>\n\t\t\t\t<div class=\"elementor-element elementor-element-7a03a74 elementor-widget elementor-widget-button\" data-id=\"7a03a74\" data-element_type=\"widget\" data-widget_type=\"button.default\">\n\t\t\t\t<div class=\"elementor-widget-container\">\n\t\t\t\t\t\t\t\t\t<div class=\"elementor-button-wrapper\">\n\t\t\t\t\t<a class=\"elementor-button elementor-button-link elementor-size-sm\" href=\"mailto:liurongrong@rongshushang.cn\" id=\"ms\">\n\t\t\t\t\t\t<span class=\"elementor-button-content-wrapper\">\n\t\t\t\t\t\t\t\t\t<span class=\"elementor-button-text\">Nous contacter<\/span>\n\t\t\t\t\t<\/span>\n\t\t\t\t\t<\/a>\n\t\t\t\t<\/div>\n\t\t\t\t\t\t\t\t<\/div>\n\t\t\t\t<\/div>\n\t\t\t\t<\/div>\n\t\t\t\t\t<\/div>\n\t\t\t\t<\/div>\n\t\t<div class=\"elementor-element elementor-element-270f6327 e-flex e-con-boxed e-con e-parent\" data-id=\"270f6327\" data-element_type=\"container\" data-settings=\"{&quot;background_background&quot;:&quot;classic&quot;}\">\n\t\t\t\t\t<div class=\"e-con-inner\">\n\t\t<div class=\"elementor-element elementor-element-39b52e73 e-con-full e-flex e-con e-child\" data-id=\"39b52e73\" data-element_type=\"container\">\n\t\t\t\t<div class=\"elementor-element elementor-element-35cf06ad elementor-widget elementor-widget-heading\" data-id=\"35cf06ad\" data-element_type=\"widget\" data-widget_type=\"heading.default\">\n\t\t\t\t<div class=\"elementor-widget-container\">\n\t\t\t\t\t<h2 class=\"elementor-heading-title elementor-size-default\">Planifiez une exp\u00e9rience inoubliable \u00e0 l'appartement Rong !<\/h2>\t\t\t\t<\/div>\n\t\t\t\t<\/div>\n\t\t\t\t<div class=\"elementor-element elementor-element-76e0c3b2 elementor-widget elementor-widget-text-editor\" data-id=\"76e0c3b2\" data-element_type=\"widget\" data-widget_type=\"text-editor.default\">\n\t\t\t\t<div class=\"elementor-widget-container\">\n\t\t\t\t\t\t\t\t\tNous pouvons vous aider \u00e0 adapter votre s\u00e9jour et votre exp\u00e9rience \u00e0 votre budget.\n\n\t\t\t\t\t\t\t\t<\/div>\n\t\t\t\t<\/div>\n\t\t\t\t<div class=\"elementor-element elementor-element-628935d2 elementor-widget elementor-widget-heading\" data-id=\"628935d2\" data-element_type=\"widget\" data-widget_type=\"heading.default\">\n\t\t\t\t<div class=\"elementor-widget-container\">\n\t\t\t\t\t<p class=\"elementor-heading-title elementor-size-default\">R\u00e9servez votre s\u00e9jour d\u00e8s maintenant<\/p>\t\t\t\t<\/div>\n\t\t\t\t<\/div>\n\t\t\t\t<div class=\"elementor-element elementor-element-72ecb91 elementor-align-center elementor-icon-list--layout-traditional elementor-list-item-link-full_width elementor-widget elementor-widget-icon-list\" data-id=\"72ecb91\" data-element_type=\"widget\" data-widget_type=\"icon-list.default\">\n\t\t\t\t<div class=\"elementor-widget-container\">\n\t\t\t\t\t\t\t<ul class=\"elementor-icon-list-items\">\n\t\t\t\t\t\t\t<li class=\"elementor-icon-list-item\">\n\t\t\t\t\t\t\t\t\t\t\t<span class=\"elementor-icon-list-icon\">\n\t\t\t\t\t\t\t<i aria-hidden=\"true\" class=\"fas fa-phone-alt\"><\/i>\t\t\t\t\t\t<\/span>\n\t\t\t\t\t\t\t\t\t\t<span class=\"elementor-icon-list-text\">+86-159 2155 3057<\/span>\n\t\t\t\t\t\t\t\t\t<\/li>\n\t\t\t\t\t\t<\/ul>\n\t\t\t\t\t\t<\/div>\n\t\t\t\t<\/div>\n\t\t\t\t<\/div>\n\t\t\t\t\t<\/div>\n\t\t\t\t<\/div>\n\t\t\t\t<\/div>","protected":false},"excerpt":{"rendered":"<p>Flower Delivery We offer exquisitely crafted flower delivery services at competitive prices, ensuring every thoughtful gesture is delivered with elegance and adding a touch of refinement to your life. Our bouquets feature carefully selected, locally-sourced premium flowers and are available in a variety of styles\u2014such as romantic roses and fresh lilies\u2014to convey warmth and beauty [&hellip;]<\/p>","protected":false},"author":1,"featured_media":0,"parent":0,"menu_order":0,"comment_status":"closed","ping_status":"closed","template":"","meta":{"site-sidebar-layout":"no-sidebar","site-content-layout":"page-builder","ast-site-content-layout":"full-width-container","site-content-style":"default","site-sidebar-style":"default","ast-global-header-display":"","ast-banner-title-visibility":"","ast-main-header-display":"","ast-hfb-above-header-display":"","ast-hfb-below-header-display":"","ast-hfb-mobile-header-display":"","site-post-title":"disabled","ast-breadcrumbs-content":"","ast-featured-img":"disabled","footer-sml-layout":"","theme-transparent-header-meta":"","adv-header-id-meta":"","stick-header-meta":"","header-above-stick-meta":"","header-main-stick-meta":"","header-below-stick-meta":"","astra-migrate-meta-layouts":"set","ast-page-background-enabled":"default","ast-page-background-meta":{"desktop":{"background-color":"","background-image":"","background-repeat":"repeat","background-position":"center center","background-size":"auto","background-attachment":"scroll","background-type":"","background-media":"","overlay-type":"","overlay-color":"","overlay-opacity":"","overlay-gradient":""},"tablet":{"background-color":"","background-image":"","background-repeat":"repeat","background-position":"center center","background-size":"auto","background-attachment":"scroll","background-type":"","background-media":"","overlay-type":"","overlay-color":"","overlay-opacity":"","overlay-gradient":""},"mobile":{"background-color":"","background-image":"","background-repeat":"repeat","background-position":"center center","background-size":"auto","background-attachment":"scroll","background-type":"","background-media":"","overlay-type":"","overlay-color":"","overlay-opacity":"","overlay-gradient":""}},"ast-content-background-meta":{"desktop":{"background-color":"var(--ast-global-color-5)","background-image":"","background-repeat":"repeat","background-position":"center center","background-size":"auto","background-attachment":"scroll","background-type":"","background-media":"","overlay-type":"","overlay-color":"","overlay-opacity":"","overlay-gradient":""},"tablet":{"background-color":"var(--ast-global-color-5)","background-image":"","background-repeat":"repeat","background-position":"center center","background-size":"auto","background-attachment":"scroll","background-type":"","background-media":"","overlay-type":"","overlay-color":"","overlay-opacity":"","overlay-gradient":""},"mobile":{"background-color":"var(--ast-global-color-5)","background-image":"","background-repeat":"repeat","background-position":"center center","background-size":"auto","background-attachment":"scroll","background-type":"","background-media":"","overlay-type":"","overlay-color":"","overlay-opacity":"","overlay-gradient":""}},"footnotes":""},"class_list":["post-1495","page","type-page","status-publish","hentry"],"_hostinger_reach_plugin_has_subscription_block":false,"_hostinger_reach_plugin_is_elementor":false,"_links":{"self":[{"href":"https:\/\/rongapartment.com\/fr\/wp-json\/wp\/v2\/pages\/1495","targetHints":{"allow":["GET"]}}],"collection":[{"href":"https:\/\/rongapartment.com\/fr\/wp-json\/wp\/v2\/pages"}],"about":[{"href":"https:\/\/rongapartment.com\/fr\/wp-json\/wp\/v2\/types\/page"}],"author":[{"embeddable":true,"href":"https:\/\/rongapartment.com\/fr\/wp-json\/wp\/v2\/users\/1"}],"replies":[{"embeddable":true,"href":"https:\/\/rongapartment.com\/fr\/wp-json\/wp\/v2\/comments?post=1495"}],"version-history":[{"count":19,"href":"https:\/\/rongapartment.com\/fr\/wp-json\/wp\/v2\/pages\/1495\/revisions"}],"predecessor-version":[{"id":2557,"href":"https:\/\/rongapartment.com\/fr\/wp-json\/wp\/v2\/pages\/1495\/revisions\/2557"}],"wp:attachment":[{"href":"https:\/\/rongapartment.com\/fr\/wp-json\/wp\/v2\/media?parent=1495"}],"curies":[{"name":"wp","href":"https:\/\/api.w.org\/{rel}","templated":true}]}}