{"id":1487,"date":"2025-08-08T08:35:14","date_gmt":"2025-08-08T08:35:14","guid":{"rendered":"https:\/\/rongapartment.com\/?page_id=1487"},"modified":"2025-09-09T11:35:39","modified_gmt":"2025-09-09T11:35:39","slug":"zhejiang","status":"publish","type":"page","link":"https:\/\/rongapartment.com\/fr\/zhejiang\/","title":{"rendered":"Zhejiang"},"content":{"rendered":"<div data-elementor-type=\"wp-page\" data-elementor-id=\"1487\" class=\"elementor elementor-1487\" data-elementor-post-type=\"page\">\n\t\t\t\t<div class=\"elementor-element elementor-element-5b57fef0 e-flex e-con-boxed e-con e-parent\" data-id=\"5b57fef0\" data-element_type=\"container\" data-settings=\"{&quot;background_background&quot;:&quot;classic&quot;}\">\n\t\t\t\t\t<div class=\"e-con-inner\">\n\t\t<div class=\"elementor-element elementor-element-33938a25 e-con-full e-flex e-con e-child\" data-id=\"33938a25\" data-element_type=\"container\">\n\t\t\t\t<div class=\"elementor-element elementor-element-32301c1c elementor-widget elementor-widget-hfe-infocard\" data-id=\"32301c1c\" data-element_type=\"widget\" data-widget_type=\"hfe-infocard.default\">\n\t\t\t\t<div class=\"elementor-widget-container\">\n\t\t\t\t\t\n\t\t<div class=\"hfe-infocard\">\n\t\t\t\t\t\t\t\t\t<div class=\"hfe-infocard-title-wrap\">\n\t\t\t\t<h1 class=\"hfe-infocard-title elementor-inline-editing\" data-elementor-setting-key=\"infocard_title\" data-elementor-inline-editing-toolbar=\"basic\" >ZHEJIANG<\/h1>\t\t\t<\/div>\n\t\t\t\t\t\t<div class=\"hfe-infocard-text-wrap\">\n\t\t\t\t<div class=\"hfe-infocard-text elementor-inline-editing\" data-elementor-setting-key=\"infocard_description\" data-elementor-inline-editing-toolbar=\"advanced\">\n\t\t\t\t\tNous disposons d'un certain nombre d'appartements dans plusieurs villes du Zhejiang, avec des paysages magnifiques, des \u00e9quipements complets et une excellente situation.\t\t\t\t<\/div>\n\t\t\t\t\t\t\t<\/div>\n\t\t<\/div>\n\n\t\t\t\t\t\t<\/div>\n\t\t\t\t<\/div>\n\t\t\t\t<\/div>\n\t\t\t\t\t<\/div>\n\t\t\t\t<\/div>\n\t\t<div class=\"elementor-element elementor-element-f592816 e-flex e-con-boxed e-con e-parent\" data-id=\"f592816\" data-element_type=\"container\" data-settings=\"{&quot;background_background&quot;:&quot;classic&quot;}\">\n\t\t\t\t\t<div class=\"e-con-inner\">\n\t\t<div class=\"elementor-element elementor-element-25c96c52 e-con-full e-flex e-con e-child\" data-id=\"25c96c52\" data-element_type=\"container\">\n\t\t<div class=\"elementor-element elementor-element-17f0727e e-flex e-con-boxed e-con e-child\" data-id=\"17f0727e\" data-element_type=\"container\">\n\t\t\t\t\t<div class=\"e-con-inner\">\n\t\t\t\t<div class=\"elementor-element elementor-element-3688f9ee elementor-widget__width-initial elementor-widget elementor-widget-hfe-infocard\" data-id=\"3688f9ee\" data-element_type=\"widget\" data-widget_type=\"hfe-infocard.default\">\n\t\t\t\t<div class=\"elementor-widget-container\">\n\t\t\t\t\t\n\t\t<div class=\"hfe-infocard\">\n\t\t\t\t\t\t\t\t\t<div class=\"hfe-infocard-title-wrap\">\n\t\t\t\t<h2 class=\"hfe-infocard-title elementor-inline-editing\" data-elementor-setting-key=\"infocard_title\" data-elementor-inline-editing-toolbar=\"basic\" >Notre appartement \u00e0 Zhejiang<\/h2>\t\t\t<\/div>\n\t\t\t\t\t\t<div class=\"hfe-infocard-text-wrap\">\n\t\t\t\t<div class=\"hfe-infocard-text elementor-inline-editing\" data-elementor-setting-key=\"infocard_description\" data-elementor-inline-editing-toolbar=\"advanced\">\n\t\t\t\t\tNous disposons d'un certain nombre d'appartements dans plusieurs villes du Zhejiang, avec des paysages magnifiques, des \u00e9quipements complets et une excellente situation.\t\t\t\t<\/div>\n\t\t\t\t\t\t\t<\/div>\n\t\t<\/div>\n\n\t\t\t\t\t\t<\/div>\n\t\t\t\t<\/div>\n\t\t\t\t<div class=\"elementor-element elementor-element-4a8e840c elementor-align-right elementor-widget__width-initial elementor-mobile-align-left elementor-widget-tablet__width-initial elementor-widget-mobile__width-inherit elementor-widget elementor-widget-button\" data-id=\"4a8e840c\" data-element_type=\"widget\" data-widget_type=\"button.default\">\n\t\t\t\t<div class=\"elementor-widget-container\">\n\t\t\t\t\t\t\t\t\t<div class=\"elementor-button-wrapper\">\n\t\t\t\t\t<a class=\"elementor-button elementor-button-link elementor-size-sm\" href=\"\/fr\/categorie-produit\/zhejiang\/\">\n\t\t\t\t\t\t<span class=\"elementor-button-content-wrapper\">\n\t\t\t\t\t\t\t\t\t<span class=\"elementor-button-text\">Voir tout<\/span>\n\t\t\t\t\t<\/span>\n\t\t\t\t\t<\/a>\n\t\t\t\t<\/div>\n\t\t\t\t\t\t\t\t<\/div>\n\t\t\t\t<\/div>\n\t\t\t\t\t<\/div>\n\t\t\t\t<\/div>\n\t\t<div class=\"elementor-element elementor-element-18265048 e-con-full e-flex e-con e-child\" data-id=\"18265048\" data-element_type=\"container\">\n\t\t\t\t<div class=\"elementor-element elementor-element-4efe2e1 elementor-grid-4 elementor-grid-tablet-3 elementor-grid-mobile-2 elementor-products-grid elementor-wc-products elementor-show-pagination-border-yes elementor-widget elementor-widget-woocommerce-products\" data-id=\"4efe2e1\" data-element_type=\"widget\" data-widget_type=\"woocommerce-products.default\">\n\t\t\t\t<div class=\"elementor-widget-container\">\n\t\t\t\t\t<div class=\"woocommerce columns-4\"><div class=\"woocommerce-notices-wrapper\"><\/div><ul class=\"products elementor-grid columns-4\">\n<li class=\"desktop-align-left tablet-align-left mobile-align-left product type-product post-2350 status-publish first instock product_cat-long-stay product_cat-zhejiang product_cat-zhejiang-long-stay has-post-thumbnail virtual sold-individually purchasable product-type-booking\">\n\t<a href=\"https:\/\/rongapartment.com\/fr\/produit\/west-lake-apartment-shangcheng-districtshenzhen\/\" class=\"woocommerce-LoopProduct-link woocommerce-loop-product__link\"><img fetchpriority=\"high\" decoding=\"async\" width=\"300\" height=\"300\" src=\"https:\/\/rongapartment.com\/wp-content\/uploads\/2025\/09\/1\u9996\u9875-300x300.jpg\" class=\"attachment-woocommerce_thumbnail size-woocommerce_thumbnail\" alt=\"west lake apartment, shangcheng district, shenzhen\" srcset=\"https:\/\/rongapartment.com\/wp-content\/uploads\/2025\/09\/1\u9996\u9875-300x300.jpg 300w, https:\/\/rongapartment.com\/wp-content\/uploads\/2025\/09\/1\u9996\u9875-150x150.jpg 150w, https:\/\/rongapartment.com\/wp-content\/uploads\/2025\/09\/1\u9996\u9875-100x100.jpg 100w\" sizes=\"(max-width: 300px) 100vw, 300px\" \/><h2 class=\"woocommerce-loop-product__title\">West Lake Apartment, Shangcheng District, Shenzhen<\/h2>\n\t<span class=\"price\"><span class=\"woocommerce-Price-amount amount\"><bdi><span class=\"woocommerce-Price-currencySymbol\">&#36;<\/span>1,500.00<\/bdi><\/span><span class=\"yith-wcbk-booking-product-price-unit\"> \/ mois<\/span><\/span>\n<\/a><a href=\"https:\/\/rongapartment.com\/fr\/produit\/west-lake-apartment-shangcheng-districtshenzhen\/\" aria-describedby=\"woocommerce_loop_add_to_cart_link_describedby_2350\" data-quantity=\"1\" class=\"button product_type_booking add_to_cart_button\" data-product_id=\"2350\" data-product_sku=\"\" aria-label=\"En savoir plus sur \u201cWest Lake Apartment, Shangcheng District,Shenzhen\u201d\" rel=\"nofollow\" data-no-translation-aria-label=\"\">En savoir plus<\/a>\t<span id=\"woocommerce_loop_add_to_cart_link_describedby_2350\" class=\"screen-reader-text\">\n\t\t\t<\/span>\n<\/li>\n<\/ul>\n<\/div>\t\t\t\t<\/div>\n\t\t\t\t<\/div>\n\t\t\t\t<\/div>\n\t\t\t\t<\/div>\n\t\t\t\t\t<\/div>\n\t\t\t\t<\/div>\n\t\t<div class=\"elementor-element elementor-element-60280ae e-flex e-con-boxed e-con e-parent\" data-id=\"60280ae\" data-element_type=\"container\">\n\t\t\t\t\t<div class=\"e-con-inner\">\n\t\t\t\t<div class=\"elementor-element elementor-element-7d3578d elementor-widget elementor-widget-heading\" data-id=\"7d3578d\" data-element_type=\"widget\" data-widget_type=\"heading.default\">\n\t\t\t\t<div class=\"elementor-widget-container\">\n\t\t\t\t\t<h2 class=\"elementor-heading-title elementor-size-default\">Quelques informations sur la venue au Zhejiang<\/h2>\t\t\t\t<\/div>\n\t\t\t\t<\/div>\n\t\t\t\t<div class=\"elementor-element elementor-element-b90e032 elementor-grid-3 elementor-grid-tablet-2 elementor-grid-mobile-1 elementor-posts--thumbnail-top elementor-widget elementor-widget-posts\" data-id=\"b90e032\" data-element_type=\"widget\" data-settings=\"{&quot;pagination_type&quot;:&quot;numbers&quot;,&quot;classic_columns&quot;:&quot;3&quot;,&quot;classic_columns_tablet&quot;:&quot;2&quot;,&quot;classic_columns_mobile&quot;:&quot;1&quot;,&quot;classic_row_gap&quot;:{&quot;unit&quot;:&quot;px&quot;,&quot;size&quot;:35,&quot;sizes&quot;:[]},&quot;classic_row_gap_tablet&quot;:{&quot;unit&quot;:&quot;px&quot;,&quot;size&quot;:&quot;&quot;,&quot;sizes&quot;:[]},&quot;classic_row_gap_mobile&quot;:{&quot;unit&quot;:&quot;px&quot;,&quot;size&quot;:&quot;&quot;,&quot;sizes&quot;:[]}}\" data-widget_type=\"posts.classic\">\n\t\t\t\t<div class=\"elementor-widget-container\">\n\t\t\t\t\t\t\t<div class=\"elementor-posts-container elementor-posts elementor-posts--skin-classic elementor-grid\" role=\"list\">\n\t\t\t\t<article class=\"elementor-post elementor-grid-item post-2535 post type-post status-publish format-standard has-post-thumbnail hentry category-zhejiang\" role=\"listitem\">\n\t\t\t\t<a class=\"elementor-post__thumbnail__link\" href=\"https:\/\/rongapartment.com\/fr\/zhejiang-poesie-et-peinture-du-zhejiang-une-symphonie-dhistoire-de-paysages-et-de-cuisine\/\" tabindex=\"-1\" >\n\t\t\t<div class=\"elementor-post__thumbnail\"><img decoding=\"async\" width=\"300\" height=\"179\" src=\"https:\/\/rongapartment.com\/wp-content\/uploads\/2025\/09\/\u5343\u5e93\u7f51_\u676d\u5dde\u897f\u6e56\u66f2\u9662\u98ce\u8377\u8377\u82b1\u6444\u5f71\u56fe\u6444\u5f71\u56fe_\u6444\u5f71\u56fe\u7f16\u53f720632596-300x179.png\" class=\"attachment-medium size-medium wp-image-2537\" alt=\"\u5343\u5e93\u7f51 \u676d\u5dde\u897f\u6e56\u66f2\u9662\u98ce\u8377\u8377\u82b1\u6444\u5f71\u56fe\u6444\u5f71\u56fe \u6444\u5f71\u56fe\u7f16\u53f720632596\" srcset=\"https:\/\/rongapartment.com\/wp-content\/uploads\/2025\/09\/\u5343\u5e93\u7f51_\u676d\u5dde\u897f\u6e56\u66f2\u9662\u98ce\u8377\u8377\u82b1\u6444\u5f71\u56fe\u6444\u5f71\u56fe_\u6444\u5f71\u56fe\u7f16\u53f720632596-300x179.png 300w, https:\/\/rongapartment.com\/wp-content\/uploads\/2025\/09\/\u5343\u5e93\u7f51_\u676d\u5dde\u897f\u6e56\u66f2\u9662\u98ce\u8377\u8377\u82b1\u6444\u5f71\u56fe\u6444\u5f71\u56fe_\u6444\u5f71\u56fe\u7f16\u53f720632596-1024x610.png 1024w, https:\/\/rongapartment.com\/wp-content\/uploads\/2025\/09\/\u5343\u5e93\u7f51_\u676d\u5dde\u897f\u6e56\u66f2\u9662\u98ce\u8377\u8377\u82b1\u6444\u5f71\u56fe\u6444\u5f71\u56fe_\u6444\u5f71\u56fe\u7f16\u53f720632596-768x457.png 768w, https:\/\/rongapartment.com\/wp-content\/uploads\/2025\/09\/\u5343\u5e93\u7f51_\u676d\u5dde\u897f\u6e56\u66f2\u9662\u98ce\u8377\u8377\u82b1\u6444\u5f71\u56fe\u6444\u5f71\u56fe_\u6444\u5f71\u56fe\u7f16\u53f720632596-18x12.png 18w, https:\/\/rongapartment.com\/wp-content\/uploads\/2025\/09\/\u5343\u5e93\u7f51_\u676d\u5dde\u897f\u6e56\u66f2\u9662\u98ce\u8377\u8377\u82b1\u6444\u5f71\u56fe\u6444\u5f71\u56fe_\u6444\u5f71\u56fe\u7f16\u53f720632596-600x357.png 600w, https:\/\/rongapartment.com\/wp-content\/uploads\/2025\/09\/\u5343\u5e93\u7f51_\u676d\u5dde\u897f\u6e56\u66f2\u9662\u98ce\u8377\u8377\u82b1\u6444\u5f71\u56fe\u6444\u5f71\u56fe_\u6444\u5f71\u56fe\u7f16\u53f720632596.png 1424w\" sizes=\"(max-width: 300px) 100vw, 300px\" \/><\/div>\n\t\t<\/a>\n\t\t\t\t<div class=\"elementor-post__text\">\n\t\t\t\t<div class=\"elementor-post__meta-data\">\n\t\t\t\t\t<span class=\"elementor-post-date\">\n\t\t\t9 septembre 2025\t\t<\/span>\n\t\t\t\t<span class=\"elementor-post-avatar\">\n\t\t\tAucun commentaire\t\t<\/span>\n\t\t\t\t<\/div>\n\t\t\t\t<div class=\"elementor-post__excerpt\">\n\t\t\t<p>Le Zhejiang, situ\u00e9 sur la c\u00f4te sud-est de la Chine, est une terre impr\u00e9gn\u00e9e de mill\u00e9naires de civilisation. D\u00e8s la p\u00e9riode de la culture Hemudu, il y a 7 000 ans.<\/p>\n\t\t<\/div>\n\t\t\n\t\t<a class=\"elementor-post__read-more\" href=\"https:\/\/rongapartment.com\/fr\/zhejiang-poesie-et-peinture-du-zhejiang-une-symphonie-dhistoire-de-paysages-et-de-cuisine\/\" aria-label=\"En savoir plus sur Zhejiang: Poetry and Painting of Zhejiang: A Symphony of History, Landscapes, and Cuisine\" tabindex=\"-1\" >\n\t\t\tLire plus \"\t\t<\/a>\n\n\t\t\t\t<\/div>\n\t\t\t\t<\/article>\n\t\t\t\t<article class=\"elementor-post elementor-grid-item post-2520 post type-post status-publish format-standard has-post-thumbnail hentry category-zhejiang\" role=\"listitem\">\n\t\t\t\t<a class=\"elementor-post__thumbnail__link\" href=\"https:\/\/rongapartment.com\/fr\/hangzhou-un-melange-dancien-et-de-moderne-dans-un-paradis-terrestre\/\" tabindex=\"-1\" >\n\t\t\t<div class=\"elementor-post__thumbnail\"><img decoding=\"async\" width=\"300\" height=\"97\" src=\"https:\/\/rongapartment.com\/wp-content\/uploads\/2025\/09\/\u5343\u5e93\u7f51_\u676d\u5dde\u897f\u6e56\u7f8e\u4e3d\u7684\u98ce\u666f_\u6444\u5f71\u56fe\u7f16\u53f720155633-1-300x97.jpg\" class=\"attachment-medium size-medium wp-image-2521\" alt=\"paysage magnifique du lac de l&#039;ouest, hangzhou\" srcset=\"https:\/\/rongapartment.com\/wp-content\/uploads\/2025\/09\/\u5343\u5e93\u7f51_\u676d\u5dde\u897f\u6e56\u7f8e\u4e3d\u7684\u98ce\u666f_\u6444\u5f71\u56fe\u7f16\u53f720155633-1-300x97.jpg 300w, https:\/\/rongapartment.com\/wp-content\/uploads\/2025\/09\/\u5343\u5e93\u7f51_\u676d\u5dde\u897f\u6e56\u7f8e\u4e3d\u7684\u98ce\u666f_\u6444\u5f71\u56fe\u7f16\u53f720155633-1-1024x332.jpg 1024w, https:\/\/rongapartment.com\/wp-content\/uploads\/2025\/09\/\u5343\u5e93\u7f51_\u676d\u5dde\u897f\u6e56\u7f8e\u4e3d\u7684\u98ce\u666f_\u6444\u5f71\u56fe\u7f16\u53f720155633-1-768x249.jpg 768w, https:\/\/rongapartment.com\/wp-content\/uploads\/2025\/09\/\u5343\u5e93\u7f51_\u676d\u5dde\u897f\u6e56\u7f8e\u4e3d\u7684\u98ce\u666f_\u6444\u5f71\u56fe\u7f16\u53f720155633-1-1536x499.jpg 1536w, https:\/\/rongapartment.com\/wp-content\/uploads\/2025\/09\/\u5343\u5e93\u7f51_\u676d\u5dde\u897f\u6e56\u7f8e\u4e3d\u7684\u98ce\u666f_\u6444\u5f71\u56fe\u7f16\u53f720155633-1-2048x665.jpg 2048w, https:\/\/rongapartment.com\/wp-content\/uploads\/2025\/09\/\u5343\u5e93\u7f51_\u676d\u5dde\u897f\u6e56\u7f8e\u4e3d\u7684\u98ce\u666f_\u6444\u5f71\u56fe\u7f16\u53f720155633-1-18x6.jpg 18w, https:\/\/rongapartment.com\/wp-content\/uploads\/2025\/09\/\u5343\u5e93\u7f51_\u676d\u5dde\u897f\u6e56\u7f8e\u4e3d\u7684\u98ce\u666f_\u6444\u5f71\u56fe\u7f16\u53f720155633-1-600x195.jpg 600w\" sizes=\"(max-width: 300px) 100vw, 300px\" \/><\/div>\n\t\t<\/a>\n\t\t\t\t<div class=\"elementor-post__text\">\n\t\t\t\t<div class=\"elementor-post__meta-data\">\n\t\t\t\t\t<span class=\"elementor-post-date\">\n\t\t\t9 septembre 2025\t\t<\/span>\n\t\t\t\t<span class=\"elementor-post-avatar\">\n\t\t\tAucun commentaire\t\t<\/span>\n\t\t\t\t<\/div>\n\t\t\t\t<div class=\"elementor-post__excerpt\">\n\t\t\t<p>Hangzhou, capitale de la province du Zhejiang, est situ\u00e9e sur la c\u00f4te sud-est de la Chine, sur la rive nord du cours inf\u00e9rieur de la rivi\u00e8re Qiantang et sur la c\u00f4te ouest de la Chine.<\/p>\n\t\t<\/div>\n\t\t\n\t\t<a class=\"elementor-post__read-more\" href=\"https:\/\/rongapartment.com\/fr\/hangzhou-un-melange-dancien-et-de-moderne-dans-un-paradis-terrestre\/\" aria-label=\"En savoir plus sur Hangzhou: A Blend of Ancient and Modern in Earthly Paradise\" tabindex=\"-1\" >\n\t\t\tLire plus \"\t\t<\/a>\n\n\t\t\t\t<\/div>\n\t\t\t\t<\/article>\n\t\t\t\t<\/div>\n\t\t\n\t\t\t\t\t\t<\/div>\n\t\t\t\t<\/div>\n\t\t\t\t\t<\/div>\n\t\t\t\t<\/div>\n\t\t<div class=\"elementor-element elementor-element-34cd1fd3 e-flex e-con-boxed e-con e-parent\" data-id=\"34cd1fd3\" data-element_type=\"container\" data-settings=\"{&quot;background_background&quot;:&quot;classic&quot;}\">\n\t\t\t\t\t<div class=\"e-con-inner\">\n\t\t<div class=\"elementor-element elementor-element-66bcd2ab e-con-full e-flex e-con e-child\" data-id=\"66bcd2ab\" data-element_type=\"container\">\n\t\t\t\t<div class=\"elementor-element elementor-element-6a0722a9 elementor-widget elementor-widget-heading\" data-id=\"6a0722a9\" data-element_type=\"widget\" data-widget_type=\"heading.default\">\n\t\t\t\t<div class=\"elementor-widget-container\">\n\t\t\t\t\t<h2 class=\"elementor-heading-title elementor-size-default\">Planifiez une exp\u00e9rience inoubliable \u00e0 l'appartement Rong !<\/h2>\t\t\t\t<\/div>\n\t\t\t\t<\/div>\n\t\t\t\t<div class=\"elementor-element elementor-element-6a004b37 elementor-widget elementor-widget-text-editor\" data-id=\"6a004b37\" data-element_type=\"widget\" data-widget_type=\"text-editor.default\">\n\t\t\t\t<div class=\"elementor-widget-container\">\n\t\t\t\t\t\t\t\t\tNous pouvons vous aider \u00e0 adapter votre s\u00e9jour et votre exp\u00e9rience \u00e0 votre budget.\n\n\t\t\t\t\t\t\t\t<\/div>\n\t\t\t\t<\/div>\n\t\t\t\t<div class=\"elementor-element elementor-element-1ba6933 elementor-widget elementor-widget-heading\" data-id=\"1ba6933\" data-element_type=\"widget\" data-widget_type=\"heading.default\">\n\t\t\t\t<div class=\"elementor-widget-container\">\n\t\t\t\t\t<p class=\"elementor-heading-title elementor-size-default\">R\u00e9servez votre s\u00e9jour d\u00e8s maintenant<\/p>\t\t\t\t<\/div>\n\t\t\t\t<\/div>\n\t\t\t\t<div class=\"elementor-element elementor-element-9c59dbd elementor-align-center elementor-icon-list--layout-traditional elementor-list-item-link-full_width elementor-widget elementor-widget-icon-list\" data-id=\"9c59dbd\" data-element_type=\"widget\" data-widget_type=\"icon-list.default\">\n\t\t\t\t<div class=\"elementor-widget-container\">\n\t\t\t\t\t\t\t<ul class=\"elementor-icon-list-items\">\n\t\t\t\t\t\t\t<li class=\"elementor-icon-list-item\">\n\t\t\t\t\t\t\t\t\t\t\t<span class=\"elementor-icon-list-icon\">\n\t\t\t\t\t\t\t<i aria-hidden=\"true\" class=\"fas fa-phone-alt\"><\/i>\t\t\t\t\t\t<\/span>\n\t\t\t\t\t\t\t\t\t\t<span class=\"elementor-icon-list-text\">+86-159 2155 3057<\/span>\n\t\t\t\t\t\t\t\t\t<\/li>\n\t\t\t\t\t\t<\/ul>\n\t\t\t\t\t\t<\/div>\n\t\t\t\t<\/div>\n\t\t\t\t<\/div>\n\t\t\t\t\t<\/div>\n\t\t\t\t<\/div>\n\t\t\t\t<\/div>","protected":false},"excerpt":{"rendered":"<p>ZHEJIANG We have a number of apartments in several cities in Zhejiang with beautiful scenery, complete facilities and excellent location. Our apartment in Zhejiang We have a number of apartments in several cities in Zhejiang with beautiful scenery, complete facilities and excellent location. View All Some information about coming to Zhejiang Plan An Unforgettable Experience [&hellip;]<\/p>","protected":false},"author":1,"featured_media":0,"parent":0,"menu_order":0,"comment_status":"closed","ping_status":"closed","template":"","meta":{"site-sidebar-layout":"no-sidebar","site-content-layout":"page-builder","ast-site-content-layout":"full-width-container","site-content-style":"default","site-sidebar-style":"default","ast-global-header-display":"","ast-banner-title-visibility":"","ast-main-header-display":"","ast-hfb-above-header-display":"","ast-hfb-below-header-display":"","ast-hfb-mobile-header-display":"","site-post-title":"disabled","ast-breadcrumbs-content":"","ast-featured-img":"disabled","footer-sml-layout":"","theme-transparent-header-meta":"","adv-header-id-meta":"","stick-header-meta":"","header-above-stick-meta":"","header-main-stick-meta":"","header-below-stick-meta":"","astra-migrate-meta-layouts":"set","ast-page-background-enabled":"default","ast-page-background-meta":{"desktop":{"background-color":"","background-image":"","background-repeat":"repeat","background-position":"center center","background-size":"auto","background-attachment":"scroll","background-type":"","background-media":"","overlay-type":"","overlay-color":"","overlay-opacity":"","overlay-gradient":""},"tablet":{"background-color":"","background-image":"","background-repeat":"repeat","background-position":"center center","background-size":"auto","background-attachment":"scroll","background-type":"","background-media":"","overlay-type":"","overlay-color":"","overlay-opacity":"","overlay-gradient":""},"mobile":{"background-color":"","background-image":"","background-repeat":"repeat","background-position":"center center","background-size":"auto","background-attachment":"scroll","background-type":"","background-media":"","overlay-type":"","overlay-color":"","overlay-opacity":"","overlay-gradient":""}},"ast-content-background-meta":{"desktop":{"background-color":"var(--ast-global-color-5)","background-image":"","background-repeat":"repeat","background-position":"center center","background-size":"auto","background-attachment":"scroll","background-type":"","background-media":"","overlay-type":"","overlay-color":"","overlay-opacity":"","overlay-gradient":""},"tablet":{"background-color":"var(--ast-global-color-5)","background-image":"","background-repeat":"repeat","background-position":"center center","background-size":"auto","background-attachment":"scroll","background-type":"","background-media":"","overlay-type":"","overlay-color":"","overlay-opacity":"","overlay-gradient":""},"mobile":{"background-color":"var(--ast-global-color-5)","background-image":"","background-repeat":"repeat","background-position":"center center","background-size":"auto","background-attachment":"scroll","background-type":"","background-media":"","overlay-type":"","overlay-color":"","overlay-opacity":"","overlay-gradient":""}},"footnotes":""},"class_list":["post-1487","page","type-page","status-publish","hentry"],"_hostinger_reach_plugin_has_subscription_block":false,"_hostinger_reach_plugin_is_elementor":false,"_links":{"self":[{"href":"https:\/\/rongapartment.com\/fr\/wp-json\/wp\/v2\/pages\/1487","targetHints":{"allow":["GET"]}}],"collection":[{"href":"https:\/\/rongapartment.com\/fr\/wp-json\/wp\/v2\/pages"}],"about":[{"href":"https:\/\/rongapartment.com\/fr\/wp-json\/wp\/v2\/types\/page"}],"author":[{"embeddable":true,"href":"https:\/\/rongapartment.com\/fr\/wp-json\/wp\/v2\/users\/1"}],"replies":[{"embeddable":true,"href":"https:\/\/rongapartment.com\/fr\/wp-json\/wp\/v2\/comments?post=1487"}],"version-history":[{"count":13,"href":"https:\/\/rongapartment.com\/fr\/wp-json\/wp\/v2\/pages\/1487\/revisions"}],"predecessor-version":[{"id":2438,"href":"https:\/\/rongapartment.com\/fr\/wp-json\/wp\/v2\/pages\/1487\/revisions\/2438"}],"wp:attachment":[{"href":"https:\/\/rongapartment.com\/fr\/wp-json\/wp\/v2\/media?parent=1487"}],"curies":[{"name":"wp","href":"https:\/\/api.w.org\/{rel}","templated":true}]}}