{"id":1485,"date":"2025-08-08T08:34:54","date_gmt":"2025-08-08T08:34:54","guid":{"rendered":"https:\/\/rongapartment.com\/?page_id=1485"},"modified":"2025-09-09T11:38:43","modified_gmt":"2025-09-09T11:38:43","slug":"fujian","status":"publish","type":"page","link":"https:\/\/rongapartment.com\/fr\/fujian\/","title":{"rendered":"Fujian"},"content":{"rendered":"<div data-elementor-type=\"wp-page\" data-elementor-id=\"1485\" class=\"elementor elementor-1485\" data-elementor-post-type=\"page\">\n\t\t\t\t<div class=\"elementor-element elementor-element-10f77069 e-flex e-con-boxed e-con e-parent\" data-id=\"10f77069\" data-element_type=\"container\" data-settings=\"{&quot;background_background&quot;:&quot;classic&quot;}\">\n\t\t\t\t\t<div class=\"e-con-inner\">\n\t\t<div class=\"elementor-element elementor-element-55bef79e e-con-full e-flex e-con e-child\" data-id=\"55bef79e\" data-element_type=\"container\">\n\t\t\t\t<div class=\"elementor-element elementor-element-316f8b2c elementor-widget elementor-widget-hfe-infocard\" data-id=\"316f8b2c\" data-element_type=\"widget\" data-widget_type=\"hfe-infocard.default\">\n\t\t\t\t<div class=\"elementor-widget-container\">\n\t\t\t\t\t\n\t\t<div class=\"hfe-infocard\">\n\t\t\t\t\t\t\t\t\t<div class=\"hfe-infocard-title-wrap\">\n\t\t\t\t<h1 class=\"hfe-infocard-title elementor-inline-editing\" data-elementor-setting-key=\"infocard_title\" data-elementor-inline-editing-toolbar=\"basic\" >FUJIAN<\/h1>\t\t\t<\/div>\n\t\t\t\t\t\t<div class=\"hfe-infocard-text-wrap\">\n\t\t\t\t<div class=\"hfe-infocard-text elementor-inline-editing\" data-elementor-setting-key=\"infocard_description\" data-elementor-inline-editing-toolbar=\"advanced\">\n\t\t\t\t\tHeureux les rares qui se rencontrent.\t\t\t\t<\/div>\n\t\t\t\t\t\t\t<\/div>\n\t\t<\/div>\n\n\t\t\t\t\t\t<\/div>\n\t\t\t\t<\/div>\n\t\t\t\t<\/div>\n\t\t\t\t\t<\/div>\n\t\t\t\t<\/div>\n\t\t<div class=\"elementor-element elementor-element-4c2c20a4 e-flex e-con-boxed e-con e-parent\" data-id=\"4c2c20a4\" data-element_type=\"container\" data-settings=\"{&quot;background_background&quot;:&quot;classic&quot;}\">\n\t\t\t\t\t<div class=\"e-con-inner\">\n\t\t<div class=\"elementor-element elementor-element-4cfeaa68 e-con-full e-flex e-con e-child\" data-id=\"4cfeaa68\" data-element_type=\"container\">\n\t\t<div class=\"elementor-element elementor-element-73c24fec e-flex e-con-boxed e-con e-child\" data-id=\"73c24fec\" data-element_type=\"container\">\n\t\t\t\t\t<div class=\"e-con-inner\">\n\t\t\t\t<div class=\"elementor-element elementor-element-73e01f6c elementor-widget__width-initial elementor-widget elementor-widget-hfe-infocard\" data-id=\"73e01f6c\" data-element_type=\"widget\" data-widget_type=\"hfe-infocard.default\">\n\t\t\t\t<div class=\"elementor-widget-container\">\n\t\t\t\t\t\n\t\t<div class=\"hfe-infocard\">\n\t\t\t\t\t\t\t\t\t<div class=\"hfe-infocard-title-wrap\">\n\t\t\t\t<h2 class=\"hfe-infocard-title elementor-inline-editing\" data-elementor-setting-key=\"infocard_title\" data-elementor-inline-editing-toolbar=\"basic\" >Notre appartement \u00e0 Fujian<\/h2>\t\t\t<\/div>\n\t\t\t\t\t\t<div class=\"hfe-infocard-text-wrap\">\n\t\t\t\t<div class=\"hfe-infocard-text elementor-inline-editing\" data-elementor-setting-key=\"infocard_description\" data-elementor-inline-editing-toolbar=\"advanced\">\n\t\t\t\t\tLe Fujian frais, avec ses paysages magnifiques et son \u00e9conomie d\u00e9velopp\u00e9e, nous avons des appartements dans plusieurs villes du Fujian.\t\t\t\t<\/div>\n\t\t\t\t\t\t\t<\/div>\n\t\t<\/div>\n\n\t\t\t\t\t\t<\/div>\n\t\t\t\t<\/div>\n\t\t\t\t<div class=\"elementor-element elementor-element-38bb26a3 elementor-align-right elementor-widget__width-initial elementor-mobile-align-left elementor-widget-tablet__width-initial elementor-widget-mobile__width-inherit elementor-widget elementor-widget-button\" data-id=\"38bb26a3\" data-element_type=\"widget\" data-widget_type=\"button.default\">\n\t\t\t\t<div class=\"elementor-widget-container\">\n\t\t\t\t\t\t\t\t\t<div class=\"elementor-button-wrapper\">\n\t\t\t\t\t<a class=\"elementor-button elementor-button-link elementor-size-sm\" href=\"\/fr\/categorie-produit\/fujian\/\">\n\t\t\t\t\t\t<span class=\"elementor-button-content-wrapper\">\n\t\t\t\t\t\t\t\t\t<span class=\"elementor-button-text\">Voir tout<\/span>\n\t\t\t\t\t<\/span>\n\t\t\t\t\t<\/a>\n\t\t\t\t<\/div>\n\t\t\t\t\t\t\t\t<\/div>\n\t\t\t\t<\/div>\n\t\t\t\t\t<\/div>\n\t\t\t\t<\/div>\n\t\t<div class=\"elementor-element elementor-element-5e61736 e-con-full e-flex e-con e-child\" data-id=\"5e61736\" data-element_type=\"container\">\n\t\t\t\t<div class=\"elementor-element elementor-element-7fcca80a elementor-grid-4 elementor-grid-tablet-3 elementor-grid-mobile-2 elementor-products-grid elementor-wc-products elementor-show-pagination-border-yes elementor-widget elementor-widget-woocommerce-products\" data-id=\"7fcca80a\" data-element_type=\"widget\" data-widget_type=\"woocommerce-products.default\">\n\t\t\t\t<div class=\"elementor-widget-container\">\n\t\t\t\t\t<div class=\"woocommerce columns-4\"><div class=\"woocommerce-notices-wrapper\"><\/div><ul class=\"products elementor-grid columns-4\">\n<li class=\"desktop-align-left tablet-align-left mobile-align-left product type-product post-2343 status-publish first instock product_cat-fujian product_cat-long-stay has-post-thumbnail virtual sold-individually purchasable product-type-booking\">\n\t<a href=\"https:\/\/rongapartment.com\/fr\/produit\/maison-dans-la-montagne-wuyi\/\" class=\"woocommerce-LoopProduct-link woocommerce-loop-product__link\"><img fetchpriority=\"high\" decoding=\"async\" width=\"300\" height=\"300\" src=\"https:\/\/rongapartment.com\/wp-content\/uploads\/2025\/09\/1-\u9996\u9875-300x300.jpg\" class=\"attachment-woocommerce_thumbnail size-woocommerce_thumbnail\" alt=\"maison dans la montagne wuyi\" srcset=\"https:\/\/rongapartment.com\/wp-content\/uploads\/2025\/09\/1-\u9996\u9875-300x300.jpg 300w, https:\/\/rongapartment.com\/wp-content\/uploads\/2025\/09\/1-\u9996\u9875-150x150.jpg 150w, https:\/\/rongapartment.com\/wp-content\/uploads\/2025\/09\/1-\u9996\u9875-100x100.jpg 100w\" sizes=\"(max-width: 300px) 100vw, 300px\" \/><h2 class=\"woocommerce-loop-product__title\">Maison dans la montagne Wuyi<\/h2>\n\t<span class=\"price\"><span class=\"woocommerce-Price-amount amount\"><bdi><span class=\"woocommerce-Price-currencySymbol\">&#36;<\/span>2,400.00<\/bdi><\/span><span class=\"yith-wcbk-booking-product-price-unit\"> \/ mois<\/span><\/span>\n<\/a><a href=\"https:\/\/rongapartment.com\/fr\/produit\/maison-dans-la-montagne-wuyi\/\" aria-describedby=\"woocommerce_loop_add_to_cart_link_describedby_2343\" data-quantity=\"1\" class=\"button product_type_booking add_to_cart_button\" data-product_id=\"2343\" data-product_sku=\"\" aria-label=\"En savoir plus sur \u201cHouse In Wuyi Mountain\u201d\" rel=\"nofollow\" data-no-translation-aria-label=\"\">En savoir plus<\/a>\t<span id=\"woocommerce_loop_add_to_cart_link_describedby_2343\" class=\"screen-reader-text\">\n\t\t\t<\/span>\n<\/li>\n<\/ul>\n<\/div>\t\t\t\t<\/div>\n\t\t\t\t<\/div>\n\t\t\t\t<\/div>\n\t\t\t\t<\/div>\n\t\t\t\t\t<\/div>\n\t\t\t\t<\/div>\n\t\t<div class=\"elementor-element elementor-element-7950ee3 e-flex e-con-boxed e-con e-parent\" data-id=\"7950ee3\" data-element_type=\"container\">\n\t\t\t\t\t<div class=\"e-con-inner\">\n\t\t\t\t<div class=\"elementor-element elementor-element-4c9cccc elementor-widget elementor-widget-heading\" data-id=\"4c9cccc\" data-element_type=\"widget\" data-widget_type=\"heading.default\">\n\t\t\t\t<div class=\"elementor-widget-container\">\n\t\t\t\t\t<h2 class=\"elementor-heading-title elementor-size-default\">Quelques informations sur la venue au Fujian<\/h2>\t\t\t\t<\/div>\n\t\t\t\t<\/div>\n\t\t\t\t<div class=\"elementor-element elementor-element-260b5d9 elementor-grid-3 elementor-grid-tablet-2 elementor-grid-mobile-1 elementor-posts--thumbnail-top elementor-widget elementor-widget-posts\" data-id=\"260b5d9\" data-element_type=\"widget\" data-settings=\"{&quot;pagination_type&quot;:&quot;numbers&quot;,&quot;classic_columns&quot;:&quot;3&quot;,&quot;classic_columns_tablet&quot;:&quot;2&quot;,&quot;classic_columns_mobile&quot;:&quot;1&quot;,&quot;classic_row_gap&quot;:{&quot;unit&quot;:&quot;px&quot;,&quot;size&quot;:35,&quot;sizes&quot;:[]},&quot;classic_row_gap_tablet&quot;:{&quot;unit&quot;:&quot;px&quot;,&quot;size&quot;:&quot;&quot;,&quot;sizes&quot;:[]},&quot;classic_row_gap_mobile&quot;:{&quot;unit&quot;:&quot;px&quot;,&quot;size&quot;:&quot;&quot;,&quot;sizes&quot;:[]}}\" data-widget_type=\"posts.classic\">\n\t\t\t\t<div class=\"elementor-widget-container\">\n\t\t\t\t\t\t\t<div class=\"elementor-posts-container elementor-posts elementor-posts--skin-classic elementor-grid\" role=\"list\">\n\t\t\t\t<article class=\"elementor-post elementor-grid-item post-2499 post type-post status-publish format-standard has-post-thumbnail hentry category-fujian\" role=\"listitem\">\n\t\t\t\t<a class=\"elementor-post__thumbnail__link\" href=\"https:\/\/rongapartment.com\/fr\/montagne-wuyi-la-fusion-parfaite-des-merveilles-de-danxia-et-de-la-culture-du-the\/\" tabindex=\"-1\" >\n\t\t\t<div class=\"elementor-post__thumbnail\"><img decoding=\"async\" width=\"300\" height=\"169\" src=\"https:\/\/rongapartment.com\/wp-content\/uploads\/2025\/09\/\u5343\u5e93\u7f51_\u822a\u62cd\u798f\u5efa\u6b66\u5937\u5c71\u7eff\u8272\u8336\u56ed-\u8336\u5c71_\u6444\u5f71\u56fe\u7f16\u53f721115865-1-300x169.jpg\" class=\"attachment-medium size-medium wp-image-2500\" alt=\"par d\u00e9faut\" srcset=\"https:\/\/rongapartment.com\/wp-content\/uploads\/2025\/09\/\u5343\u5e93\u7f51_\u822a\u62cd\u798f\u5efa\u6b66\u5937\u5c71\u7eff\u8272\u8336\u56ed-\u8336\u5c71_\u6444\u5f71\u56fe\u7f16\u53f721115865-1-300x169.jpg 300w, https:\/\/rongapartment.com\/wp-content\/uploads\/2025\/09\/\u5343\u5e93\u7f51_\u822a\u62cd\u798f\u5efa\u6b66\u5937\u5c71\u7eff\u8272\u8336\u56ed-\u8336\u5c71_\u6444\u5f71\u56fe\u7f16\u53f721115865-1-1024x575.jpg 1024w, https:\/\/rongapartment.com\/wp-content\/uploads\/2025\/09\/\u5343\u5e93\u7f51_\u822a\u62cd\u798f\u5efa\u6b66\u5937\u5c71\u7eff\u8272\u8336\u56ed-\u8336\u5c71_\u6444\u5f71\u56fe\u7f16\u53f721115865-1-768x431.jpg 768w, https:\/\/rongapartment.com\/wp-content\/uploads\/2025\/09\/\u5343\u5e93\u7f51_\u822a\u62cd\u798f\u5efa\u6b66\u5937\u5c71\u7eff\u8272\u8336\u56ed-\u8336\u5c71_\u6444\u5f71\u56fe\u7f16\u53f721115865-1-1536x863.jpg 1536w, https:\/\/rongapartment.com\/wp-content\/uploads\/2025\/09\/\u5343\u5e93\u7f51_\u822a\u62cd\u798f\u5efa\u6b66\u5937\u5c71\u7eff\u8272\u8336\u56ed-\u8336\u5c71_\u6444\u5f71\u56fe\u7f16\u53f721115865-1-2048x1151.jpg 2048w, https:\/\/rongapartment.com\/wp-content\/uploads\/2025\/09\/\u5343\u5e93\u7f51_\u822a\u62cd\u798f\u5efa\u6b66\u5937\u5c71\u7eff\u8272\u8336\u56ed-\u8336\u5c71_\u6444\u5f71\u56fe\u7f16\u53f721115865-1-18x10.jpg 18w, https:\/\/rongapartment.com\/wp-content\/uploads\/2025\/09\/\u5343\u5e93\u7f51_\u822a\u62cd\u798f\u5efa\u6b66\u5937\u5c71\u7eff\u8272\u8336\u56ed-\u8336\u5c71_\u6444\u5f71\u56fe\u7f16\u53f721115865-1-600x337.jpg 600w\" sizes=\"(max-width: 300px) 100vw, 300px\" \/><\/div>\n\t\t<\/a>\n\t\t\t\t<div class=\"elementor-post__text\">\n\t\t\t\t<h3 class=\"elementor-post__title\">\n\t\t\t<a href=\"https:\/\/rongapartment.com\/fr\/montagne-wuyi-la-fusion-parfaite-des-merveilles-de-danxia-et-de-la-culture-du-the\/\" >\n\t\t\t\tMontagne Wuyi : La fusion parfaite des merveilles de Danxia et de la culture du th\u00e9\t\t\t<\/a>\n\t\t<\/h3>\n\t\t\t\t<div class=\"elementor-post__meta-data\">\n\t\t\t\t\t<span class=\"elementor-post-date\">\n\t\t\t9 septembre 2025\t\t<\/span>\n\t\t\t\t<span class=\"elementor-post-avatar\">\n\t\t\tAucun commentaire\t\t<\/span>\n\t\t\t\t<\/div>\n\t\t\n\t\t<a class=\"elementor-post__read-more\" href=\"https:\/\/rongapartment.com\/fr\/montagne-wuyi-la-fusion-parfaite-des-merveilles-de-danxia-et-de-la-culture-du-the\/\" aria-label=\"En savoir plus sur Wuyi Mountain: The Perfect Fusion of Danxia Wonders and Tea Culture\" tabindex=\"-1\" >\n\t\t\tLire plus \"\t\t<\/a>\n\n\t\t\t\t<\/div>\n\t\t\t\t<\/article>\n\t\t\t\t<article class=\"elementor-post elementor-grid-item post-2482 post type-post status-publish format-standard has-post-thumbnail hentry category-fujian\" role=\"listitem\">\n\t\t\t\t<a class=\"elementor-post__thumbnail__link\" href=\"https:\/\/rongapartment.com\/fr\/fujian-les-montagnes-rencontrent-la-mer-et-le-charme-de-la-culture-min-perdure\/\" tabindex=\"-1\" >\n\t\t\t<div class=\"elementor-post__thumbnail\"><img decoding=\"async\" width=\"300\" height=\"200\" src=\"https:\/\/rongapartment.com\/wp-content\/uploads\/2025\/09\/\u5343\u5e93\u7f51_\u521d\u6eaa\u571f\u697c\u7fa4\u96c6\u5728\u4e2d\u56fd\u798f\u5efa\u7684\u9e1f\u77b0\u56fe_\u6444\u5f71\u56fe\u7f16\u53f720002461-300x200.jpg\" class=\"attachment-medium size-medium wp-image-2483\" alt=\"vue a\u00e9rienne de la grappe de tulou de chuxi dans le fujian, en chine\" srcset=\"https:\/\/rongapartment.com\/wp-content\/uploads\/2025\/09\/\u5343\u5e93\u7f51_\u521d\u6eaa\u571f\u697c\u7fa4\u96c6\u5728\u4e2d\u56fd\u798f\u5efa\u7684\u9e1f\u77b0\u56fe_\u6444\u5f71\u56fe\u7f16\u53f720002461-300x200.jpg 300w, https:\/\/rongapartment.com\/wp-content\/uploads\/2025\/09\/\u5343\u5e93\u7f51_\u521d\u6eaa\u571f\u697c\u7fa4\u96c6\u5728\u4e2d\u56fd\u798f\u5efa\u7684\u9e1f\u77b0\u56fe_\u6444\u5f71\u56fe\u7f16\u53f720002461-1024x684.jpg 1024w, https:\/\/rongapartment.com\/wp-content\/uploads\/2025\/09\/\u5343\u5e93\u7f51_\u521d\u6eaa\u571f\u697c\u7fa4\u96c6\u5728\u4e2d\u56fd\u798f\u5efa\u7684\u9e1f\u77b0\u56fe_\u6444\u5f71\u56fe\u7f16\u53f720002461-768x513.jpg 768w, https:\/\/rongapartment.com\/wp-content\/uploads\/2025\/09\/\u5343\u5e93\u7f51_\u521d\u6eaa\u571f\u697c\u7fa4\u96c6\u5728\u4e2d\u56fd\u798f\u5efa\u7684\u9e1f\u77b0\u56fe_\u6444\u5f71\u56fe\u7f16\u53f720002461-1536x1026.jpg 1536w, https:\/\/rongapartment.com\/wp-content\/uploads\/2025\/09\/\u5343\u5e93\u7f51_\u521d\u6eaa\u571f\u697c\u7fa4\u96c6\u5728\u4e2d\u56fd\u798f\u5efa\u7684\u9e1f\u77b0\u56fe_\u6444\u5f71\u56fe\u7f16\u53f720002461-2048x1368.jpg 2048w, https:\/\/rongapartment.com\/wp-content\/uploads\/2025\/09\/\u5343\u5e93\u7f51_\u521d\u6eaa\u571f\u697c\u7fa4\u96c6\u5728\u4e2d\u56fd\u798f\u5efa\u7684\u9e1f\u77b0\u56fe_\u6444\u5f71\u56fe\u7f16\u53f720002461-18x12.jpg 18w, https:\/\/rongapartment.com\/wp-content\/uploads\/2025\/09\/\u5343\u5e93\u7f51_\u521d\u6eaa\u571f\u697c\u7fa4\u96c6\u5728\u4e2d\u56fd\u798f\u5efa\u7684\u9e1f\u77b0\u56fe_\u6444\u5f71\u56fe\u7f16\u53f720002461-600x401.jpg 600w\" sizes=\"(max-width: 300px) 100vw, 300px\" \/><\/div>\n\t\t<\/a>\n\t\t\t\t<div class=\"elementor-post__text\">\n\t\t\t\t<h3 class=\"elementor-post__title\">\n\t\t\t<a href=\"https:\/\/rongapartment.com\/fr\/fujian-les-montagnes-rencontrent-la-mer-et-le-charme-de-la-culture-min-perdure\/\" >\n\t\t\t\tFujian : L\u00e0 o\u00f9 les montagnes rencontrent la mer, avec le charme persistant de la culture Min\t\t\t<\/a>\n\t\t<\/h3>\n\t\t\t\t<div class=\"elementor-post__meta-data\">\n\t\t\t\t\t<span class=\"elementor-post-date\">\n\t\t\t9 septembre 2025\t\t<\/span>\n\t\t\t\t<span class=\"elementor-post-avatar\">\n\t\t\tAucun commentaire\t\t<\/span>\n\t\t\t\t<\/div>\n\t\t\n\t\t<a class=\"elementor-post__read-more\" href=\"https:\/\/rongapartment.com\/fr\/fujian-les-montagnes-rencontrent-la-mer-et-le-charme-de-la-culture-min-perdure\/\" aria-label=\"En savoir plus sur Fujian: Where Mountains Meet the Sea, with Lingering Charm of Min Culture\" tabindex=\"-1\" >\n\t\t\tLire plus \"\t\t<\/a>\n\n\t\t\t\t<\/div>\n\t\t\t\t<\/article>\n\t\t\t\t<\/div>\n\t\t\n\t\t\t\t\t\t<\/div>\n\t\t\t\t<\/div>\n\t\t\t\t\t<\/div>\n\t\t\t\t<\/div>\n\t\t<div class=\"elementor-element elementor-element-668121c3 e-flex e-con-boxed e-con e-parent\" data-id=\"668121c3\" data-element_type=\"container\" data-settings=\"{&quot;background_background&quot;:&quot;classic&quot;}\">\n\t\t\t\t\t<div class=\"e-con-inner\">\n\t\t<div class=\"elementor-element elementor-element-1b170ffe e-con-full e-flex e-con e-child\" data-id=\"1b170ffe\" data-element_type=\"container\">\n\t\t\t\t<div class=\"elementor-element elementor-element-7e0f3604 elementor-widget elementor-widget-heading\" data-id=\"7e0f3604\" data-element_type=\"widget\" data-widget_type=\"heading.default\">\n\t\t\t\t<div class=\"elementor-widget-container\">\n\t\t\t\t\t<h2 class=\"elementor-heading-title elementor-size-default\">Planifiez une exp\u00e9rience inoubliable \u00e0 l'appartement Rong !<\/h2>\t\t\t\t<\/div>\n\t\t\t\t<\/div>\n\t\t\t\t<div class=\"elementor-element elementor-element-2d081b5f elementor-widget elementor-widget-text-editor\" data-id=\"2d081b5f\" data-element_type=\"widget\" data-widget_type=\"text-editor.default\">\n\t\t\t\t<div class=\"elementor-widget-container\">\n\t\t\t\t\t\t\t\t\tNous pouvons vous aider \u00e0 adapter votre s\u00e9jour et votre exp\u00e9rience \u00e0 votre budget.\n\n\t\t\t\t\t\t\t\t<\/div>\n\t\t\t\t<\/div>\n\t\t\t\t<div class=\"elementor-element elementor-element-51e4587a elementor-widget elementor-widget-heading\" data-id=\"51e4587a\" data-element_type=\"widget\" data-widget_type=\"heading.default\">\n\t\t\t\t<div class=\"elementor-widget-container\">\n\t\t\t\t\t<p class=\"elementor-heading-title elementor-size-default\">R\u00e9servez votre s\u00e9jour d\u00e8s maintenant<\/p>\t\t\t\t<\/div>\n\t\t\t\t<\/div>\n\t\t\t\t<div class=\"elementor-element elementor-element-25b7bd59 elementor-align-center elementor-icon-list--layout-traditional elementor-list-item-link-full_width elementor-widget elementor-widget-icon-list\" data-id=\"25b7bd59\" data-element_type=\"widget\" data-widget_type=\"icon-list.default\">\n\t\t\t\t<div class=\"elementor-widget-container\">\n\t\t\t\t\t\t\t<ul class=\"elementor-icon-list-items\">\n\t\t\t\t\t\t\t<li class=\"elementor-icon-list-item\">\n\t\t\t\t\t\t\t\t\t\t\t<span class=\"elementor-icon-list-icon\">\n\t\t\t\t\t\t\t<i aria-hidden=\"true\" class=\"fas fa-phone-alt\"><\/i>\t\t\t\t\t\t<\/span>\n\t\t\t\t\t\t\t\t\t\t<span class=\"elementor-icon-list-text\">+86-159 2155 3057<\/span>\n\t\t\t\t\t\t\t\t\t<\/li>\n\t\t\t\t\t\t<\/ul>\n\t\t\t\t\t\t<\/div>\n\t\t\t\t<\/div>\n\t\t\t\t<\/div>\n\t\t\t\t\t<\/div>\n\t\t\t\t<\/div>\n\t\t\t\t<\/div>","protected":false},"excerpt":{"rendered":"<p>FUJIAN Blessed are the few who meet. Our apartment in Fujian Fresh Fujian, with its beautiful scenery and developed economy, we have apartments in several<\/p>","protected":false},"author":1,"featured_media":0,"parent":0,"menu_order":0,"comment_status":"closed","ping_status":"closed","template":"","meta":{"site-sidebar-layout":"no-sidebar","site-content-layout":"page-builder","ast-site-content-layout":"full-width-container","site-content-style":"default","site-sidebar-style":"default","ast-global-header-display":"","ast-banner-title-visibility":"","ast-main-header-display":"","ast-hfb-above-header-display":"","ast-hfb-below-header-display":"","ast-hfb-mobile-header-display":"","site-post-title":"disabled","ast-breadcrumbs-content":"","ast-featured-img":"disabled","footer-sml-layout":"","theme-transparent-header-meta":"","adv-header-id-meta":"","stick-header-meta":"","header-above-stick-meta":"","header-main-stick-meta":"","header-below-stick-meta":"","astra-migrate-meta-layouts":"set","ast-page-background-enabled":"default","ast-page-background-meta":{"desktop":{"background-color":"","background-image":"","background-repeat":"repeat","background-position":"center center","background-size":"auto","background-attachment":"scroll","background-type":"","background-media":"","overlay-type":"","overlay-color":"","overlay-opacity":"","overlay-gradient":""},"tablet":{"background-color":"","background-image":"","background-repeat":"repeat","background-position":"center center","background-size":"auto","background-attachment":"scroll","background-type":"","background-media":"","overlay-type":"","overlay-color":"","overlay-opacity":"","overlay-gradient":""},"mobile":{"background-color":"","background-image":"","background-repeat":"repeat","background-position":"center center","background-size":"auto","background-attachment":"scroll","background-type":"","background-media":"","overlay-type":"","overlay-color":"","overlay-opacity":"","overlay-gradient":""}},"ast-content-background-meta":{"desktop":{"background-color":"var(--ast-global-color-5)","background-image":"","background-repeat":"repeat","background-position":"center center","background-size":"auto","background-attachment":"scroll","background-type":"","background-media":"","overlay-type":"","overlay-color":"","overlay-opacity":"","overlay-gradient":""},"tablet":{"background-color":"var(--ast-global-color-5)","background-image":"","background-repeat":"repeat","background-position":"center center","background-size":"auto","background-attachment":"scroll","background-type":"","background-media":"","overlay-type":"","overlay-color":"","overlay-opacity":"","overlay-gradient":""},"mobile":{"background-color":"var(--ast-global-color-5)","background-image":"","background-repeat":"repeat","background-position":"center center","background-size":"auto","background-attachment":"scroll","background-type":"","background-media":"","overlay-type":"","overlay-color":"","overlay-opacity":"","overlay-gradient":""}},"footnotes":""},"class_list":["post-1485","page","type-page","status-publish","hentry"],"_hostinger_reach_plugin_has_subscription_block":false,"_hostinger_reach_plugin_is_elementor":false,"_links":{"self":[{"href":"https:\/\/rongapartment.com\/fr\/wp-json\/wp\/v2\/pages\/1485","targetHints":{"allow":["GET"]}}],"collection":[{"href":"https:\/\/rongapartment.com\/fr\/wp-json\/wp\/v2\/pages"}],"about":[{"href":"https:\/\/rongapartment.com\/fr\/wp-json\/wp\/v2\/types\/page"}],"author":[{"embeddable":true,"href":"https:\/\/rongapartment.com\/fr\/wp-json\/wp\/v2\/users\/1"}],"replies":[{"embeddable":true,"href":"https:\/\/rongapartment.com\/fr\/wp-json\/wp\/v2\/comments?post=1485"}],"version-history":[{"count":10,"href":"https:\/\/rongapartment.com\/fr\/wp-json\/wp\/v2\/pages\/1485\/revisions"}],"predecessor-version":[{"id":2441,"href":"https:\/\/rongapartment.com\/fr\/wp-json\/wp\/v2\/pages\/1485\/revisions\/2441"}],"wp:attachment":[{"href":"https:\/\/rongapartment.com\/fr\/wp-json\/wp\/v2\/media?parent=1485"}],"curies":[{"name":"wp","href":"https:\/\/api.w.org\/{rel}","templated":true}]}}