{"id":1477,"date":"2025-08-08T08:33:08","date_gmt":"2025-08-08T08:33:08","guid":{"rendered":"https:\/\/rongapartment.com\/?page_id=1477"},"modified":"2025-08-23T13:22:01","modified_gmt":"2025-08-23T13:22:01","slug":"explorer-les-villes","status":"publish","type":"page","link":"https:\/\/rongapartment.com\/fr\/explorer-les-villes\/","title":{"rendered":"Explorer les villes"},"content":{"rendered":"<div data-elementor-type=\"wp-page\" data-elementor-id=\"1477\" class=\"elementor elementor-1477\" data-elementor-post-type=\"page\">\n\t\t\t\t<div class=\"elementor-element elementor-element-52c80d9c e-flex e-con-boxed e-con e-parent\" data-id=\"52c80d9c\" data-element_type=\"container\" data-settings=\"{&quot;background_background&quot;:&quot;classic&quot;}\">\n\t\t\t\t\t<div class=\"e-con-inner\">\n\t\t<div class=\"elementor-element elementor-element-46de2145 e-con-full e-flex e-con e-child\" data-id=\"46de2145\" data-element_type=\"container\">\n\t\t\t\t<div class=\"elementor-element elementor-element-5254679b elementor-widget elementor-widget-hfe-infocard\" data-id=\"5254679b\" data-element_type=\"widget\" data-widget_type=\"hfe-infocard.default\">\n\t\t\t\t<div class=\"elementor-widget-container\">\n\t\t\t\t\t\n\t\t<div class=\"hfe-infocard\">\n\t\t\t\t\t\t\t\t\t<div class=\"hfe-infocard-title-wrap\">\n\t\t\t\t<h1 class=\"hfe-infocard-title elementor-inline-editing\" data-elementor-setting-key=\"infocard_title\" data-elementor-inline-editing-toolbar=\"basic\" >Explorer les villes<\/h1>\t\t\t<\/div>\n\t\t\t\t\t\t<div class=\"hfe-infocard-text-wrap\">\n\t\t\t\t<div class=\"hfe-infocard-text elementor-inline-editing\" data-elementor-setting-key=\"infocard_description\" data-elementor-inline-editing-toolbar=\"advanced\">\n\t\t\t\t\tVous pouvez suivre nos traces pour explorer la ville\t\t\t\t<\/div>\n\t\t\t\t\t\t\t<\/div>\n\t\t<\/div>\n\n\t\t\t\t\t\t<\/div>\n\t\t\t\t<\/div>\n\t\t\t\t<\/div>\n\t\t\t\t\t<\/div>\n\t\t\t\t<\/div>\n\t\t<div class=\"elementor-element elementor-element-47dba10 e-grid e-con-boxed e-con e-parent\" data-id=\"47dba10\" data-element_type=\"container\">\n\t\t\t\t\t<div class=\"e-con-inner\">\n\t\t\t\t<div class=\"elementor-element elementor-element-11c9cf6 elementor-widget elementor-widget-hfe-infocard\" data-id=\"11c9cf6\" data-element_type=\"widget\" data-widget_type=\"hfe-infocard.default\">\n\t\t\t\t<div class=\"elementor-widget-container\">\n\t\t\t\t\t\n\t\t<div class=\"hfe-infocard\">\n\t\t\t\t\t\t\t\t\t<div class=\"hfe-infocard-title-wrap\">\n\t\t\t\t<h3 class=\"hfe-infocard-title elementor-inline-editing\" data-elementor-setting-key=\"infocard_title\" data-elementor-inline-editing-toolbar=\"basic\" >SHANGHAI - La ville de tous les instants<\/h3>\t\t\t<\/div>\n\t\t\t\t\t\t<div class=\"hfe-infocard-text-wrap\">\n\t\t\t\t<div class=\"hfe-infocard-text elementor-inline-editing\" data-elementor-setting-key=\"infocard_description\" data-elementor-inline-editing-toolbar=\"advanced\">\n\t\t\t\t\tShanghai est le centre international de l'\u00e9conomie, de la finance, du commerce, du transport maritime et de l'innovation scientifique et technologique de la Chine, et son statut de m\u00e9tropole internationale est remarquable. En tant que premi\u00e8re ville du delta du fleuve Yangtze, le nouveau district de Pudong est charg\u00e9 d'une mission strat\u00e9gique nationale, et la zone financi\u00e8re de Liujiazui et la zone pilote de libre-\u00e9change sont devenues des symboles de la r\u00e9forme et de l'ouverture. Le d\u00e9bit de conteneurs du port de Shanghai a \u00e9t\u00e9 class\u00e9 au premier rang mondial pendant plusieurs ann\u00e9es cons\u00e9cutives. Le centre de transport de Hongqiao et le port en eau profonde de Yangshan ont renforc\u00e9 leurs fonctions de plaque tournante. Sur le plan culturel, les b\u00e2timents du Bund et les gratte-ciel de Pudong se compl\u00e8tent, la culture de Shanghai est inclusive, la vitalit\u00e9 urbaine et les d\u00e9tails historiques coexistent. Forte de ses talents, de son capital et de son syst\u00e8me, Shanghai met tout en \u0153uvre pour construire les \"cinq centres\" et mener le d\u00e9veloppement int\u00e9gr\u00e9 du delta du fleuve Yangtze.\t\t\t\t<\/div>\n\t\t\t\t\t\t\t<div class=\"hfe-button-wrapper elementor-widget-button\">\n\t\t\t\t<a href=\"\/fr\/explorer-les-villes-shanghai\/\" class=\"elementor-button-link elementor-button elementor-size-sm\">\n\t\t\t\t\t<span class=\"elementor-button-text elementor-inline-editing\"  data-elementor-setting-key=\"infocard_button_text\" data-elementor-inline-editing-toolbar=\"none\">Cliquez ici<\/span>\n\t\t\t\t<\/a>\n\t\t\t<\/div>\n\t\t\t\t\t\t<\/div>\n\t\t<\/div>\n\n\t\t\t\t\t\t<\/div>\n\t\t\t\t<\/div>\n\t\t\t\t<div class=\"elementor-element elementor-element-dfac7eb elementor-widget elementor-widget-image\" data-id=\"dfac7eb\" data-element_type=\"widget\" data-widget_type=\"image.default\">\n\t\t\t\t<div class=\"elementor-widget-container\">\n\t\t\t\t\t\t\t\t\t\t\t\t\t\t\t<img fetchpriority=\"high\" decoding=\"async\" width=\"1024\" height=\"610\" src=\"https:\/\/rongapartment.com\/wp-content\/uploads\/2025\/08\/1-1024x610.png\" class=\"attachment-large size-large wp-image-2121\" alt=\"1\" srcset=\"https:\/\/rongapartment.com\/wp-content\/uploads\/2025\/08\/1-1024x610.png 1024w, https:\/\/rongapartment.com\/wp-content\/uploads\/2025\/08\/1-300x179.png 300w, https:\/\/rongapartment.com\/wp-content\/uploads\/2025\/08\/1-768x457.png 768w, https:\/\/rongapartment.com\/wp-content\/uploads\/2025\/08\/1-18x12.png 18w, https:\/\/rongapartment.com\/wp-content\/uploads\/2025\/08\/1-600x357.png 600w, https:\/\/rongapartment.com\/wp-content\/uploads\/2025\/08\/1.png 1080w\" sizes=\"(max-width: 1024px) 100vw, 1024px\" \/>\t\t\t\t\t\t\t\t\t\t\t\t\t\t\t<\/div>\n\t\t\t\t<\/div>\n\t\t\t\t\t<\/div>\n\t\t\t\t<\/div>\n\t\t<div class=\"elementor-element elementor-element-f21d89b e-grid e-con-boxed e-con e-parent\" data-id=\"f21d89b\" data-element_type=\"container\">\n\t\t\t\t\t<div class=\"e-con-inner\">\n\t\t\t\t<div class=\"elementor-element elementor-element-396777d elementor-widget elementor-widget-image\" data-id=\"396777d\" data-element_type=\"widget\" data-widget_type=\"image.default\">\n\t\t\t\t<div class=\"elementor-widget-container\">\n\t\t\t\t\t\t\t\t\t\t\t\t\t\t\t<img decoding=\"async\" width=\"1024\" height=\"545\" src=\"https:\/\/rongapartment.com\/wp-content\/uploads\/2025\/08\/\u5343\u5e93\u7f51_\u676d\u5dde\u591c\u666f_\u6444\u5f71\u56fe\u7f16\u53f720219891-1024x545.webp\" class=\"attachment-large size-large wp-image-1866\" alt=\"\u5343\u5e93\u7f51 \u676d\u5dde\u591c\u666f \u6444\u5f71\u56fe\u7f16\u53f720219891\" srcset=\"https:\/\/rongapartment.com\/wp-content\/uploads\/2025\/08\/\u5343\u5e93\u7f51_\u676d\u5dde\u591c\u666f_\u6444\u5f71\u56fe\u7f16\u53f720219891-1024x545.webp 1024w, https:\/\/rongapartment.com\/wp-content\/uploads\/2025\/08\/\u5343\u5e93\u7f51_\u676d\u5dde\u591c\u666f_\u6444\u5f71\u56fe\u7f16\u53f720219891-300x160.webp 300w, https:\/\/rongapartment.com\/wp-content\/uploads\/2025\/08\/\u5343\u5e93\u7f51_\u676d\u5dde\u591c\u666f_\u6444\u5f71\u56fe\u7f16\u53f720219891-768x409.webp 768w, https:\/\/rongapartment.com\/wp-content\/uploads\/2025\/08\/\u5343\u5e93\u7f51_\u676d\u5dde\u591c\u666f_\u6444\u5f71\u56fe\u7f16\u53f720219891-1536x817.webp 1536w, https:\/\/rongapartment.com\/wp-content\/uploads\/2025\/08\/\u5343\u5e93\u7f51_\u676d\u5dde\u591c\u666f_\u6444\u5f71\u56fe\u7f16\u53f720219891-2048x1089.webp 2048w, https:\/\/rongapartment.com\/wp-content\/uploads\/2025\/08\/\u5343\u5e93\u7f51_\u676d\u5dde\u591c\u666f_\u6444\u5f71\u56fe\u7f16\u53f720219891-18x10.webp 18w, https:\/\/rongapartment.com\/wp-content\/uploads\/2025\/08\/\u5343\u5e93\u7f51_\u676d\u5dde\u591c\u666f_\u6444\u5f71\u56fe\u7f16\u53f720219891-600x319.webp 600w\" sizes=\"(max-width: 1024px) 100vw, 1024px\" \/>\t\t\t\t\t\t\t\t\t\t\t\t\t\t\t<\/div>\n\t\t\t\t<\/div>\n\t\t\t\t<div class=\"elementor-element elementor-element-5d8b463 elementor-widget elementor-widget-hfe-infocard\" data-id=\"5d8b463\" data-element_type=\"widget\" data-widget_type=\"hfe-infocard.default\">\n\t\t\t\t<div class=\"elementor-widget-container\">\n\t\t\t\t\t\n\t\t<div class=\"hfe-infocard\">\n\t\t\t\t\t\t\t\t\t<div class=\"hfe-infocard-title-wrap\">\n\t\t\t\t<h3 class=\"hfe-infocard-title elementor-inline-editing\" data-elementor-setting-key=\"infocard_title\" data-elementor-inline-editing-toolbar=\"basic\" >ZHEJIANG - Le Zhejiang po\u00e9tique et pittoresque<\/h3>\t\t\t<\/div>\n\t\t\t\t\t\t<div class=\"hfe-infocard-text-wrap\">\n\t\t\t\t<div class=\"hfe-infocard-text elementor-inline-editing\" data-elementor-setting-key=\"infocard_description\" data-elementor-inline-editing-toolbar=\"advanced\">\n\t\t\t\t\tLe Zhejiang est r\u00e9put\u00e9 pour son \u00e9conomie priv\u00e9e et son \u00e9conomie num\u00e9rique. C'est une zone de d\u00e9monstration de la prosp\u00e9rit\u00e9 commune en Chine. Hangzhou, la capitale provinciale, construit un centre de commerce num\u00e9rique mondial avec Alibaba et d'autres entreprises comme noyau ; le port de Ningbo-Zhoushan se classe parmi les premiers au monde en termes de d\u00e9bit de marchandises ; le march\u00e9 des petites marchandises de Yiwu rayonne \u00e0 l'\u00e9chelle mondiale. Les magnifiques paysages du Zhejiang, le lac de l'Ouest, la montagne de Yandang et d'autres sites pittoresques, ainsi que Wuzhen, Nanxun et d'autres villes anciennes t\u00e9moignent du charme du Jiangnan. Le d\u00e9veloppement r\u00e9gional est \u00e9quilibr\u00e9 et l'\u00e9conomie du comt\u00e9 est forte. Le concept de \"l'eau verte et les montagnes vertes sont Jinshan Yinshan\" est n\u00e9 ici. La culture des hommes d'affaires du Zhejiang est tenace et innovante, ce qui permet \u00e0 la province de prendre la t\u00eate de la modernisation de l'industrie, du commerce \u00e9lectronique transfrontalier, de l'\u00e9conomie verte et d'autres domaines.\t\t\t\t<\/div>\n\t\t\t\t\t\t\t<div class=\"hfe-button-wrapper elementor-widget-button\">\n\t\t\t\t<a href=\"\/fr\/explorer-les-villes-du-zhejiang\/\" class=\"elementor-button-link elementor-button elementor-size-sm\">\n\t\t\t\t\t<span class=\"elementor-button-text elementor-inline-editing\"  data-elementor-setting-key=\"infocard_button_text\" data-elementor-inline-editing-toolbar=\"none\">Cliquez ici<\/span>\n\t\t\t\t<\/a>\n\t\t\t<\/div>\n\t\t\t\t\t\t<\/div>\n\t\t<\/div>\n\n\t\t\t\t\t\t<\/div>\n\t\t\t\t<\/div>\n\t\t\t\t\t<\/div>\n\t\t\t\t<\/div>\n\t\t<div class=\"elementor-element elementor-element-af429ad e-grid e-con-boxed e-con e-parent\" data-id=\"af429ad\" data-element_type=\"container\">\n\t\t\t\t\t<div class=\"e-con-inner\">\n\t\t\t\t<div class=\"elementor-element elementor-element-87fade4 elementor-widget elementor-widget-hfe-infocard\" data-id=\"87fade4\" data-element_type=\"widget\" data-widget_type=\"hfe-infocard.default\">\n\t\t\t\t<div class=\"elementor-widget-container\">\n\t\t\t\t\t\n\t\t<div class=\"hfe-infocard\">\n\t\t\t\t\t\t\t\t\t<div class=\"hfe-infocard-title-wrap\">\n\t\t\t\t<h3 class=\"hfe-infocard-title elementor-inline-editing\" data-elementor-setting-key=\"infocard_title\" data-elementor-inline-editing-toolbar=\"basic\" >Tourisme au Fujian - Entre montagnes et mers, le long rythme du Fujian<\/h3>\t\t\t<\/div>\n\t\t\t\t\t\t<div class=\"hfe-infocard-text-wrap\">\n\t\t\t\t<div class=\"hfe-infocard-text elementor-inline-editing\" data-elementor-setting-key=\"infocard_description\" data-elementor-inline-editing-toolbar=\"advanced\">\n\t\t\t\t\tLe Fujian est une destination pr\u00e9cieuse le long de la c\u00f4te sud-est, qui r\u00e9unit les merveilles de la montagne et de la mer avec un millier d'ann\u00e9es d'humanit\u00e9. L'\u00eele de Gulangyu \u00e0 Xiamen est litt\u00e9raire et romantique, et la brise marine sur la route du tour de l'\u00eele ; la montagne Wuyi est une pittoresque Danxia, la rivi\u00e8re Jiuqu fait du rafting, le th\u00e9 Dahongpao d\u00e9borde ; Nanjing Tulou est comme un sceau de la terre, racontant la sagesse du peuple Hakka ; L'ancien port de Quanzhou est toujours vivant, et les pagodes Est et Ouest du temple Kaiyuan ont t\u00e9moign\u00e9 de la prosp\u00e9rit\u00e9 des dynasties Song et Yuan ; la plage de Xiapu est un paradis pour les photographes avec ses ombres et lumi\u00e8res changeantes. La plage de Xiapu est un paradis pour les photographes avec ses ombres et lumi\u00e8res changeantes. Le style de p\u00eacheur des femmes Hui'an, les feux d'artifice des collations de Shaxian et le spectacle des \"larmes bleues\" de l'\u00eele de Pingtan sont autant de surprises que l'on trouve un peu partout. La culture et les paysages naturels du sud du Fujian se fondent l'un dans l'autre. Que vous cherchiez le bout de la langue ou que vous exploriez le paysage, le Fujian m\u00e9rite d'\u00eatre savour\u00e9.\t\t\t\t<\/div>\n\t\t\t\t\t\t\t<div class=\"hfe-button-wrapper elementor-widget-button\">\n\t\t\t\t<a href=\"\/fr\/explorer-les-villes-du-fujian\/\" class=\"elementor-button-link elementor-button elementor-size-sm\">\n\t\t\t\t\t<span class=\"elementor-button-text elementor-inline-editing\"  data-elementor-setting-key=\"infocard_button_text\" data-elementor-inline-editing-toolbar=\"none\">Cliquez ici<\/span>\n\t\t\t\t<\/a>\n\t\t\t<\/div>\n\t\t\t\t\t\t<\/div>\n\t\t<\/div>\n\n\t\t\t\t\t\t<\/div>\n\t\t\t\t<\/div>\n\t\t\t\t<div class=\"elementor-element elementor-element-cc04884 elementor-widget elementor-widget-image\" data-id=\"cc04884\" data-element_type=\"widget\" data-widget_type=\"image.default\">\n\t\t\t\t<div class=\"elementor-widget-container\">\n\t\t\t\t\t\t\t\t\t\t\t\t\t\t\t<img decoding=\"async\" width=\"1024\" height=\"767\" src=\"https:\/\/rongapartment.com\/wp-content\/uploads\/2025\/08\/\u5343\u5e93\u7f51_\u798f\u5efa\u6cc9\u5dde\u5927\u5f00\u5143\u5bfa\u6e05\u6668\u7f8e\u666f_\u6444\u5f71\u56fe\u7f16\u53f721188644-1-1024x767.jpg\" class=\"attachment-large size-large wp-image-1781\" alt=\"\u5343\u5e93\u7f51 \u798f\u5efa\u6cc9\u5dde\u5927\u5f00\u5143\u5bfa\u6e05\u6668\u7f8e\u666f \u6444\u5f71\u56fe\u7f16\u53f721188644\" srcset=\"https:\/\/rongapartment.com\/wp-content\/uploads\/2025\/08\/\u5343\u5e93\u7f51_\u798f\u5efa\u6cc9\u5dde\u5927\u5f00\u5143\u5bfa\u6e05\u6668\u7f8e\u666f_\u6444\u5f71\u56fe\u7f16\u53f721188644-1-1024x767.jpg 1024w, https:\/\/rongapartment.com\/wp-content\/uploads\/2025\/08\/\u5343\u5e93\u7f51_\u798f\u5efa\u6cc9\u5dde\u5927\u5f00\u5143\u5bfa\u6e05\u6668\u7f8e\u666f_\u6444\u5f71\u56fe\u7f16\u53f721188644-1-300x225.jpg 300w, https:\/\/rongapartment.com\/wp-content\/uploads\/2025\/08\/\u5343\u5e93\u7f51_\u798f\u5efa\u6cc9\u5dde\u5927\u5f00\u5143\u5bfa\u6e05\u6668\u7f8e\u666f_\u6444\u5f71\u56fe\u7f16\u53f721188644-1-768x575.jpg 768w, https:\/\/rongapartment.com\/wp-content\/uploads\/2025\/08\/\u5343\u5e93\u7f51_\u798f\u5efa\u6cc9\u5dde\u5927\u5f00\u5143\u5bfa\u6e05\u6668\u7f8e\u666f_\u6444\u5f71\u56fe\u7f16\u53f721188644-1-1536x1150.jpg 1536w, https:\/\/rongapartment.com\/wp-content\/uploads\/2025\/08\/\u5343\u5e93\u7f51_\u798f\u5efa\u6cc9\u5dde\u5927\u5f00\u5143\u5bfa\u6e05\u6668\u7f8e\u666f_\u6444\u5f71\u56fe\u7f16\u53f721188644-1-2048x1534.jpg 2048w, https:\/\/rongapartment.com\/wp-content\/uploads\/2025\/08\/\u5343\u5e93\u7f51_\u798f\u5efa\u6cc9\u5dde\u5927\u5f00\u5143\u5bfa\u6e05\u6668\u7f8e\u666f_\u6444\u5f71\u56fe\u7f16\u53f721188644-1-16x12.jpg 16w, https:\/\/rongapartment.com\/wp-content\/uploads\/2025\/08\/\u5343\u5e93\u7f51_\u798f\u5efa\u6cc9\u5dde\u5927\u5f00\u5143\u5bfa\u6e05\u6668\u7f8e\u666f_\u6444\u5f71\u56fe\u7f16\u53f721188644-1-600x449.jpg 600w\" sizes=\"(max-width: 1024px) 100vw, 1024px\" \/>\t\t\t\t\t\t\t\t\t\t\t\t\t\t\t<\/div>\n\t\t\t\t<\/div>\n\t\t\t\t\t<\/div>\n\t\t\t\t<\/div>\n\t\t<div class=\"elementor-element elementor-element-0a6d24e e-grid e-con-boxed e-con e-parent\" data-id=\"0a6d24e\" data-element_type=\"container\">\n\t\t\t\t\t<div class=\"e-con-inner\">\n\t\t\t\t<div class=\"elementor-element elementor-element-deea37c elementor-widget elementor-widget-image\" data-id=\"deea37c\" data-element_type=\"widget\" data-widget_type=\"image.default\">\n\t\t\t\t<div class=\"elementor-widget-container\">\n\t\t\t\t\t\t\t\t\t\t\t\t\t\t\t<img loading=\"lazy\" decoding=\"async\" width=\"1024\" height=\"576\" src=\"https:\/\/rongapartment.com\/wp-content\/uploads\/2025\/08\/\u5343\u5e93\u7f51_\u5e7f\u5dde\u508d\u665a\u5e7f\u5dde\u5854\u73e0\u6c5f\u822a\u62cd\u6444\u5f71\u56fe\u914d\u56fe_\u6444\u5f71\u56fe\u7f16\u53f7234088-2-1024x576.webp\" class=\"attachment-large size-large wp-image-2168\" alt=\"\u5343\u5e93\u7f51 \u5e7f\u5dde\u508d\u665a\u5e7f\u5dde\u5854\u73e0\u6c5f\u822a\u62cd\u6444\u5f71\u56fe\u914d\u56fe \u6444\u5f71\u56fe\u7f16\u53f7234088\" srcset=\"https:\/\/rongapartment.com\/wp-content\/uploads\/2025\/08\/\u5343\u5e93\u7f51_\u5e7f\u5dde\u508d\u665a\u5e7f\u5dde\u5854\u73e0\u6c5f\u822a\u62cd\u6444\u5f71\u56fe\u914d\u56fe_\u6444\u5f71\u56fe\u7f16\u53f7234088-2-1024x576.webp 1024w, https:\/\/rongapartment.com\/wp-content\/uploads\/2025\/08\/\u5343\u5e93\u7f51_\u5e7f\u5dde\u508d\u665a\u5e7f\u5dde\u5854\u73e0\u6c5f\u822a\u62cd\u6444\u5f71\u56fe\u914d\u56fe_\u6444\u5f71\u56fe\u7f16\u53f7234088-2-300x169.webp 300w, https:\/\/rongapartment.com\/wp-content\/uploads\/2025\/08\/\u5343\u5e93\u7f51_\u5e7f\u5dde\u508d\u665a\u5e7f\u5dde\u5854\u73e0\u6c5f\u822a\u62cd\u6444\u5f71\u56fe\u914d\u56fe_\u6444\u5f71\u56fe\u7f16\u53f7234088-2-768x432.webp 768w, https:\/\/rongapartment.com\/wp-content\/uploads\/2025\/08\/\u5343\u5e93\u7f51_\u5e7f\u5dde\u508d\u665a\u5e7f\u5dde\u5854\u73e0\u6c5f\u822a\u62cd\u6444\u5f71\u56fe\u914d\u56fe_\u6444\u5f71\u56fe\u7f16\u53f7234088-2-1536x864.webp 1536w, https:\/\/rongapartment.com\/wp-content\/uploads\/2025\/08\/\u5343\u5e93\u7f51_\u5e7f\u5dde\u508d\u665a\u5e7f\u5dde\u5854\u73e0\u6c5f\u822a\u62cd\u6444\u5f71\u56fe\u914d\u56fe_\u6444\u5f71\u56fe\u7f16\u53f7234088-2-2048x1152.webp 2048w, https:\/\/rongapartment.com\/wp-content\/uploads\/2025\/08\/\u5343\u5e93\u7f51_\u5e7f\u5dde\u508d\u665a\u5e7f\u5dde\u5854\u73e0\u6c5f\u822a\u62cd\u6444\u5f71\u56fe\u914d\u56fe_\u6444\u5f71\u56fe\u7f16\u53f7234088-2-18x10.webp 18w, https:\/\/rongapartment.com\/wp-content\/uploads\/2025\/08\/\u5343\u5e93\u7f51_\u5e7f\u5dde\u508d\u665a\u5e7f\u5dde\u5854\u73e0\u6c5f\u822a\u62cd\u6444\u5f71\u56fe\u914d\u56fe_\u6444\u5f71\u56fe\u7f16\u53f7234088-2-600x337.webp 600w\" sizes=\"(max-width: 1024px) 100vw, 1024px\" \/>\t\t\t\t\t\t\t\t\t\t\t\t\t\t\t<\/div>\n\t\t\t\t<\/div>\n\t\t\t\t<div class=\"elementor-element elementor-element-a09b687 elementor-widget elementor-widget-hfe-infocard\" data-id=\"a09b687\" data-element_type=\"widget\" data-widget_type=\"hfe-infocard.default\">\n\t\t\t\t<div class=\"elementor-widget-container\">\n\t\t\t\t\t\n\t\t<div class=\"hfe-infocard\">\n\t\t\t\t\t\t\t\t\t<div class=\"hfe-infocard-title-wrap\">\n\t\t\t\t<h3 class=\"hfe-infocard-title elementor-inline-editing\" data-elementor-setting-key=\"infocard_title\" data-elementor-inline-editing-toolbar=\"basic\" >GUANGDONG - Un Guangdong dynamique, heureux et paisible<\/h3>\t\t\t<\/div>\n\t\t\t\t\t\t<div class=\"hfe-infocard-text-wrap\">\n\t\t\t\t<div class=\"hfe-infocard-text elementor-inline-editing\" data-elementor-setting-key=\"infocard_description\" data-elementor-inline-editing-toolbar=\"advanced\">\n\t\t\t\t\tGuangdong est la plus grande province \u00e9conomique de Chine et le moteur principal du district de Dawan dans le Guangdong, Hong Kong et Macao. Capitale commerciale du mill\u00e9naire, Guangzhou occupe une position stable en tant que plaque tournante des transports et centre commercial. S'appuyant sur l'innovation scientifique et technologique, Shenzhen a cultiv\u00e9 Huawei, Tencent et d'autres entreprises mondiales pour construire un centre international de la science et de l'innovation. L'industrie manufacturi\u00e8re repose sur des bases solides. Le delta de la rivi\u00e8re des Perles est connu comme \"l'usine du monde\" et le volume total du commerce ext\u00e9rieur est depuis longtemps le premier du pays. La culture de Lingnan a ses propres caract\u00e9ristiques. La cuisine cantonaise traditionnelle, la danse du lion et les arcades se m\u00ealent \u00e0 la culture urbaine moderne. Pionnier de la r\u00e9forme et de l'ouverture, le Guangdong s'appuie sur des plateformes telles que la zone pilote de libre-\u00e9change et la zone de coop\u00e9ration de Qianhai pour approfondir en permanence son ouverture sur le monde ext\u00e9rieur et favoriser un d\u00e9veloppement r\u00e9gional coordonn\u00e9.\t\t\t\t<\/div>\n\t\t\t\t\t\t\t<div class=\"hfe-button-wrapper elementor-widget-button\">\n\t\t\t\t<a href=\"\/fr\/explorer-les-villes-de-guangdong\/\" class=\"elementor-button-link elementor-button elementor-size-sm\">\n\t\t\t\t\t<span class=\"elementor-button-text elementor-inline-editing\"  data-elementor-setting-key=\"infocard_button_text\" data-elementor-inline-editing-toolbar=\"none\">Cliquez ici<\/span>\n\t\t\t\t<\/a>\n\t\t\t<\/div>\n\t\t\t\t\t\t<\/div>\n\t\t<\/div>\n\n\t\t\t\t\t\t<\/div>\n\t\t\t\t<\/div>\n\t\t\t\t\t<\/div>\n\t\t\t\t<\/div>\n\t\t<div class=\"elementor-element elementor-element-4036bec1 e-flex e-con-boxed e-con e-parent\" data-id=\"4036bec1\" data-element_type=\"container\" data-settings=\"{&quot;background_background&quot;:&quot;classic&quot;}\">\n\t\t\t\t\t<div class=\"e-con-inner\">\n\t\t<div class=\"elementor-element elementor-element-4d5b8550 e-con-full e-flex e-con e-child\" data-id=\"4d5b8550\" data-element_type=\"container\">\n\t\t\t\t<div class=\"elementor-element elementor-element-12c9067a elementor-widget elementor-widget-heading\" data-id=\"12c9067a\" data-element_type=\"widget\" data-widget_type=\"heading.default\">\n\t\t\t\t<div class=\"elementor-widget-container\">\n\t\t\t\t\t<h2 class=\"elementor-heading-title elementor-size-default\">Planifiez d\u00e8s aujourd'hui une exp\u00e9rience inoubliable \u00e0 Mykonos !\n<\/h2>\t\t\t\t<\/div>\n\t\t\t\t<\/div>\n\t\t\t\t<div class=\"elementor-element elementor-element-7a62843a elementor-widget elementor-widget-text-editor\" data-id=\"7a62843a\" data-element_type=\"widget\" data-widget_type=\"text-editor.default\">\n\t\t\t\t<div class=\"elementor-widget-container\">\n\t\t\t\t\t\t\t\t\tNous pouvons vous aider \u00e0 adapter votre s\u00e9jour et votre exp\u00e9rience \u00e0 votre budget.\n\n\t\t\t\t\t\t\t\t<\/div>\n\t\t\t\t<\/div>\n\t\t\t\t<div class=\"elementor-element elementor-element-47eb5c0 elementor-widget elementor-widget-heading\" data-id=\"47eb5c0\" data-element_type=\"widget\" data-widget_type=\"heading.default\">\n\t\t\t\t<div class=\"elementor-widget-container\">\n\t\t\t\t\t<h4 class=\"elementor-heading-title elementor-size-default\">R\u00e9servez votre s\u00e9jour d\u00e8s maintenant<\/h4>\t\t\t\t<\/div>\n\t\t\t\t<\/div>\n\t\t\t\t<div class=\"elementor-element elementor-element-7d12724a elementor-align-center elementor-icon-list--layout-traditional elementor-list-item-link-full_width elementor-widget elementor-widget-icon-list\" data-id=\"7d12724a\" data-element_type=\"widget\" data-widget_type=\"icon-list.default\">\n\t\t\t\t<div class=\"elementor-widget-container\">\n\t\t\t\t\t\t\t<ul class=\"elementor-icon-list-items\">\n\t\t\t\t\t\t\t<li class=\"elementor-icon-list-item\">\n\t\t\t\t\t\t\t\t\t\t\t<span class=\"elementor-icon-list-icon\">\n\t\t\t\t\t\t\t<i aria-hidden=\"true\" class=\"fas fa-phone-alt\"><\/i>\t\t\t\t\t\t<\/span>\n\t\t\t\t\t\t\t\t\t\t<span class=\"elementor-icon-list-text\">+86-159 2155 3057<\/span>\n\t\t\t\t\t\t\t\t\t<\/li>\n\t\t\t\t\t\t<\/ul>\n\t\t\t\t\t\t<\/div>\n\t\t\t\t<\/div>\n\t\t\t\t<\/div>\n\t\t\t\t\t<\/div>\n\t\t\t\t<\/div>\n\t\t\t\t<\/div>","protected":false},"excerpt":{"rendered":"<p>Explore Cities You can follow our footsteps to explore the city SHANGHAI-City of All-Time Excitement Shanghai is China&#8217;s international economic, financial, trade, shipping and scientific and technological innovation center, and its status as an international metropolis is remarkable. As the leading city in the Yangtze River Delta, its Pudong New District bears the national strategic [&hellip;]<\/p>","protected":false},"author":1,"featured_media":0,"parent":0,"menu_order":0,"comment_status":"closed","ping_status":"closed","template":"","meta":{"site-sidebar-layout":"no-sidebar","site-content-layout":"page-builder","ast-site-content-layout":"full-width-container","site-content-style":"default","site-sidebar-style":"default","ast-global-header-display":"","ast-banner-title-visibility":"","ast-main-header-display":"","ast-hfb-above-header-display":"","ast-hfb-below-header-display":"","ast-hfb-mobile-header-display":"","site-post-title":"disabled","ast-breadcrumbs-content":"","ast-featured-img":"disabled","footer-sml-layout":"","theme-transparent-header-meta":"","adv-header-id-meta":"","stick-header-meta":"","header-above-stick-meta":"","header-main-stick-meta":"","header-below-stick-meta":"","astra-migrate-meta-layouts":"set","ast-page-background-enabled":"default","ast-page-background-meta":{"desktop":{"background-color":"","background-image":"","background-repeat":"repeat","background-position":"center center","background-size":"auto","background-attachment":"scroll","background-type":"","background-media":"","overlay-type":"","overlay-color":"","overlay-opacity":"","overlay-gradient":""},"tablet":{"background-color":"","background-image":"","background-repeat":"repeat","background-position":"center center","background-size":"auto","background-attachment":"scroll","background-type":"","background-media":"","overlay-type":"","overlay-color":"","overlay-opacity":"","overlay-gradient":""},"mobile":{"background-color":"","background-image":"","background-repeat":"repeat","background-position":"center center","background-size":"auto","background-attachment":"scroll","background-type":"","background-media":"","overlay-type":"","overlay-color":"","overlay-opacity":"","overlay-gradient":""}},"ast-content-background-meta":{"desktop":{"background-color":"var(--ast-global-color-5)","background-image":"","background-repeat":"repeat","background-position":"center center","background-size":"auto","background-attachment":"scroll","background-type":"","background-media":"","overlay-type":"","overlay-color":"","overlay-opacity":"","overlay-gradient":""},"tablet":{"background-color":"var(--ast-global-color-5)","background-image":"","background-repeat":"repeat","background-position":"center center","background-size":"auto","background-attachment":"scroll","background-type":"","background-media":"","overlay-type":"","overlay-color":"","overlay-opacity":"","overlay-gradient":""},"mobile":{"background-color":"var(--ast-global-color-5)","background-image":"","background-repeat":"repeat","background-position":"center center","background-size":"auto","background-attachment":"scroll","background-type":"","background-media":"","overlay-type":"","overlay-color":"","overlay-opacity":"","overlay-gradient":""}},"footnotes":""},"class_list":["post-1477","page","type-page","status-publish","hentry"],"_hostinger_reach_plugin_has_subscription_block":false,"_hostinger_reach_plugin_is_elementor":false,"_links":{"self":[{"href":"https:\/\/rongapartment.com\/fr\/wp-json\/wp\/v2\/pages\/1477","targetHints":{"allow":["GET"]}}],"collection":[{"href":"https:\/\/rongapartment.com\/fr\/wp-json\/wp\/v2\/pages"}],"about":[{"href":"https:\/\/rongapartment.com\/fr\/wp-json\/wp\/v2\/types\/page"}],"author":[{"embeddable":true,"href":"https:\/\/rongapartment.com\/fr\/wp-json\/wp\/v2\/users\/1"}],"replies":[{"embeddable":true,"href":"https:\/\/rongapartment.com\/fr\/wp-json\/wp\/v2\/comments?post=1477"}],"version-history":[{"count":31,"href":"https:\/\/rongapartment.com\/fr\/wp-json\/wp\/v2\/pages\/1477\/revisions"}],"predecessor-version":[{"id":2171,"href":"https:\/\/rongapartment.com\/fr\/wp-json\/wp\/v2\/pages\/1477\/revisions\/2171"}],"wp:attachment":[{"href":"https:\/\/rongapartment.com\/fr\/wp-json\/wp\/v2\/media?parent=1477"}],"curies":[{"name":"wp","href":"https:\/\/api.w.org\/{rel}","templated":true}]}}