{"id":1475,"date":"2025-08-08T08:32:47","date_gmt":"2025-08-08T08:32:47","guid":{"rendered":"https:\/\/rongapartment.com\/?page_id=1475"},"modified":"2025-09-09T11:22:18","modified_gmt":"2025-09-09T11:22:18","slug":"plus-de-services","status":"publish","type":"page","link":"https:\/\/rongapartment.com\/fr\/plus-de-services\/","title":{"rendered":"Plus de services"},"content":{"rendered":"<div data-elementor-type=\"wp-page\" data-elementor-id=\"1475\" class=\"elementor elementor-1475\" data-elementor-post-type=\"page\">\n\t\t\t\t<div class=\"elementor-element elementor-element-14c7b34c e-flex e-con-boxed e-con e-parent\" data-id=\"14c7b34c\" data-element_type=\"container\" data-settings=\"{&quot;background_background&quot;:&quot;classic&quot;}\">\n\t\t\t\t\t<div class=\"e-con-inner\">\n\t\t<div class=\"elementor-element elementor-element-d037dca e-con-full e-flex e-con e-child\" data-id=\"d037dca\" data-element_type=\"container\">\n\t\t\t\t<div class=\"elementor-element elementor-element-3c3fc7d2 elementor-widget elementor-widget-hfe-infocard\" data-id=\"3c3fc7d2\" data-element_type=\"widget\" data-widget_type=\"hfe-infocard.default\">\n\t\t\t\t<div class=\"elementor-widget-container\">\n\t\t\t\t\t\n\t\t<div class=\"hfe-infocard\">\n\t\t\t\t\t\t\t\t\t<div class=\"hfe-infocard-title-wrap\">\n\t\t\t\t<h1 class=\"hfe-infocard-title elementor-inline-editing\" data-elementor-setting-key=\"infocard_title\" data-elementor-inline-editing-toolbar=\"basic\" >Plus de services<\/h1>\t\t\t<\/div>\n\t\t\t\t\t\t<div class=\"hfe-infocard-text-wrap\">\n\t\t\t\t<div class=\"hfe-infocard-text elementor-inline-editing\" data-elementor-setting-key=\"infocard_description\" data-elementor-inline-editing-toolbar=\"advanced\">\n\t\t\t\t\tPour rendre votre voyage plus agr\u00e9able et plus pratique, nous proposons un service de r\u00e9servation d'h\u00f4tel et d'autres services connexes.\t\t\t\t<\/div>\n\t\t\t\t\t\t\t<\/div>\n\t\t<\/div>\n\n\t\t\t\t\t\t<\/div>\n\t\t\t\t<\/div>\n\t\t\t\t<\/div>\n\t\t\t\t\t<\/div>\n\t\t\t\t<\/div>\n\t\t<div class=\"elementor-element elementor-element-ebd36fa e-grid e-con-boxed e-con e-parent\" data-id=\"ebd36fa\" data-element_type=\"container\">\n\t\t\t\t\t<div class=\"e-con-inner\">\n\t\t\t\t<div class=\"elementor-element elementor-element-89034f6 elementor-widget elementor-widget-image\" data-id=\"89034f6\" data-element_type=\"widget\" data-widget_type=\"image.default\">\n\t\t\t\t<div class=\"elementor-widget-container\">\n\t\t\t\t\t\t\t\t\t\t\t\t\t\t\t<img fetchpriority=\"high\" decoding=\"async\" width=\"1024\" height=\"683\" src=\"https:\/\/rongapartment.com\/wp-content\/uploads\/2025\/09\/\u5343\u5e93\u7f51_\u4e9a\u6d32\u6e05\u6d01\u5de5\u6216\u6709\u6bdb\u5dfe\u6d17\u8863\u670d\u52a1\u7684\u5973\u6027\u9ad8\u5174\u5730\u4e3a\u8c6a\u534e\u9152\u5e97\u3001\u5bb6\u5ead\u6216\u623f\u5c4b\u6e05\u6d01\u670d\u52a1\u673a\u6784\u5de5\u4f5c\u3002_\u6444\u5f71\u56fe\u7f16\u53f716968860-1024x683.jpg\" class=\"attachment-large size-large wp-image-2273\" alt=\"la femme de m\u00e9nage asiatique avec sa serviette de toilette est heureuse de travailler pour un h\u00f4tel de luxe, une maison ou une agence de services de nettoyage. la femme de m\u00e9nage japonaise, l&#039;employ\u00e9e ou la travailleuse sourit et aide dans un appartement riche.\" srcset=\"\" sizes=\"(max-width: 1024px) 100vw, 1024px\" data-srcset=\"\" \/>\t\t\t\t\t\t\t\t\t\t\t\t\t\t\t<\/div>\n\t\t\t\t<\/div>\n\t\t\t\t<div class=\"elementor-element elementor-element-b393b7f elementor-widget elementor-widget-hfe-infocard\" data-id=\"b393b7f\" data-element_type=\"widget\" data-widget_type=\"hfe-infocard.default\">\n\t\t\t\t<div class=\"elementor-widget-container\">\n\t\t\t\t\t\n\t\t<div class=\"hfe-infocard\">\n\t\t\t\t\t\t\t\t\t<div class=\"hfe-infocard-title-wrap\">\n\t\t\t\t<h3 class=\"hfe-infocard-title elementor-inline-editing\" data-elementor-setting-key=\"infocard_title\" data-elementor-inline-editing-toolbar=\"basic\" >Service de nettoyage<\/h3>\t\t\t<\/div>\n\t\t\t\t\t\t<div class=\"hfe-infocard-text-wrap\">\n\t\t\t\t<div class=\"hfe-infocard-text elementor-inline-editing\" data-elementor-setting-key=\"infocard_description\" data-elementor-inline-editing-toolbar=\"advanced\">\n\t\t\t\t\tAm\u00e9liorez votre exp\u00e9rience de vie gr\u00e2ce \u00e0 nos services de nettoyage professionnels. Notre \u00e9quipe de sp\u00e9cialistes du nettoyage, form\u00e9s et contr\u00f4l\u00e9s, propose des solutions compl\u00e8tes de nettoyage \u00e0 domicile adapt\u00e9es \u00e0 vos besoins. Nous garantissons une exp\u00e9rience m\u00e9ticuleuse et sans tracas gr\u00e2ce \u00e0 des prix comp\u00e9titifs et \u00e0 notre engagement \u00e0 vous satisfaire pleinement. Faites-nous confiance pour vous offrir une maison impeccable afin que vous puissiez vous concentrer sur ce qui compte le plus. Pour passer une commande, veuillez contacter notre \u00e9quipe.\uff08\t\t\t\t<\/div>\n\t\t\t\t\t\t\t<div class=\"hfe-button-wrapper elementor-widget-button\">\n\t\t\t\t<a href=\"\/fr\/service-de-nettoyage\/\" class=\"elementor-button-link elementor-button elementor-size-sm\">\n\t\t\t\t\t<span class=\"elementor-button-text elementor-inline-editing\"  data-elementor-setting-key=\"infocard_button_text\" data-elementor-inline-editing-toolbar=\"none\">Nous contacter<\/span>\n\t\t\t\t<\/a>\n\t\t\t<\/div>\n\t\t\t\t\t\t<\/div>\n\t\t<\/div>\n\n\t\t\t\t\t\t<\/div>\n\t\t\t\t<\/div>\n\t\t\t\t\t<\/div>\n\t\t\t\t<\/div>\n\t\t<div class=\"elementor-element elementor-element-3220d6f e-grid e-con-boxed e-con e-parent\" data-id=\"3220d6f\" data-element_type=\"container\">\n\t\t\t\t\t<div class=\"e-con-inner\">\n\t\t\t\t<div class=\"elementor-element elementor-element-c442f7e elementor-widget elementor-widget-image\" data-id=\"c442f7e\" data-element_type=\"widget\" data-widget_type=\"image.default\">\n\t\t\t\t<div class=\"elementor-widget-container\">\n\t\t\t\t\t\t\t\t\t\t\t\t\t\t\t<img decoding=\"async\" width=\"1024\" height=\"610\" src=\"https:\/\/rongapartment.com\/wp-content\/uploads\/2025\/09\/\u5343\u5e93\u7f51_\u4e00\u675f\u7f8e\u4e3d\u7684\u9c9c\u82b1\u6444\u5f711_\u6444\u5f71\u56fe\u7f16\u53f720624656-1024x610.png\" class=\"attachment-large size-large wp-image-2296\" alt=\"\u5343\u5e93\u7f51 \u4e00\u675f\u7f8e\u4e3d\u7684\u9c9c\u82b1\u6444\u5f711 \u6444\u5f71\u56fe\u7f16\u53f720624656\" srcset=\"https:\/\/rongapartment.com\/wp-content\/uploads\/2025\/09\/\u5343\u5e93\u7f51_\u4e00\u675f\u7f8e\u4e3d\u7684\u9c9c\u82b1\u6444\u5f711_\u6444\u5f71\u56fe\u7f16\u53f720624656-1024x610.png 1024w, https:\/\/rongapartment.com\/wp-content\/uploads\/2025\/09\/\u5343\u5e93\u7f51_\u4e00\u675f\u7f8e\u4e3d\u7684\u9c9c\u82b1\u6444\u5f711_\u6444\u5f71\u56fe\u7f16\u53f720624656-300x179.png 300w, https:\/\/rongapartment.com\/wp-content\/uploads\/2025\/09\/\u5343\u5e93\u7f51_\u4e00\u675f\u7f8e\u4e3d\u7684\u9c9c\u82b1\u6444\u5f711_\u6444\u5f71\u56fe\u7f16\u53f720624656-768x457.png 768w, https:\/\/rongapartment.com\/wp-content\/uploads\/2025\/09\/\u5343\u5e93\u7f51_\u4e00\u675f\u7f8e\u4e3d\u7684\u9c9c\u82b1\u6444\u5f711_\u6444\u5f71\u56fe\u7f16\u53f720624656-18x12.png 18w, https:\/\/rongapartment.com\/wp-content\/uploads\/2025\/09\/\u5343\u5e93\u7f51_\u4e00\u675f\u7f8e\u4e3d\u7684\u9c9c\u82b1\u6444\u5f711_\u6444\u5f71\u56fe\u7f16\u53f720624656-600x357.png 600w, https:\/\/rongapartment.com\/wp-content\/uploads\/2025\/09\/\u5343\u5e93\u7f51_\u4e00\u675f\u7f8e\u4e3d\u7684\u9c9c\u82b1\u6444\u5f711_\u6444\u5f71\u56fe\u7f16\u53f720624656.png 1424w\" sizes=\"(max-width: 1024px) 100vw, 1024px\" \/>\t\t\t\t\t\t\t\t\t\t\t\t\t\t\t<\/div>\n\t\t\t\t<\/div>\n\t\t\t\t<div class=\"elementor-element elementor-element-09b7823 elementor-widget elementor-widget-hfe-infocard\" data-id=\"09b7823\" data-element_type=\"widget\" data-widget_type=\"hfe-infocard.default\">\n\t\t\t\t<div class=\"elementor-widget-container\">\n\t\t\t\t\t\n\t\t<div class=\"hfe-infocard\">\n\t\t\t\t\t\t\t\t\t<div class=\"hfe-infocard-title-wrap\">\n\t\t\t\t<h3 class=\"hfe-infocard-title elementor-inline-editing\" data-elementor-setting-key=\"infocard_title\" data-elementor-inline-editing-toolbar=\"basic\" >Livraison de fleurs<\/h3>\t\t\t<\/div>\n\t\t\t\t\t\t<div class=\"hfe-infocard-text-wrap\">\n\t\t\t\t<div class=\"hfe-infocard-text elementor-inline-editing\" data-elementor-setting-key=\"infocard_description\" data-elementor-inline-editing-toolbar=\"advanced\">\n\t\t\t\t\tNous proposons des services de livraison de fleurs exquises \u00e0 des prix comp\u00e9titifs, en veillant \u00e0 ce que chaque geste attentionn\u00e9 soit livr\u00e9 avec \u00e9l\u00e9gance et en ajoutant une touche de raffinement \u00e0 votre vie. Nos bouquets sont compos\u00e9s de fleurs de qualit\u00e9 sup\u00e9rieure soigneusement s\u00e9lectionn\u00e9es et provenant de la r\u00e9gion. Ils sont disponibles dans une vari\u00e9t\u00e9 de styles, tels que les roses romantiques et les lys frais, afin de transmettre chaleur et beaut\u00e9 par le biais d'exp\u00e9riences de cadeaux significatives. Pour passer une commande, veuillez contacter notre \u00e9quipe.\t\t\t\t<\/div>\n\t\t\t\t\t\t\t<div class=\"hfe-button-wrapper elementor-widget-button\">\n\t\t\t\t<a href=\"\/fr\/livraison-de-fleurs\/\" class=\"elementor-button-link elementor-button elementor-size-sm\">\n\t\t\t\t\t<span class=\"elementor-button-text elementor-inline-editing\"  data-elementor-setting-key=\"infocard_button_text\" data-elementor-inline-editing-toolbar=\"none\">Nous contacter<\/span>\n\t\t\t\t<\/a>\n\t\t\t<\/div>\n\t\t\t\t\t\t<\/div>\n\t\t<\/div>\n\n\t\t\t\t\t\t<\/div>\n\t\t\t\t<\/div>\n\t\t\t\t\t<\/div>\n\t\t\t\t<\/div>\n\t\t<div class=\"elementor-element elementor-element-0a7ab5b e-grid e-con-boxed e-con e-parent\" data-id=\"0a7ab5b\" data-element_type=\"container\">\n\t\t\t\t\t<div class=\"e-con-inner\">\n\t\t\t\t<div class=\"elementor-element elementor-element-4ec243c elementor-widget elementor-widget-image\" data-id=\"4ec243c\" data-element_type=\"widget\" data-widget_type=\"image.default\">\n\t\t\t\t<div class=\"elementor-widget-container\">\n\t\t\t\t\t\t\t\t\t\t\t\t\t\t\t<img decoding=\"async\" width=\"1024\" height=\"683\" src=\"https:\/\/rongapartment.com\/wp-content\/uploads\/2025\/09\/\u5343\u5e93\u7f51_\u5973\u5bfc\u6e38\u4e0e\u4e00\u7fa4\u6e38\u5ba2\u4ea4\u6d41\u3002_\u6444\u5f71\u56fe\u7f16\u53f716981288-1024x683.jpg\" class=\"attachment-large size-large wp-image-2299\" alt=\"Une femme guide communique avec un groupe de touristes.\" srcset=\"\" sizes=\"(max-width: 1024px) 100vw, 1024px\" data-srcset=\"\" \/>\t\t\t\t\t\t\t\t\t\t\t\t\t\t\t<\/div>\n\t\t\t\t<\/div>\n\t\t\t\t<div class=\"elementor-element elementor-element-11eaad9 elementor-widget elementor-widget-hfe-infocard\" data-id=\"11eaad9\" data-element_type=\"widget\" data-widget_type=\"hfe-infocard.default\">\n\t\t\t\t<div class=\"elementor-widget-container\">\n\t\t\t\t\t\n\t\t<div class=\"hfe-infocard\">\n\t\t\t\t\t\t\t\t\t<div class=\"hfe-infocard-title-wrap\">\n\t\t\t\t<h3 class=\"hfe-infocard-title elementor-inline-editing\" data-elementor-setting-key=\"infocard_title\" data-elementor-inline-editing-toolbar=\"basic\" >Guide touristique <\/h3>\t\t\t<\/div>\n\t\t\t\t\t\t<div class=\"hfe-infocard-text-wrap\">\n\t\t\t\t<div class=\"hfe-infocard-text elementor-inline-editing\" data-elementor-setting-key=\"infocard_description\" data-elementor-inline-editing-toolbar=\"advanced\">\n\t\t\t\t\tPour que votre voyage en Chine soit vraiment agr\u00e9able et enrichissant, nous sommes fiers de vous proposer notre service de guides touristiques professionnels. Notre \u00e9quipe est compos\u00e9e de guides certifi\u00e9s, comp\u00e9tents et sympathiques, passionn\u00e9s par le partage de la riche histoire et de la culture vibrante de notre pays. Ils fourniront des commentaires perspicaces, s'occuperont de toute la logistique et offriront des recommandations personnalis\u00e9es pour un voyage fluide et immersif.\t\t\t\t<\/div>\n\t\t\t\t\t\t\t<div class=\"hfe-button-wrapper elementor-widget-button\">\n\t\t\t\t<a href=\"\/fr\/guide-touristique-location-de-voiture\/\" class=\"elementor-button-link elementor-button elementor-size-sm\">\n\t\t\t\t\t<span class=\"elementor-button-text elementor-inline-editing\"  data-elementor-setting-key=\"infocard_button_text\" data-elementor-inline-editing-toolbar=\"none\">Nous contacter<\/span>\n\t\t\t\t<\/a>\n\t\t\t<\/div>\n\t\t\t\t\t\t<\/div>\n\t\t<\/div>\n\n\t\t\t\t\t\t<\/div>\n\t\t\t\t<\/div>\n\t\t\t\t\t<\/div>\n\t\t\t\t<\/div>\n\t\t<div class=\"elementor-element elementor-element-2742e03 e-grid e-con-boxed e-con e-parent\" data-id=\"2742e03\" data-element_type=\"container\">\n\t\t\t\t\t<div class=\"e-con-inner\">\n\t\t\t\t<div class=\"elementor-element elementor-element-6c3c672 elementor-widget elementor-widget-image\" data-id=\"6c3c672\" data-element_type=\"widget\" data-widget_type=\"image.default\">\n\t\t\t\t<div class=\"elementor-widget-container\">\n\t\t\t\t\t\t\t\t\t\t\t\t\t\t\t<img loading=\"lazy\" decoding=\"async\" width=\"1024\" height=\"575\" src=\"https:\/\/rongapartment.com\/wp-content\/uploads\/2025\/08\/pexels-mikebirdy-170811-1024x575.jpg\" class=\"attachment-large size-large wp-image-2055\" alt=\"pexels mikebirdy 170811\" srcset=\"https:\/\/rongapartment.com\/wp-content\/uploads\/2025\/08\/pexels-mikebirdy-170811-1024x575.jpg 1024w, https:\/\/rongapartment.com\/wp-content\/uploads\/2025\/08\/pexels-mikebirdy-170811-300x169.jpg 300w, https:\/\/rongapartment.com\/wp-content\/uploads\/2025\/08\/pexels-mikebirdy-170811-768x432.jpg 768w, https:\/\/rongapartment.com\/wp-content\/uploads\/2025\/08\/pexels-mikebirdy-170811-1536x863.jpg 1536w, https:\/\/rongapartment.com\/wp-content\/uploads\/2025\/08\/pexels-mikebirdy-170811-2048x1151.jpg 2048w, https:\/\/rongapartment.com\/wp-content\/uploads\/2025\/08\/pexels-mikebirdy-170811-18x10.jpg 18w, https:\/\/rongapartment.com\/wp-content\/uploads\/2025\/08\/pexels-mikebirdy-170811-600x337.jpg 600w\" sizes=\"(max-width: 1024px) 100vw, 1024px\" \/>\t\t\t\t\t\t\t\t\t\t\t\t\t\t\t<\/div>\n\t\t\t\t<\/div>\n\t\t\t\t<div class=\"elementor-element elementor-element-e7662e1 elementor-widget elementor-widget-hfe-infocard\" data-id=\"e7662e1\" data-element_type=\"widget\" data-widget_type=\"hfe-infocard.default\">\n\t\t\t\t<div class=\"elementor-widget-container\">\n\t\t\t\t\t\n\t\t<div class=\"hfe-infocard\">\n\t\t\t\t\t\t\t\t\t<div class=\"hfe-infocard-title-wrap\">\n\t\t\t\t<h3 class=\"hfe-infocard-title elementor-inline-editing\" data-elementor-setting-key=\"infocard_title\" data-elementor-inline-editing-toolbar=\"basic\" >Location de voitures<\/h3>\t\t\t<\/div>\n\t\t\t\t\t\t<div class=\"hfe-infocard-text-wrap\">\n\t\t\t\t<div class=\"hfe-infocard-text elementor-inline-editing\" data-elementor-setting-key=\"infocard_description\" data-elementor-inline-editing-toolbar=\"advanced\">\n\t\t\t\t\tEn outre, nous proposons des services de location de voitures pratiques et s\u00fbrs pour r\u00e9pondre \u00e0 vos divers besoins en mati\u00e8re de transport. Notre flotte de premier choix comprend des berlines \u00e9conomiques, des monospaces d'affaires et des v\u00e9hicules de luxe, tous m\u00e9ticuleusement entretenus et r\u00e9guli\u00e8rement nettoy\u00e9s. Gr\u00e2ce \u00e0 nos proc\u00e9dures simplifi\u00e9es et \u00e0 notre service de r\u00e9servation en ligne, nous vous garantissons une exp\u00e9rience de conduite confortable et sans souci pour vos voyages d'affaires, vos d\u00e9placements en famille ou vos explorations urbaines. Pour passer une commande, veuillez contacter notre \u00e9quipe.\t\t\t\t<\/div>\n\t\t\t\t\t\t\t<div class=\"hfe-button-wrapper elementor-widget-button\">\n\t\t\t\t<a href=\"\/fr\/guide-touristique-location-de-voiture\/\" class=\"elementor-button-link elementor-button elementor-size-sm\">\n\t\t\t\t\t<span class=\"elementor-button-text elementor-inline-editing\"  data-elementor-setting-key=\"infocard_button_text\" data-elementor-inline-editing-toolbar=\"none\">Nous contacter<\/span>\n\t\t\t\t<\/a>\n\t\t\t<\/div>\n\t\t\t\t\t\t<\/div>\n\t\t<\/div>\n\n\t\t\t\t\t\t<\/div>\n\t\t\t\t<\/div>\n\t\t\t\t\t<\/div>\n\t\t\t\t<\/div>\n\t\t<div class=\"elementor-element elementor-element-701d183 e-grid e-con-boxed e-con e-parent\" data-id=\"701d183\" data-element_type=\"container\">\n\t\t\t\t\t<div class=\"e-con-inner\">\n\t\t\t\t<div class=\"elementor-element elementor-element-418aa68 elementor-widget elementor-widget-image\" data-id=\"418aa68\" data-element_type=\"widget\" data-widget_type=\"image.default\">\n\t\t\t\t<div class=\"elementor-widget-container\">\n\t\t\t\t\t\t\t\t\t\t\t\t\t\t\t<img loading=\"lazy\" decoding=\"async\" width=\"1024\" height=\"1024\" src=\"https:\/\/rongapartment.com\/wp-content\/uploads\/2025\/09\/\u62db\u8058-1024x1024.gif\" class=\"attachment-large size-large wp-image-2309\" alt=\"\u62db\u8058\" srcset=\"https:\/\/rongapartment.com\/wp-content\/uploads\/2025\/09\/\u62db\u8058-1024x1024.gif.webp 1024w, https:\/\/rongapartment.com\/wp-content\/uploads\/2025\/09\/\u62db\u8058-300x300.gif.webp 300w, https:\/\/rongapartment.com\/wp-content\/uploads\/2025\/09\/\u62db\u8058-150x150.gif.webp 150w, https:\/\/rongapartment.com\/wp-content\/uploads\/2025\/09\/\u62db\u8058-768x768.gif.webp 768w, https:\/\/rongapartment.com\/wp-content\/uploads\/2025\/09\/\u62db\u8058-1536x1536.gif.webp 1536w, https:\/\/rongapartment.com\/wp-content\/uploads\/2025\/09\/\u62db\u8058-12x12.gif.webp 12w, https:\/\/rongapartment.com\/wp-content\/uploads\/2025\/09\/\u62db\u8058-600x600.gif.webp 600w, https:\/\/rongapartment.com\/wp-content\/uploads\/2025\/09\/\u62db\u8058-100x100.gif.webp 100w\" sizes=\"(max-width: 1024px) 100vw, 1024px\" \/>\t\t\t\t\t\t\t\t\t\t\t\t\t\t\t<\/div>\n\t\t\t\t<\/div>\n\t\t\t\t<div class=\"elementor-element elementor-element-b399e23 elementor-widget elementor-widget-hfe-infocard\" data-id=\"b399e23\" data-element_type=\"widget\" data-widget_type=\"hfe-infocard.default\">\n\t\t\t\t<div class=\"elementor-widget-container\">\n\t\t\t\t\t\n\t\t<div class=\"hfe-infocard\">\n\t\t\t\t\t\t\t\t\t<div class=\"hfe-infocard-title-wrap\">\n\t\t\t\t<h3 class=\"hfe-infocard-title elementor-inline-editing\" data-elementor-setting-key=\"infocard_title\" data-elementor-inline-editing-toolbar=\"basic\" >Possibilit\u00e9s d'emploi en Chine<\/h3>\t\t\t<\/div>\n\t\t\t\t\t\t<div class=\"hfe-infocard-text-wrap\">\n\t\t\t\t<div class=\"hfe-infocard-text elementor-inline-editing\" data-elementor-setting-key=\"infocard_description\" data-elementor-inline-editing-toolbar=\"advanced\">\n\t\t\t\t\tPour que votre travail et votre vie en Chine se d\u00e9roulent sans heurt et sans souci, nous partageons avec vous des informations sur le recrutement adapt\u00e9es aux professionnels internationaux, afin de vous aider \u00e0 vous installer plus facilement dans la vie ici. \t\t\t\t<\/div>\n\t\t\t\t\t\t\t<div class=\"hfe-button-wrapper elementor-widget-button\">\n\t\t\t\t<a href=\"\/fr\/opportunites-demploi-en-chine\/\" class=\"elementor-button-link elementor-button elementor-size-sm\">\n\t\t\t\t\t<span class=\"elementor-button-text elementor-inline-editing\"  data-elementor-setting-key=\"infocard_button_text\" data-elementor-inline-editing-toolbar=\"none\">Nous contacter<\/span>\n\t\t\t\t<\/a>\n\t\t\t<\/div>\n\t\t\t\t\t\t<\/div>\n\t\t<\/div>\n\n\t\t\t\t\t\t<\/div>\n\t\t\t\t<\/div>\n\t\t\t\t\t<\/div>\n\t\t\t\t<\/div>\n\t\t\t\t<\/div>","protected":false},"excerpt":{"rendered":"<p>More Service To make your trip more enjoyable and convenient, we offer a hotel reservation service and other supporting services. Cleaning Service Elevate your living experience with our professional cleaning services. Our team of trained and vetted cleaning specialists provides comprehensive home cleaning solutions tailored to your needs. We ensure a meticulous, hassle-free experience with [&hellip;]<\/p>","protected":false},"author":1,"featured_media":0,"parent":0,"menu_order":0,"comment_status":"closed","ping_status":"closed","template":"elementor_theme","meta":{"site-sidebar-layout":"no-sidebar","site-content-layout":"page-builder","ast-site-content-layout":"full-width-container","site-content-style":"default","site-sidebar-style":"default","ast-global-header-display":"","ast-banner-title-visibility":"","ast-main-header-display":"","ast-hfb-above-header-display":"","ast-hfb-below-header-display":"","ast-hfb-mobile-header-display":"","site-post-title":"disabled","ast-breadcrumbs-content":"","ast-featured-img":"disabled","footer-sml-layout":"","theme-transparent-header-meta":"","adv-header-id-meta":"","stick-header-meta":"","header-above-stick-meta":"","header-main-stick-meta":"","header-below-stick-meta":"","astra-migrate-meta-layouts":"set","ast-page-background-enabled":"default","ast-page-background-meta":{"desktop":{"background-color":"","background-image":"","background-repeat":"repeat","background-position":"center center","background-size":"auto","background-attachment":"scroll","background-type":"","background-media":"","overlay-type":"","overlay-color":"","overlay-opacity":"","overlay-gradient":""},"tablet":{"background-color":"","background-image":"","background-repeat":"repeat","background-position":"center center","background-size":"auto","background-attachment":"scroll","background-type":"","background-media":"","overlay-type":"","overlay-color":"","overlay-opacity":"","overlay-gradient":""},"mobile":{"background-color":"","background-image":"","background-repeat":"repeat","background-position":"center center","background-size":"auto","background-attachment":"scroll","background-type":"","background-media":"","overlay-type":"","overlay-color":"","overlay-opacity":"","overlay-gradient":""}},"ast-content-background-meta":{"desktop":{"background-color":"var(--ast-global-color-5)","background-image":"","background-repeat":"repeat","background-position":"center center","background-size":"auto","background-attachment":"scroll","background-type":"","background-media":"","overlay-type":"","overlay-color":"","overlay-opacity":"","overlay-gradient":""},"tablet":{"background-color":"var(--ast-global-color-5)","background-image":"","background-repeat":"repeat","background-position":"center center","background-size":"auto","background-attachment":"scroll","background-type":"","background-media":"","overlay-type":"","overlay-color":"","overlay-opacity":"","overlay-gradient":""},"mobile":{"background-color":"var(--ast-global-color-5)","background-image":"","background-repeat":"repeat","background-position":"center center","background-size":"auto","background-attachment":"scroll","background-type":"","background-media":"","overlay-type":"","overlay-color":"","overlay-opacity":"","overlay-gradient":""}},"footnotes":""},"class_list":["post-1475","page","type-page","status-publish","hentry"],"_hostinger_reach_plugin_has_subscription_block":false,"_hostinger_reach_plugin_is_elementor":false,"_links":{"self":[{"href":"https:\/\/rongapartment.com\/fr\/wp-json\/wp\/v2\/pages\/1475","targetHints":{"allow":["GET"]}}],"collection":[{"href":"https:\/\/rongapartment.com\/fr\/wp-json\/wp\/v2\/pages"}],"about":[{"href":"https:\/\/rongapartment.com\/fr\/wp-json\/wp\/v2\/types\/page"}],"author":[{"embeddable":true,"href":"https:\/\/rongapartment.com\/fr\/wp-json\/wp\/v2\/users\/1"}],"replies":[{"embeddable":true,"href":"https:\/\/rongapartment.com\/fr\/wp-json\/wp\/v2\/comments?post=1475"}],"version-history":[{"count":34,"href":"https:\/\/rongapartment.com\/fr\/wp-json\/wp\/v2\/pages\/1475\/revisions"}],"predecessor-version":[{"id":2431,"href":"https:\/\/rongapartment.com\/fr\/wp-json\/wp\/v2\/pages\/1475\/revisions\/2431"}],"wp:attachment":[{"href":"https:\/\/rongapartment.com\/fr\/wp-json\/wp\/v2\/media?parent=1475"}],"curies":[{"name":"wp","href":"https:\/\/api.w.org\/{rel}","templated":true}]}}